{"id":15181,"date":"2026-03-27T09:27:55","date_gmt":"2026-03-27T08:27:55","guid":{"rendered":"https:\/\/grill-master.shop\/gree\/produkt\/flamit-podpalka-rozpalka-do-grilla-biala-40-kostek-zestaw-9-szt\/"},"modified":"2026-03-27T09:27:55","modified_gmt":"2026-03-27T08:27:55","slug":"flamit-podpalka-rozpalka-do-grilla-biala-40-kostek-zestaw-9-szt","status":"publish","type":"product","link":"https:\/\/ogrodowyswiat24.shop\/grill\/produkt\/flamit-podpalka-rozpalka-do-grilla-biala-40-kostek-zestaw-9-szt\/","title":{"rendered":"FLAMiT Podpa\u0142ka Rozpa\u0142ka do grilla Bia\u0142a 40 KOSTEK zestaw 9 szt"},"content":{"rendered":"<div style=\"font-family: Arial, sans-serif; line-height: 1.6; color: #333; padding: 20px; clear: both; display: block; width: 100%; float: none; position: static; overflow: hidden;\">\n<div style=\"clear: both; display: block; margin: 10px 0;\">\n<div style=\"clear: both; display: block; margin: 10px 0;\">\n<div style=\"clear: both; display: block; margin: 10px 0;\">\n<h3 style=\"color: #2c5aa0; font-size: 18px; margin: 30px 0 15px 0; font-weight: bold; clear: both; display: block; width: 100%; float: none; position: static;\">Podpa\u0142ka bia\u0142a FLAMiT \u2013 40 kostek<\/h3>\n<p style=\"margin: 15px 0; line-height: 1.8; clear: both; display: block; width: 100%; float: none; position: static;\">Zapewnij sobie&nbsp;<b>niezawodne rozpalanie<\/b>&nbsp;w ka\u017cdej sytuacji z podpa\u0142k\u0105 bia\u0142\u0105 FLAMiT! Dzi\u0119ki&nbsp;<b>wysokiej kaloryczno\u015bci<\/b>&nbsp;i wyj\u0105tkowej jako\u015bci, nasza podpa\u0142ka pali si\u0119&nbsp;<b>silnym, r\u00f3wnomiernym p\u0142omieniem<\/b>, co czyni j\u0105 idealnym wyborem do&nbsp;<b>rozpalania grilla<\/b>,&nbsp;<b>piecach kaflowych<\/b>,&nbsp;<b>piecach CO<\/b>, a tak\u017ce&nbsp;<b>kominkach<\/b>.&nbsp;<b>Niezawodna<\/b>&nbsp;podczas ka\u017cdego sezonu \u2013 letniego grilla, zimowego ogrzewania, a tak\u017ce na spontaniczne spotkania przy ognisku.<\/p>\n<p style=\"margin: 15px 0; line-height: 1.8; clear: both; display: block; width: 100%; float: none; position: static;\">Dzi\u0119ki&nbsp;<b>nowoczesnej formule<\/b>&nbsp;i \u0142atwo\u015bci w u\u017cyciu, podpa\u0142ka FLAMiT pozwala zaoszcz\u0119dzi\u0107 czas i energi\u0119.&nbsp;<b>Ka\u017cda kostka<\/b>&nbsp;zapala si\u0119 b\u0142yskawicznie, daj\u0105c Ci&nbsp;<b>silny i stabilny p\u0142omie\u0144<\/b>, kt\u00f3ry utrzymuje si\u0119 przez d\u0142ugi czas, zapewniaj\u0105c&nbsp;<b>bezpieczne i efektywne rozpalanie<\/b>&nbsp;ognia. To doskona\u0142y produkt zar\u00f3wno dla&nbsp;<b>do\u015bwiadczonych u\u017cytkownik\u00f3w<\/b>, jak i dla os\u00f3b, kt\u00f3re szukaj\u0105&nbsp;<b>\u0142atwego rozwi\u0105zania<\/b>&nbsp;do rozpalenia ognia w domowych warunkach.<\/p>\n<h3 style=\"color: #2c5aa0; font-size: 18px; margin: 30px 0 15px 0; font-weight: bold; clear: both; display: block; width: 100%; float: none; position: static;\">Korzy\u015bci:<\/h3>\n<ul style=\"margin: 15px 0; padding-left: 20px; clear: both; display: block; width: 100%; float: none; position: static;\">\n<li style=\"margin: 5px 0; padding: 2px 0; clear: both; display: list-item; float: none; position: static;\"><b>Bezpieczne rozpalanie<\/b>: Podpa\u0142ka jest&nbsp;<b>\u0142atwa w u\u017cyciu<\/b>&nbsp;i&nbsp;<b>szybka<\/b>&nbsp;\u2013 wystarczy od\u0142ama\u0107 jedn\u0105 kostk\u0119, po\u0142o\u017cy\u0107 j\u0105 na palenisku i zapali\u0107. Nie musisz si\u0119 martwi\u0107 o trudno\u015bci w rozpaleniu ognia \u2013 FLAMiT rozwi\u0105zuje ten problem za Ciebie!<\/li>\n<li style=\"margin: 5px 0; padding: 2px 0; clear: both; display: list-item; float: none; position: static;\"><b>Wysoka kaloryczno\u015b\u0107<\/b>: Dzi\u0119ki jej w\u0142a\u015bciwo\u015bciom termicznym, podpa\u0142ka FLAMiT dzia\u0142a&nbsp;<b>skutecznie<\/b>&nbsp;w r\u00f3\u017cnych warunkach, nawet w wilgotnym otoczeniu.<\/li>\n<li style=\"margin: 5px 0; padding: 2px 0; clear: both; display: list-item; float: none; position: static;\"><b>Ekstremalna wydajno\u015b\u0107<\/b>: Jedna kostka zapewnia&nbsp;<b>wydajny, r\u00f3wnomierny p\u0142omie\u0144<\/b>, dzi\u0119ki czemu mo\u017cesz szybko i efektywnie rozpali\u0107 grilla, piec kaflowy czy kominek.<\/li>\n<li style=\"margin: 5px 0; padding: 2px 0; clear: both; display: list-item; float: none; position: static;\"><b>Idealna do ka\u017cdego ognia<\/b>: FLAMiT jest&nbsp;<b>niezast\u0105piona<\/b>&nbsp;zar\u00f3wno w warunkach domowych, jak i na \u015bwie\u017cym powietrzu \u2013 rozpalaj&nbsp;<b>ogniska<\/b>,&nbsp;<b>grilluj<\/b>,&nbsp;<b>u\u017cywaj piec\u00f3w<\/b>&nbsp;i&nbsp;<b>komink\u00f3w<\/b>&nbsp;z pe\u0142nym komfortem!<\/li>\n<\/ul>\n<h3 style=\"color: #2c5aa0; font-size: 18px; margin: 30px 0 15px 0; font-weight: bold; clear: both; display: block; width: 100%; float: none; position: static;\">Jak stosowa\u0107?<\/h3>\n<ol>\n<li style=\"margin: 5px 0; padding: 2px 0; clear: both; display: list-item; float: none; position: static;\">Od\u0142ama\u0107 kostk\u0119 zapalaj\u0105c\u0105 FLAMiT i umie\u015bci\u0107 j\u0105 na palenisku lub grillu.<\/li>\n<li style=\"margin: 5px 0; padding: 2px 0; clear: both; display: list-item; float: none; position: static;\">Zapali\u0107 kostk\u0119 zapalaj\u0105c\u0105 zapa\u0142kami lub zapalniczk\u0105.<\/li>\n<li style=\"margin: 5px 0; padding: 2px 0; clear: both; display: list-item; float: none; position: static;\">Nast\u0119pnie przykry\u0107 w\u0119glem, drewnem lub innym materia\u0142em opa\u0142owym, uwa\u017caj\u0105c, aby nie zadusi\u0107 p\u0142omienia.<\/li>\n<li style=\"margin: 5px 0; padding: 2px 0; clear: both; display: list-item; float: none; position: static;\">Poczeka\u0107, a\u017c podpa\u0142ka ca\u0142kowicie si\u0119 spali i paliwo zostanie pokryte popio\u0142em.&nbsp;<b>Dopiero wtedy<\/b>&nbsp;przyst\u0105p do przygotowywania potraw.<\/li>\n<\/ol>\n<p style=\"margin: 15px 0; line-height: 1.8; clear: both; display: block; width: 100%; float: none; position: static;\"><b>Opakowanie<\/b>: 40 kostek \u2013&nbsp;<b>wystarczaj\u0105co na wiele u\u017cy\u0107<\/b>!<\/p>\n<h3 style=\"color: #2c5aa0; font-size: 18px; margin: 30px 0 15px 0; font-weight: bold; clear: both; display: block; width: 100%; float: none; position: static;\">Wa\u017cne uwagi:<\/h3>\n<ul style=\"margin: 15px 0; padding-left: 20px; clear: both; display: block; width: 100%; float: none; position: static;\">\n<li style=\"margin: 5px 0; padding: 2px 0; clear: both; display: list-item; float: none; position: static;\"><b><br \/>\n","protected":false},"excerpt":{"rendered":"<p>Podpa\u0142ka bia\u0142a FLAMiT \u2013 40 kostek<\/p>\n<p>Zapewnij sobie&nbsp;niezawodne rozpalanie&nbsp;w ka\u017cdej sytuacji z podpa\u0142k\u0105 bia\u0142\u0105 FLAMiT! Dzi\u0119ki&nbsp;wysokiej kaloryczno\u015bci&nbsp;i wyj\u0105tkowej jako\u015bci, nasza podpa\u0142ka pali si\u0119&nbsp;silnym, r\u00f3wnomiernym p\u0142omieniem, co czyni j\u0105 idealnym wyborem do&nbsp;rozpalania grilla,&nbsp;piecach kaflowych,&nbsp;piecach CO, a tak\u017ce&nbsp;kominkach.&nbsp;Niezawodna&nbsp;podczas ka\u017cdego sezonu \u2013 letniego grilla, zimowego ogrzewania, a tak\u017ce na spontaniczne spotkania przy ognisku.<\/p>\n","protected":false},"featured_media":15182,"template":"","meta":{"_uag_custom_page_level_css":""},"product_brand":[801],"product_cat":[795,541,802],"product_tag":[],"class_list":{"0":"post-15181","1":"product","2":"type-product","3":"status-publish","4":"has-post-thumbnail","6":"product_brand-antoria","7":"product_cat-grillowanie","8":"product_cat-ogrod","9":"product_cat-rozpalki-i-brykiety","11":"first","12":"instock","13":"sale","14":"shipping-taxable","15":"purchasable","16":"product-type-simple"},"uagb_featured_image_src":{"full":["https:\/\/ogrodowyswiat24.shop\/grill\/wp-content\/uploads\/2026\/03\/allegro-image-15181.jpg",722,647,false],"thumbnail":["https:\/\/ogrodowyswiat24.shop\/grill\/wp-content\/uploads\/2026\/03\/allegro-image-15181-150x150.jpg",150,150,true],"medium":["https:\/\/ogrodowyswiat24.shop\/grill\/wp-content\/uploads\/2026\/03\/allegro-image-15181-300x269.jpg",300,269,true],"medium_large":["https:\/\/ogrodowyswiat24.shop\/grill\/wp-content\/uploads\/2026\/03\/allegro-image-15181.jpg",722,647,false],"large":["https:\/\/ogrodowyswiat24.shop\/grill\/wp-content\/uploads\/2026\/03\/allegro-image-15181.jpg",722,647,false],"1536x1536":["https:\/\/ogrodowyswiat24.shop\/grill\/wp-content\/uploads\/2026\/03\/allegro-image-15181.jpg",722,647,false],"2048x2048":["https:\/\/ogrodowyswiat24.shop\/grill\/wp-content\/uploads\/2026\/03\/allegro-image-15181.jpg",722,647,false],"woocommerce_thumbnail":["https:\/\/ogrodowyswiat24.shop\/grill\/wp-content\/uploads\/2026\/03\/allegro-image-15181-300x300.jpg",300,300,true],"woocommerce_single":["https:\/\/ogrodowyswiat24.shop\/grill\/wp-content\/uploads\/2026\/03\/allegro-image-15181-600x538.jpg",600,538,true],"woocommerce_gallery_thumbnail":["https:\/\/ogrodowyswiat24.shop\/grill\/wp-content\/uploads\/2026\/03\/allegro-image-15181-100x100.jpg",100,100,true]},"uagb_author_info":{"display_name":"admin","author_link":"https:\/\/ogrodowyswiat24.shop\/grill\/author\/"},"uagb_comment_info":0,"uagb_excerpt":"Podpa\u0142ka bia\u0142a FLAMiT \u2013 40 kostek Zapewnij sobie&nbsp;niezawodne rozpalanie&nbsp;w ka\u017cdej sytuacji z podpa\u0142k\u0105 bia\u0142\u0105 FLAMiT! Dzi\u0119ki&nbsp;wysokiej kaloryczno\u015bci&nbsp;i wyj\u0105tkowej jako\u015bci, nasza podpa\u0142ka pali si\u0119&nbsp;silnym, r\u00f3wnomiernym p\u0142omieniem, co czyni j\u0105 idealnym wyborem do&nbsp;rozpalania grilla,&nbsp;piecach kaflowych,&nbsp;piecach CO, a tak\u017ce&nbsp;kominkach.&nbsp;Niezawodna&nbsp;podczas ka\u017cdego sezonu \u2013 letniego grilla, zimowego ogrzewania, a tak\u017ce na spontaniczne spotkania przy ognisku.","_links":{"self":[{"href":"https:\/\/ogrodowyswiat24.shop\/grill\/wp-json\/wp\/v2\/product\/15181","targetHints":{"allow":["GET"]}}],"collection":[{"href":"https:\/\/ogrodowyswiat24.shop\/grill\/wp-json\/wp\/v2\/product"}],"about":[{"href":"https:\/\/ogrodowyswiat24.shop\/grill\/wp-json\/wp\/v2\/types\/product"}],"wp:featuredmedia":[{"embeddable":true,"href":"https:\/\/ogrodowyswiat24.shop\/grill\/wp-json\/wp\/v2\/media\/15182"}],"wp:attachment":[{"href":"https:\/\/ogrodowyswiat24.shop\/grill\/wp-json\/wp\/v2\/media?parent=15181"}],"wp:term":[{"taxonomy":"product_brand","embeddable":true,"href":"https:\/\/ogrodowyswiat24.shop\/grill\/wp-json\/wp\/v2\/product_brand?post=15181"},{"taxonomy":"product_cat","embeddable":true,"href":"https:\/\/ogrodowyswiat24.shop\/grill\/wp-json\/wp\/v2\/product_cat?post=15181"},{"taxonomy":"product_tag","embeddable":true,"href":"https:\/\/ogrodowyswiat24.shop\/grill\/wp-json\/wp\/v2\/product_tag?post=15181"}],"curies":[{"name":"wp","href":"https:\/\/api.w.org\/{rel}","templated":true}]}}