{"id":15201,"date":"2026-03-27T09:28:07","date_gmt":"2026-03-27T08:28:07","guid":{"rendered":"https:\/\/grill-master.shop\/gree\/produkt\/wodoodporny-pokrowiec-na-grill-gazowy-150x65x105cm-yato-oxford-600d-solidny\/"},"modified":"2026-03-27T09:28:07","modified_gmt":"2026-03-27T08:28:07","slug":"wodoodporny-pokrowiec-na-grill-gazowy-150x65x105cm-yato-oxford-600d-solidny","status":"publish","type":"product","link":"https:\/\/ogrodowyswiat24.shop\/grill\/produkt\/wodoodporny-pokrowiec-na-grill-gazowy-150x65x105cm-yato-oxford-600d-solidny\/","title":{"rendered":"WODOODPORNY POKROWIEC NA GRILL GAZOWY 150x65x105cm YATO OXFORD 600D SOLIDNY"},"content":{"rendered":"<div style=\"font-family: Arial, sans-serif; line-height: 1.6; color: #333; padding: 20px; clear: both; display: block; width: 100%; float: none; position: static; overflow: hidden;\">\n<div style=\"clear: both; display: block; margin: 10px 0;\">\n<div style=\"clear: both; display: block; margin: 10px 0;\">\n<div style=\"clear: both; display: block; margin: 10px 0;\">\n<h1>WODOODPORNY POKROWIEC NA GRILL GAZOWY 150x65x105cm YATO OXFORD 600D SOLIDNY<\/h1>\n<\/div>\n<\/div>\n<\/div>\n<div style=\"clear: both; display: block; margin: 10px 0;\">\n<div style=\"clear: both; display: block; margin: 10px 0;\">\n<div style=\"clear: both; display: block; margin: 10px 0;\">\n<h1>WODOODPORNY POKROWIEC NA GRILL GAZOWY 150x65x105cm YATO OXFORD 600D SOLIDNY<\/h1>\n<p style=\"margin: 15px 0; line-height: 1.8; clear: both; display: block; width: 100%; float: none; position: static;\"><b>\u2705 Wysokiej jako\u015bci pokrowiec marki Yato<\/b> pozwoli na os\u0142oni\u0119cie grilla ogrodowego przed dzia\u0142aniem niekorzystnych warunk\u00f3w atmosferycznych (deszczem, wiatrem i promieniowaniem s\u0142onecznym).<\/p>\n<p style=\"margin: 15px 0; line-height: 1.8; clear: both; display: block; width: 100%; float: none; position: static;\"><b>\u2705 <\/b>Pokrowiec wykonano z grubej tkaniny poliestrowej OXFORD 600D (240 g) pokrytej wodoodporn\u0105 pow\u0142ok\u0105 z PVC. Posiada dwa rzepy<\/p>\n<p style=\"margin: 15px 0; line-height: 1.8; clear: both; display: block; width: 100%; float: none; position: static;\"><b>\u2705 <\/b>Pokrowiec pasuje do grilla <b>99643, 99649, 99652, 99653, 99655, 99656 marki LUND<\/b> oraz nast\u0119puj\u0105cych modeli marki <b>Yato: YG-20012, YG-20013, YG-20016, YG-20017, YG-20030<\/b> a tak\u017ce grilli ogrodowych innych marek posiadaj\u0105cych zbli\u017cone gabaryty.<\/p>\n<h3 style=\"color: #2c5aa0; font-size: 18px; margin: 30px 0 15px 0; font-weight: bold; clear: both; display: block; width: 100%; float: none; position: static;\">Specyfikacja<\/h3>\n<ul style=\"margin: 15px 0; padding-left: 20px; clear: both; display: block; width: 100%; float: none; position: static;\">\n<li style=\"margin: 5px 0; padding: 2px 0; clear: both; display: list-item; float: none; position: static;\"><b>Artyku\u0142:<\/b> Pokrowiec na grille ogrodowe<\/li>\n<li style=\"margin: 5px 0; padding: 2px 0; clear: both; display: list-item; float: none; position: static;\"><b>Nr katalogowy:<\/b> YG-20051<\/li>\n<li style=\"margin: 5px 0; padding: 2px 0; clear: both; display: list-item; float: none; position: static;\"><b>Stan artyku\u0142u:<\/b> Nowy<\/li>\n<li style=\"margin: 5px 0; padding: 2px 0; clear: both; display: list-item; float: none; position: static;\"><b>Materia\u0142 wykonania:<\/b> Tkanina poliestrowa OXFORD 600D, PVC<\/li>\n<li style=\"margin: 5px 0; padding: 2px 0; clear: both; display: list-item; float: none; position: static;\"><b>Kszta\u0142t:<\/b> Trapez<\/li>\n<li style=\"margin: 5px 0; padding: 2px 0; clear: both; display: list-item; float: none; position: static;\"><b>Kolor:<\/b> Czarny<\/li>\n<li style=\"margin: 5px 0; padding: 2px 0; clear: both; display: list-item; float: none; position: static;\"><b>Wymiary roz\u0142o\u017conego pokrowca (SxGxW):<\/b> 150 x 65 x 105 cm<\/li>\n<li style=\"margin: 5px 0; padding: 2px 0; clear: both; display: list-item; float: none; position: static;\"><b>W\u0142a\u015bciwo\u015bci tkaniny:<\/b> Wodoodporno\u015b\u0107, filtr UV (zabezpiecza tkanin\u0119 przez niekorzystnym wp\u0142ywem promieniowania UV i tkanina nie b\u0119dzie przez to s\u0142absza ale przy d\u0142ugotrwa\u0142ym oddzia\u0142ywaniu s\u0142o\u0144ca na materia\u0142 kolor wyp\u0142owieje, jest to ochrona UV tkaniny a nie barwnika)<\/li>\n<li style=\"margin: 5px 0; padding: 2px 0; clear: both; display: list-item; float: none; position: static;\"><b>Pasuje m.in. do:<\/b> YG-200012, YG-20013, YG-20016, YG-20017, YG-20030 (YATO) oraz 99643, 99649, 99653, 99655, 99656 (LUND)<\/li>\n<\/ul>\n<\/div>\n<\/div>\n<div style=\"clear: both; display: block; margin: 10px 0;\">\n<div style=\"clear: both; display: block; margin: 10px 0;\">\n<div  style=\"max-width:2560px;max-height:2560px\">\n<div style=\"clear: both; display: block; margin: 10px 0;\">\n<div style=\"clear: both; width: 100%; display: block; margin: 20px 0; padding: 0; float: none; position: static; text-align: center;\"><img decoding=\"async\"  src=\"https:\/\/a.allegroimg.com\/original\/1175f9\/b5a0c5ac4a908078be782652454a\" srcset=\"https:\/\/a.allegroimg.com\/original\/1175f9\/b5a0c5ac4a908078be782652454a 360w,https:\/\/a.allegroimg.com\/original\/1175f9\/b5a0c5ac4a908078be782652454a 720w,https:\/\/a.allegroimg.com\/original\/1175f9\/b5a0c5ac4a908078be782652454a 1024w,https:\/\/a.allegroimg.com\/original\/1175f9\/b5a0c5ac4a908078be782652454a 1440w,https:\/\/a.allegroimg.com\/original\/1175f9\/b5a0c5ac4a908078be782652454a 2560w\" sizes=\"(min-width: 1200px) 560px, (min-width: 992px) 50vw, 100vw\" width=\"2560px\" alt=\"\" style=\"max-width: 100%; height: auto; display: block; margin: 0 auto;\"><\/div>\n<\/div>\n<\/div>\n<\/div>\n<\/div>\n<\/div>\n<div style=\"clear: both; display: block; margin: 10px 0;\">\n<div style=\"clear: both; display: block; margin: 10px 0;\">\n<div style=\"clear: both; display: block; margin: 10px 0;\">\n<div  style=\"max-width:1772px;max-height:1478px\">\n<div style=\"clear: both; display: block; margin: 10px 0;\">\n<div style=\"clear: both; width: 100%; display: block; margin: 20px 0; padding: 0; float: none; position: static; text-align: center;\"><img decoding=\"async\"  src=\"https:\/\/a.allegroimg.com\/original\/1138ac\/02199a544de79424a2738435307e\/WODOODPORNY-POKROWIEC-NA-GRILL-GAZOWY-150x65x105cm-YATO-OXFORD-600D-SOLIDNY\" srcset=\"https:\/\/a.allegroimg.com\/original\/1138ac\/02199a544de79424a2738435307e\/WODOODPORNY-POKROWIEC-NA-GRILL-GAZOWY-150x65x105cm-YATO-OXFORD-600D-SOLIDNY 360w,https:\/\/a.allegroimg.com\/original\/1138ac\/02199a544de79424a2738435307e\/WODOODPORNY-POKROWIEC-NA-GRILL-GAZOWY-150x65x105cm-YATO-OXFORD-600D-SOLIDNY 720w,https:\/\/a.allegroimg.com\/original\/1138ac\/02199a544de79424a2738435307e\/WODOODPORNY-POKROWIEC-NA-GRILL-GAZOWY-150x65x105cm-YATO-OXFORD-600D-SOLIDNY 1023w,https:\/\/a.allegroimg.com\/original\/1138ac\/02199a544de79424a2738435307e\/WODOODPORNY-POKROWIEC-NA-GRILL-GAZOWY-150x65x105cm-YATO-OXFORD-600D-SOLIDNY 1440w,https:\/\/a.allegroimg.com\/original\/1138ac\/02199a544de79424a2738435307e\/WODOODPORNY-POKROWIEC-NA-GRILL-GAZOWY-150x65x105cm-YATO-OXFORD-600D-SOLIDNY 1772w\" sizes=\"100vw\" width=\"1772px\" alt=\"WODOODPORNY POKROWIEC NA GRILL GAZOWY 150x65x105cm YATO OXFORD 600D SOLIDNY\" style=\"max-width: 100%; height: auto; display: block; margin: 0 auto;\"><\/div>\n<\/div>\n<\/div>\n<\/div>\n<\/div>\n<\/div>\n<div style=\"clear: both; display: block; margin: 10px 0;\">\n<div style=\"clear: both; display: block; margin: 10px 0;\">\n<div style=\"clear: both; display: block; margin: 10px 0;\">\n<div  style=\"max-width:1274px;max-height:1772px\">\n<div style=\"clear: both; display: block; margin: 10px 0;\">\n<div style=\"clear: both; width: 100%; display: block; margin: 20px 0; padding: 0; float: none; position: static; text-align: center;\"><img decoding=\"async\"  src=\"https:\/\/a.allegroimg.com\/original\/1153e1\/ec531bb244bfbdc29112d3e4cbc2\/WODOODPORNY-POKROWIEC-NA-GRILL-GAZOWY-150x65x105cm-YATO-OXFORD-600D-SOLIDNY-Producent-Yato\" srcset=\"https:\/\/a.allegroimg.com\/original\/1153e1\/ec531bb244bfbdc29112d3e4cbc2\/WODOODPORNY-POKROWIEC-NA-GRILL-GAZOWY-150x65x105cm-YATO-OXFORD-600D-SOLIDNY-Producent-Yato 258w,https:\/\/a.allegroimg.com\/original\/1153e1\/ec531bb244bfbdc29112d3e4cbc2\/WODOODPORNY-POKROWIEC-NA-GRILL-GAZOWY-150x65x105cm-YATO-OXFORD-600D-SOLIDNY-Producent-Yato 517w,https:\/\/a.allegroimg.com\/original\/1153e1\/ec531bb244bfbdc29112d3e4cbc2\/WODOODPORNY-POKROWIEC-NA-GRILL-GAZOWY-150x65x105cm-YATO-OXFORD-600D-SOLIDNY-Producent-Yato 736w,https:\/\/a.allegroimg.com\/original\/1153e1\/ec531bb244bfbdc29112d3e4cbc2\/WODOODPORNY-POKROWIEC-NA-GRILL-GAZOWY-150x65x105cm-YATO-OXFORD-600D-SOLIDNY-Producent-Yato 1035w,https:\/\/a.allegroimg.com\/original\/1153e1\/ec531bb244bfbdc29112d3e4cbc2\/WODOODPORNY-POKROWIEC-NA-GRILL-GAZOWY-150x65x105cm-YATO-OXFORD-600D-SOLIDNY-Producent-Yato 1274w\" sizes=\"100vw\" width=\"1274px\" alt=\"WODOODPORNY POKROWIEC NA GRILL GAZOWY 150x65x105cm YATO OXFORD 600D SOLIDNY Producent Yato\" style=\"max-width: 100%; height: auto; display: block; margin: 0 auto;\"><\/div>\n<\/div>\n<\/div>\n<\/div>\n<\/div>\n<\/div>\n<div style=\"clear: both; display: block; margin: 10px 0;\">\n<div style=\"clear: both; display: block; margin: 10px 0;\">\n<div style=\"clear: both; display: block; margin: 10px 0;\">\n<div  style=\"max-width:2560px;max-height:2560px\">\n<div style=\"clear: both; display: block; margin: 10px 0;\">\n<div style=\"clear: both; width: 100%; display: block; margin: 20px 0; padding: 0; float: none; position: static; text-align: center;\"><img decoding=\"async\"  src=\"https:\/\/a.allegroimg.com\/original\/110bd6\/b39ebebc4431907536aeca1351b8\/WODOODPORNY-POKROWIEC-NA-GRILL-GAZOWY-150x65x105cm-YATO-OXFORD-600D-SOLIDNY-Waga-produktu-z-opakowaniem-jednostkowym-1-4-kg\" srcset=\"https:\/\/a.allegroimg.com\/original\/110bd6\/b39ebebc4431907536aeca1351b8\/WODOODPORNY-POKROWIEC-NA-GRILL-GAZOWY-150x65x105cm-YATO-OXFORD-600D-SOLIDNY-Waga-produktu-z-opakowaniem-jednostkowym-1-4-kg 360w,https:\/\/a.allegroimg.com\/original\/110bd6\/b39ebebc4431907536aeca1351b8\/WODOODPORNY-POKROWIEC-NA-GRILL-GAZOWY-150x65x105cm-YATO-OXFORD-600D-SOLIDNY-Waga-produktu-z-opakowaniem-jednostkowym-1-4-kg 720w,https:\/\/a.allegroimg.com\/original\/110bd6\/b39ebebc4431907536aeca1351b8\/WODOODPORNY-POKROWIEC-NA-GRILL-GAZOWY-150x65x105cm-YATO-OXFORD-600D-SOLIDNY-Waga-produktu-z-opakowaniem-jednostkowym-1-4-kg 1024w,https:\/\/a.allegroimg.com\/original\/110bd6\/b39ebebc4431907536aeca1351b8\/WODOODPORNY-POKROWIEC-NA-GRILL-GAZOWY-150x65x105cm-YATO-OXFORD-600D-SOLIDNY-Waga-produktu-z-opakowaniem-jednostkowym-1-4-kg 1440w,https:\/\/a.allegroimg.com\/original\/110bd6\/b39ebebc4431907536aeca1351b8\/WODOODPORNY-POKROWIEC-NA-GRILL-GAZOWY-150x65x105cm-YATO-OXFORD-600D-SOLIDNY-Waga-produktu-z-opakowaniem-jednostkowym-1-4-kg 2560w\" sizes=\"(min-width: 1200px) 560px, (min-width: 992px) 50vw, 100vw\" width=\"2560px\" alt=\"WODOODPORNY POKROWIEC NA GRILL GAZOWY 150x65x105cm YATO OXFORD 600D SOLIDNY Waga produktu z opakowaniem jednostkowym 1.4 kg\" style=\"max-width: 100%; height: auto; display: block; margin: 0 auto;\"><\/div>\n<\/div>\n<\/div>\n<\/div>\n<\/div>\n<div style=\"clear: both; display: block; margin: 10px 0;\">\n<div style=\"clear: both; display: block; margin: 10px 0;\">\n<div  style=\"max-width:2500px;max-height:2500px\">\n<div style=\"clear: both; display: block; margin: 10px 0;\">\n<div style=\"clear: both; width: 100%; display: block; margin: 20px 0; padding: 0; float: none; position: static; text-align: center;\"><img decoding=\"async\"  src=\"https:\/\/a.allegroimg.com\/original\/113bc8\/98f61b884e69b052050016677167\/WODOODPORNY-POKROWIEC-NA-GRILL-GAZOWY-150x65x105cm-YATO-OXFORD-600D-SOLIDNY-EAN-GTIN-5906083048302\" srcset=\"https:\/\/a.allegroimg.com\/original\/113bc8\/98f61b884e69b052050016677167\/WODOODPORNY-POKROWIEC-NA-GRILL-GAZOWY-150x65x105cm-YATO-OXFORD-600D-SOLIDNY-EAN-GTIN-5906083048302 360w,https:\/\/a.allegroimg.com\/original\/113bc8\/98f61b884e69b052050016677167\/WODOODPORNY-POKROWIEC-NA-GRILL-GAZOWY-150x65x105cm-YATO-OXFORD-600D-SOLIDNY-EAN-GTIN-5906083048302 720w,https:\/\/a.allegroimg.com\/original\/113bc8\/98f61b884e69b052050016677167\/WODOODPORNY-POKROWIEC-NA-GRILL-GAZOWY-150x65x105cm-YATO-OXFORD-600D-SOLIDNY-EAN-GTIN-5906083048302 1024w,https:\/\/a.allegroimg.com\/original\/113bc8\/98f61b884e69b052050016677167\/WODOODPORNY-POKROWIEC-NA-GRILL-GAZOWY-150x65x105cm-YATO-OXFORD-600D-SOLIDNY-EAN-GTIN-5906083048302 1440w,https:\/\/a.allegroimg.com\/original\/113bc8\/98f61b884e69b052050016677167\/WODOODPORNY-POKROWIEC-NA-GRILL-GAZOWY-150x65x105cm-YATO-OXFORD-600D-SOLIDNY-EAN-GTIN-5906083048302 2500w\" sizes=\"(min-width: 1200px) 560px, (min-width: 992px) 50vw, 100vw\" width=\"2500px\" alt=\"WODOODPORNY POKROWIEC NA GRILL GAZOWY 150x65x105cm YATO OXFORD 600D SOLIDNY EAN (GTIN) 5906083048302\" style=\"max-width: 100%; height: auto; display: block; margin: 0 auto;\"><\/div>\n<\/div>\n<\/div>\n<\/div>\n<\/div>\n<\/div>\n<\/div>\n<\/div>\n<\/div>\n<div style=\"clear: both; display: block; margin: 10px 0;\">\n","protected":false},"excerpt":{"rendered":"<p>WODOODPORNY POKROWIEC NA GRILL GAZOWY 150x65x105cm YATO OXFORD 600D SOLIDNY<\/p>\n<p>WODOODPORNY POKROWIEC NA GRILL GAZOWY 150x65x105cm YATO OXFORD 600D SOLIDNY<\/p>\n<p>\u2705 Wysokiej jako\u015bci pokrowiec marki Yato pozwoli na os\u0142oni\u0119cie grilla ogrodowego przed dzia\u0142aniem niekorzystnych warunk\u00f3w atmosferycznych (deszczem, wiatrem i promieniowaniem s\u0142onecznym).<\/p>\n<p>\u2705 Pokrowiec wykonano z grubej tkaniny poliestrowej OXFORD 600D (240 g) pokrytej wodoodporn\u0105 pow\u0142ok\u0105 z PVC. Posiada dwa rzepy<\/p>\n","protected":false},"featured_media":15202,"template":"","meta":{"_uag_custom_page_level_css":""},"product_brand":[817],"product_cat":[805,795,541,809],"product_tag":[],"class_list":{"0":"post-15201","1":"product","2":"type-product","3":"status-publish","4":"has-post-thumbnail","6":"product_brand-yato","7":"product_cat-czesci-i-przybory","8":"product_cat-grillowanie","9":"product_cat-ogrod","10":"product_cat-pokrowce-na-grilla","12":"first","13":"instock","14":"sale","15":"shipping-taxable","16":"purchasable","17":"product-type-simple"},"uagb_featured_image_src":{"full":["https:\/\/ogrodowyswiat24.shop\/grill\/wp-content\/uploads\/2026\/03\/allegro-image-15201.jpg",1772,1478,false],"thumbnail":["https:\/\/ogrodowyswiat24.shop\/grill\/wp-content\/uploads\/2026\/03\/allegro-image-15201-150x150.jpg",150,150,true],"medium":["https:\/\/ogrodowyswiat24.shop\/grill\/wp-content\/uploads\/2026\/03\/allegro-image-15201-300x250.jpg",300,250,true],"medium_large":["https:\/\/ogrodowyswiat24.shop\/grill\/wp-content\/uploads\/2026\/03\/allegro-image-15201-768x641.jpg",768,641,true],"large":["https:\/\/ogrodowyswiat24.shop\/grill\/wp-content\/uploads\/2026\/03\/allegro-image-15201-1024x854.jpg",1024,854,true],"1536x1536":["https:\/\/ogrodowyswiat24.shop\/grill\/wp-content\/uploads\/2026\/03\/allegro-image-15201-1536x1281.jpg",1536,1281,true],"2048x2048":["https:\/\/ogrodowyswiat24.shop\/grill\/wp-content\/uploads\/2026\/03\/allegro-image-15201.jpg",1772,1478,false],"woocommerce_thumbnail":["https:\/\/ogrodowyswiat24.shop\/grill\/wp-content\/uploads\/2026\/03\/allegro-image-15201-300x300.jpg",300,300,true],"woocommerce_single":["https:\/\/ogrodowyswiat24.shop\/grill\/wp-content\/uploads\/2026\/03\/allegro-image-15201-600x500.jpg",600,500,true],"woocommerce_gallery_thumbnail":["https:\/\/ogrodowyswiat24.shop\/grill\/wp-content\/uploads\/2026\/03\/allegro-image-15201-100x100.jpg",100,100,true]},"uagb_author_info":{"display_name":"admin","author_link":"https:\/\/ogrodowyswiat24.shop\/grill\/author\/"},"uagb_comment_info":0,"uagb_excerpt":"WODOODPORNY POKROWIEC NA GRILL GAZOWY 150x65x105cm YATO OXFORD 600D SOLIDNY WODOODPORNY POKROWIEC NA GRILL GAZOWY 150x65x105cm YATO OXFORD 600D SOLIDNY \u2705 Wysokiej jako\u015bci pokrowiec marki Yato pozwoli na os\u0142oni\u0119cie grilla ogrodowego przed dzia\u0142aniem niekorzystnych warunk\u00f3w atmosferycznych (deszczem, wiatrem i promieniowaniem s\u0142onecznym). \u2705 Pokrowiec wykonano z grubej tkaniny poliestrowej OXFORD 600D (240 g) pokrytej wodoodporn\u0105 pow\u0142ok\u0105&hellip;","_links":{"self":[{"href":"https:\/\/ogrodowyswiat24.shop\/grill\/wp-json\/wp\/v2\/product\/15201","targetHints":{"allow":["GET"]}}],"collection":[{"href":"https:\/\/ogrodowyswiat24.shop\/grill\/wp-json\/wp\/v2\/product"}],"about":[{"href":"https:\/\/ogrodowyswiat24.shop\/grill\/wp-json\/wp\/v2\/types\/product"}],"wp:featuredmedia":[{"embeddable":true,"href":"https:\/\/ogrodowyswiat24.shop\/grill\/wp-json\/wp\/v2\/media\/15202"}],"wp:attachment":[{"href":"https:\/\/ogrodowyswiat24.shop\/grill\/wp-json\/wp\/v2\/media?parent=15201"}],"wp:term":[{"taxonomy":"product_brand","embeddable":true,"href":"https:\/\/ogrodowyswiat24.shop\/grill\/wp-json\/wp\/v2\/product_brand?post=15201"},{"taxonomy":"product_cat","embeddable":true,"href":"https:\/\/ogrodowyswiat24.shop\/grill\/wp-json\/wp\/v2\/product_cat?post=15201"},{"taxonomy":"product_tag","embeddable":true,"href":"https:\/\/ogrodowyswiat24.shop\/grill\/wp-json\/wp\/v2\/product_tag?post=15201"}],"curies":[{"name":"wp","href":"https:\/\/api.w.org\/{rel}","templated":true}]}}