{"id":15211,"date":"2026-03-27T09:28:11","date_gmt":"2026-03-27T08:28:11","guid":{"rendered":"https:\/\/grill-master.shop\/gree\/produkt\/skladany-grill-weglowy-ogrodowy-przenosny-turystyczny-walizka-ruszt-solidny\/"},"modified":"2026-03-27T09:28:11","modified_gmt":"2026-03-27T08:28:11","slug":"skladany-grill-weglowy-ogrodowy-przenosny-turystyczny-walizka-ruszt-solidny","status":"publish","type":"product","link":"https:\/\/ogrodowyswiat24.shop\/grill\/produkt\/skladany-grill-weglowy-ogrodowy-przenosny-turystyczny-walizka-ruszt-solidny\/","title":{"rendered":"SK\u0141ADANY Grill W\u0118GLOWY OGRODOWY Przeno\u015bny Turystyczny Walizka Ruszt Solidny"},"content":{"rendered":"<div style=\"font-family: Arial, sans-serif; line-height: 1.6; color: #333; padding: 20px; clear: both; display: block; width: 100%; float: none; position: static; overflow: hidden;\">\n<div style=\"clear: both; display: block; margin: 10px 0;\">\n<div style=\"clear: both; display: block; margin: 10px 0;\">\n<div style=\"clear: both; display: block; margin: 10px 0;\">\n<div  style=\"max-width:640px;max-height:639px\">\n<div style=\"clear: both; display: block; margin: 10px 0;\">\n<div style=\"clear: both; width: 100%; display: block; margin: 20px 0; padding: 0; float: none; position: static; text-align: center;\"><img decoding=\"async\"  src=\"https:\/\/a.allegroimg.com\/original\/11d0d8\/0a4e5ba343b6a76c79cf415d5ad1\/SKLADANY-Grill-WEGLOWY-OGRODOWY-Przenosny-Turystyczny-Walizka-Ruszt-Solidny\" srcset=\"https:\/\/a.allegroimg.com\/original\/11d0d8\/0a4e5ba343b6a76c79cf415d5ad1\/SKLADANY-Grill-WEGLOWY-OGRODOWY-Przenosny-Turystyczny-Walizka-Ruszt-Solidny 360w,https:\/\/a.allegroimg.com\/original\/11d0d8\/0a4e5ba343b6a76c79cf415d5ad1\/SKLADANY-Grill-WEGLOWY-OGRODOWY-Przenosny-Turystyczny-Walizka-Ruszt-Solidny 640w,https:\/\/a.allegroimg.com\/original\/11d0d8\/0a4e5ba343b6a76c79cf415d5ad1\/SKLADANY-Grill-WEGLOWY-OGRODOWY-Przenosny-Turystyczny-Walizka-Ruszt-Solidny 640w\" sizes=\"(min-width: 1200px) 560px, (min-width: 992px) 50vw, 100vw\" width=\"640px\" alt=\"SK\u0141ADANY Grill W\u0118GLOWY OGRODOWY Przeno\u015bny Turystyczny Walizka Ruszt Solidny\" style=\"max-width: 100%; height: auto; display: block; margin: 0 auto;\"><\/div>\n<\/div>\n<\/div>\n<\/div>\n<\/div>\n<div style=\"clear: both; display: block; margin: 10px 0;\">\n<div style=\"clear: both; display: block; margin: 10px 0;\">\n<h1>SK\u0141ADANY Grill W\u0118GLOWY OGRODOWY Przeno\u015bny Turystyczny Walizka Ruszt Solidny<\/h1>\n<\/div>\n<\/div>\n<\/div>\n<div style=\"clear: both; display: block; margin: 10px 0;\">\n<div style=\"clear: both; display: block; margin: 10px 0;\">\n<div style=\"clear: both; display: block; margin: 10px 0;\">\n<p style=\"margin: 15px 0; line-height: 1.8; clear: both; display: block; width: 100%; float: none; position: static;\">\u2705<b>Sk\u0142adany grill turystyczny to MUST HAVE ka\u017cdego dzia\u0142kowicza. Dzi\u0119ki mo\u017cliwo\u015bci z\u0142o\u017cenia sprawdzi si\u0119 r\u00f3wnie\u017c podczas wycieczek lub wypad\u00f3w na biwak. Ma\u0142y, b\u0142yskawicznie sk\u0142adany, bez problemu zmie\u015bci si\u0119 w baga\u017cniku ka\u017cdego auta.<\/b><\/p>\n<p style=\"margin: 15px 0; line-height: 1.8; clear: both; display: block; width: 100%; float: none; position: static;\"><b>\u2705Dzi\u0119ki szczelinom w palenisku w\u0119giel spala si\u0119 r\u00f3wnomiernie. Dodatkowo zapewniaj\u0105 one odpowiedni\u0105 cyrkulacj\u0119 powietrza podczas przyrz\u0105dzania potraw. W ten spos\u00f3b r\u00f3wnomiernie podgrzejemy jedzenie!&nbsp;<\/b><b>Konstrukcja zosta\u0142a zaprojektowana tak by grill by\u0142&nbsp;stabilny, bezpieczny i dawa\u0142 du\u017co przyjemno\u015bci z grillowania.<\/b><\/p>\n<\/div>\n<\/div>\n<div style=\"clear: both; display: block; margin: 10px 0;\">\n<div style=\"clear: both; display: block; margin: 10px 0;\">\n<div  style=\"max-width:720px;max-height:720px\">\n<div style=\"clear: both; display: block; margin: 10px 0;\">\n<div style=\"clear: both; width: 100%; display: block; margin: 20px 0; padding: 0; float: none; position: static; text-align: center;\"><img decoding=\"async\"  src=\"https:\/\/a.allegroimg.com\/original\/119925\/5f3928d544f489ce5e6fb1dab03c\/SKLADANY-Grill-WEGLOWY-OGRODOWY-Przenosny-Turystyczny-Walizka-Ruszt-Solidny-Stan-opakowania-oryginalne\" srcset=\"https:\/\/a.allegroimg.com\/original\/119925\/5f3928d544f489ce5e6fb1dab03c\/SKLADANY-Grill-WEGLOWY-OGRODOWY-Przenosny-Turystyczny-Walizka-Ruszt-Solidny-Stan-opakowania-oryginalne 360w,https:\/\/a.allegroimg.com\/original\/119925\/5f3928d544f489ce5e6fb1dab03c\/SKLADANY-Grill-WEGLOWY-OGRODOWY-Przenosny-Turystyczny-Walizka-Ruszt-Solidny-Stan-opakowania-oryginalne 720w,https:\/\/a.allegroimg.com\/original\/119925\/5f3928d544f489ce5e6fb1dab03c\/SKLADANY-Grill-WEGLOWY-OGRODOWY-Przenosny-Turystyczny-Walizka-Ruszt-Solidny-Stan-opakowania-oryginalne 720w\" sizes=\"(min-width: 1200px) 560px, (min-width: 992px) 50vw, 100vw\" width=\"720px\" alt=\"SK\u0141ADANY Grill W\u0118GLOWY OGRODOWY Przeno\u015bny Turystyczny Walizka Ruszt Solidny Stan opakowania oryginalne\" style=\"max-width: 100%; height: auto; display: block; margin: 0 auto;\"><\/div>\n<\/div>\n<\/div>\n<\/div>\n<\/div>\n<\/div>\n<div style=\"clear: both; display: block; margin: 10px 0;\">\n<div style=\"clear: both; display: block; margin: 10px 0;\">\n<div style=\"clear: both; display: block; margin: 10px 0;\">\n<p style=\"margin: 15px 0; line-height: 1.8; clear: both; display: block; width: 100%; float: none; position: static;\"><b>\u2705<\/b><b>W kilku prostych krokach mo\u017cna bez problemu go roz\u0142o\u017cy\u0107, a po z\u0142o\u017ceniu jest tak ma\u0142y, \u017ce zmie\u015bci si\u0119 w plecaku,&nbsp;a Ty b\u0119dziesz m\u00f3g\u0142 wykorzysta\u0107 zaoszcz\u0119dzone miejsce na inny potrzebny ekwipunek.<\/b><\/p>\n<h3 style=\"color: #2c5aa0; font-size: 18px; margin: 30px 0 15px 0; font-weight: bold; clear: both; display: block; width: 100%; float: none; position: static;\">Grill&nbsp;sk\u0142ada si\u0119 z pojemnika g\u0142\u00f3wnego na n\u00f3\u017ckach oraz rusztu.<\/h3>\n<h2>\u2705Specyfikacja:<\/h2>\n<ul style=\"margin: 15px 0; padding-left: 20px; clear: both; display: block; width: 100%; float: none; position: static;\">\n<li style=\"margin: 5px 0; padding: 2px 0; clear: both; display: list-item; float: none; position: static;\"><b>wymiar otwartego grilla:&nbsp;35 x 20 x 27 cm<\/b><\/li>\n<li style=\"margin: 5px 0; padding: 2px 0; clear: both; display: list-item; float: none; position: static;\"><b>wymiar zamkni\u0119tego grilla (walizka):&nbsp;35 x 27 x 6 cm<\/b><\/li>\n<li style=\"margin: 5px 0; padding: 2px 0; clear: both; display: list-item; float: none; position: static;\"><b>otwory wentylacyjne do regulacji przep\u0142ywu powietrza<\/b><\/li>\n<li style=\"margin: 5px 0; padding: 2px 0; clear: both; display: list-item; float: none; position: static;\"><b>4 sk\u0142adane,&nbsp;stabilne n\u00f3\u017cki<\/b><\/li>\n<li style=\"margin: 5px 0; padding: 2px 0; clear: both; display: list-item; float: none; position: static;\"><b>szybki monta\u017c bez u\u017cycia \u015brub i narz\u0119dzi<\/b><\/li>\n<\/ul>\n<\/div>\n<\/div>\n<div style=\"clear: both; display: block; margin: 10px 0;\">\n<div style=\"clear: both; display: block; margin: 10px 0;\">\n<div  style=\"max-width:720px;max-height:720px\">\n<div style=\"clear: both; display: block; margin: 10px 0;\">\n<div style=\"clear: both; width: 100%; display: block; margin: 20px 0; padding: 0; float: none; position: static; text-align: center;\"><img decoding=\"async\"  src=\"https:\/\/a.allegroimg.com\/original\/11be8d\/4afa4ee5471e97e1c92f6877485b\/SKLADANY-Grill-WEGLOWY-OGRODOWY-Przenosny-Turystyczny-Walizka-Ruszt-Solidny-Kod-producenta-GRILL-PRZENOSNY\" srcset=\"https:\/\/a.allegroimg.com\/original\/11be8d\/4afa4ee5471e97e1c92f6877485b\/SKLADANY-Grill-WEGLOWY-OGRODOWY-Przenosny-Turystyczny-Walizka-Ruszt-Solidny-Kod-producenta-GRILL-PRZENOSNY 360w,https:\/\/a.allegroimg.com\/original\/11be8d\/4afa4ee5471e97e1c92f6877485b\/SKLADANY-Grill-WEGLOWY-OGRODOWY-Przenosny-Turystyczny-Walizka-Ruszt-Solidny-Kod-producenta-GRILL-PRZENOSNY 720w,https:\/\/a.allegroimg.com\/original\/11be8d\/4afa4ee5471e97e1c92f6877485b\/SKLADANY-Grill-WEGLOWY-OGRODOWY-Przenosny-Turystyczny-Walizka-Ruszt-Solidny-Kod-producenta-GRILL-PRZENOSNY 720w\" sizes=\"(min-width: 1200px) 560px, (min-width: 992px) 50vw, 100vw\" width=\"720px\" alt=\"SK\u0141ADANY Grill W\u0118GLOWY OGRODOWY Przeno\u015bny Turystyczny Walizka Ruszt Solidny Kod producenta GRILL PRZENO\u015aNY\" style=\"max-width: 100%; height: auto; display: block; margin: 0 auto;\"><\/div>\n<\/div>\n<\/div>\n<\/div>\n<\/div>\n<\/div>\n<div style=\"clear: both; display: block; margin: 10px 0;\">\n<div style=\"clear: both; display: block; margin: 10px 0;\">\n<div style=\"clear: both; display: block; margin: 10px 0;\">\n<div  style=\"max-width:790px;max-height:743px\">\n<div style=\"clear: both; display: block; margin: 10px 0;\">\n<div style=\"clear: both; width: 100%; display: block; margin: 20px 0; padding: 0; float: none; position: static; text-align: center;\"><img decoding=\"async\"  src=\"https:\/\/a.allegroimg.com\/original\/112d5d\/2bc0c8a14c75b5f60463e07d77a3\/SKLADANY-Grill-WEGLOWY-OGRODOWY-Przenosny-Turystyczny-Walizka-Ruszt-Solidny-Producent-Falcon\" srcset=\"https:\/\/a.allegroimg.com\/original\/112d5d\/2bc0c8a14c75b5f60463e07d77a3\/SKLADANY-Grill-WEGLOWY-OGRODOWY-Przenosny-Turystyczny-Walizka-Ruszt-Solidny-Producent-Falcon 360w,https:\/\/a.allegroimg.com\/original\/112d5d\/2bc0c8a14c75b5f60463e07d77a3\/SKLADANY-Grill-WEGLOWY-OGRODOWY-Przenosny-Turystyczny-Walizka-Ruszt-Solidny-Producent-Falcon 720w,https:\/\/a.allegroimg.com\/original\/112d5d\/2bc0c8a14c75b5f60463e07d77a3\/SKLADANY-Grill-WEGLOWY-OGRODOWY-Przenosny-Turystyczny-Walizka-Ruszt-Solidny-Producent-Falcon 790w,https:\/\/a.allegroimg.com\/original\/112d5d\/2bc0c8a14c75b5f60463e07d77a3\/SKLADANY-Grill-WEGLOWY-OGRODOWY-Przenosny-Turystyczny-Walizka-Ruszt-Solidny-Producent-Falcon 790w\" sizes=\"(min-width: 1200px) 560px, (min-width: 992px) 50vw, 100vw\" width=\"790px\" alt=\"SK\u0141ADANY Grill W\u0118GLOWY OGRODOWY Przeno\u015bny Turystyczny Walizka Ruszt Solidny Producent Falcon\" style=\"max-width: 100%; height: auto; display: block; margin: 0 auto;\"><\/div>\n<\/div>\n<\/div>\n<\/div>\n<\/div>\n<div style=\"clear: both; display: block; margin: 10px 0;\">\n<div style=\"clear: both; display: block; margin: 10px 0;\">\n<p style=\"margin: 15px 0; line-height: 1.8; clear: both; display: block; width: 100%; float: none; position: static;\">\u2705<b>Zalety grilla przeno\u015bnego:<\/b><\/p>\n<ul style=\"margin: 15px 0; padding-left: 20px; clear: both; display: block; width: 100%; float: none; position: static;\">\n<li style=\"margin: 5px 0; padding: 2px 0; clear: both; display: list-item; float: none; position: static;\"><b>lekki i por\u0119czny<\/b><\/li>\n<\/ul>\n<ul style=\"margin: 15px 0; padding-left: 20px; clear: both; display: block; width: 100%; float: none; position: static;\">\n<li style=\"margin: 5px 0; padding: 2px 0; clear: both; display: list-item; float: none; position: static;\"><b>wykonany jest z wysokiej jako\u015bci materia\u0142u<\/b><\/li>\n<\/ul>\n<ul style=\"margin: 15px 0; padding-left: 20px; clear: both; display: block; width: 100%; float: none; position: static;\">\n<li style=\"margin: 5px 0; padding: 2px 0; clear: both; display: list-item; float: none; position: static;\"><b>przeno\u015bny i sk\u0142adany<\/b><\/li>\n<\/ul>\n<ul style=\"margin: 15px 0; padding-left: 20px; clear: both; display: block; width: 100%; float: none; position: static;\">\n<li style=\"margin: 5px 0; padding: 2px 0; clear: both; display: list-item; float: none; position: static;\"><b>proste rozk\u0142adanie bez u\u017cycia narz\u0119dzi<\/b><\/li>\n<\/ul>\n<ul style=\"margin: 15px 0; padding-left: 20px; clear: both; display: block; width: 100%; float: none; position: static;\">\n<li style=\"margin: 5px 0; padding: 2px 0; clear: both; display: list-item; float: none; position: static;\"><b>sk\u0142adane n\u00f3\u017cki<\/b><\/li>\n<\/ul>\n<ul style=\"margin: 15px 0; padding-left: 20px; clear: both; display: block; width: 100%; float: none; position: static;\">\n<li style=\"margin: 5px 0; padding: 2px 0; clear: both; display: list-item; float: none; position: static;\"><b>w\u0119glowy &#8211; \u0142atwe rozpalanie<\/b><\/li>\n<\/ul>\n<ul style=\"margin: 15px 0; padding-left: 20px; clear: both; display: block; width: 100%; float: none; position: static;\">\n<li style=\"margin: 5px 0; padding: 2px 0; clear: both; display: list-item; float: none; position: static;\"><b>zajmuje niewiele miejsca<\/b><\/li>\n<\/ul>\n<ul style=\"margin: 15px 0; padding-left: 20px; clear: both; display: block; width: 100%; float: none; position: static;\">\n<li style=\"margin: 5px 0; padding: 2px 0; clear: both; display: list-item; float: none; position: static;\"><b>wyjmowane palenisko<\/b><\/li>\n<\/ul>\n<ul style=\"margin: 15px 0; padding-left: 20px; clear: both; display: block; width: 100%; float: none; position: static;\">\n<li style=\"margin: 5px 0; padding: 2px 0; clear: both; display: list-item; float: none; position: static;\"><b>stabilnie trzyma si\u0119 pod\u0142o\u017ca<\/b><\/li>\n<\/ul>\n<ul style=\"margin: 15px 0; padding-left: 20px; clear: both; display: block; width: 100%; float: none; position: static;\">\n<li style=\"margin: 5px 0; padding: 2px 0; clear: both; display: list-item; float: none; position: static;\"><b>wielokrotnego u\u017cytku<\/b><\/li>\n<\/ul>\n<ul style=\"margin: 15px 0; padding-left: 20px; clear: both; display: block; width: 100%; float: none; position: static;\">\n<li style=\"margin: 5px 0; padding: 2px 0; clear: both; display: list-item; float: none; position: static;\"><b>sk\u0142adanka walizka<\/b><\/li>\n<\/ul>\n<\/div>\n<\/div>\n<\/div>\n<\/div>\n<\/div>\n<\/div>\n<div style=\"clear: both; display: block; margin: 10px 0;\">\n","protected":false},"excerpt":{"rendered":"<p>SK\u0141ADANY Grill W\u0118GLOWY OGRODOWY Przeno\u015bny Turystyczny Walizka Ruszt Solidny<\/p>\n<p>\u2705Sk\u0142adany grill turystyczny to MUST HAVE ka\u017cdego dzia\u0142kowicza. Dzi\u0119ki mo\u017cliwo\u015bci z\u0142o\u017cenia sprawdzi si\u0119 r\u00f3wnie\u017c podczas wycieczek lub wypad\u00f3w na biwak. Ma\u0142y, b\u0142yskawicznie sk\u0142adany, bez problemu zmie\u015bci si\u0119 w baga\u017cniku ka\u017cdego auta.<\/p>\n","protected":false},"featured_media":15212,"template":"","meta":{"_uag_custom_page_level_css":""},"product_brand":[820],"product_cat":[796,795,541],"product_tag":[],"class_list":{"0":"post-15211","1":"product","2":"type-product","3":"status-publish","4":"has-post-thumbnail","6":"product_brand-falcon","7":"product_cat-grille-weglowe","8":"product_cat-grillowanie","9":"product_cat-ogrod","11":"first","12":"instock","13":"sale","14":"shipping-taxable","15":"purchasable","16":"product-type-simple"},"uagb_featured_image_src":{"full":["https:\/\/ogrodowyswiat24.shop\/grill\/wp-content\/uploads\/2026\/03\/allegro-image-15211.jpg",640,639,false],"thumbnail":["https:\/\/ogrodowyswiat24.shop\/grill\/wp-content\/uploads\/2026\/03\/allegro-image-15211-150x150.jpg",150,150,true],"medium":["https:\/\/ogrodowyswiat24.shop\/grill\/wp-content\/uploads\/2026\/03\/allegro-image-15211-300x300.jpg",300,300,true],"medium_large":["https:\/\/ogrodowyswiat24.shop\/grill\/wp-content\/uploads\/2026\/03\/allegro-image-15211.jpg",640,639,false],"large":["https:\/\/ogrodowyswiat24.shop\/grill\/wp-content\/uploads\/2026\/03\/allegro-image-15211.jpg",640,639,false],"1536x1536":["https:\/\/ogrodowyswiat24.shop\/grill\/wp-content\/uploads\/2026\/03\/allegro-image-15211.jpg",640,639,false],"2048x2048":["https:\/\/ogrodowyswiat24.shop\/grill\/wp-content\/uploads\/2026\/03\/allegro-image-15211.jpg",640,639,false],"woocommerce_thumbnail":["https:\/\/ogrodowyswiat24.shop\/grill\/wp-content\/uploads\/2026\/03\/allegro-image-15211-300x300.jpg",300,300,true],"woocommerce_single":["https:\/\/ogrodowyswiat24.shop\/grill\/wp-content\/uploads\/2026\/03\/allegro-image-15211-600x599.jpg",600,599,true],"woocommerce_gallery_thumbnail":["https:\/\/ogrodowyswiat24.shop\/grill\/wp-content\/uploads\/2026\/03\/allegro-image-15211-100x100.jpg",100,100,true]},"uagb_author_info":{"display_name":"admin","author_link":"https:\/\/ogrodowyswiat24.shop\/grill\/author\/"},"uagb_comment_info":0,"uagb_excerpt":"SK\u0141ADANY Grill W\u0118GLOWY OGRODOWY Przeno\u015bny Turystyczny Walizka Ruszt Solidny \u2705Sk\u0142adany grill turystyczny to MUST HAVE ka\u017cdego dzia\u0142kowicza. Dzi\u0119ki mo\u017cliwo\u015bci z\u0142o\u017cenia sprawdzi si\u0119 r\u00f3wnie\u017c podczas wycieczek lub wypad\u00f3w na biwak. Ma\u0142y, b\u0142yskawicznie sk\u0142adany, bez problemu zmie\u015bci si\u0119 w baga\u017cniku ka\u017cdego auta.","_links":{"self":[{"href":"https:\/\/ogrodowyswiat24.shop\/grill\/wp-json\/wp\/v2\/product\/15211","targetHints":{"allow":["GET"]}}],"collection":[{"href":"https:\/\/ogrodowyswiat24.shop\/grill\/wp-json\/wp\/v2\/product"}],"about":[{"href":"https:\/\/ogrodowyswiat24.shop\/grill\/wp-json\/wp\/v2\/types\/product"}],"wp:featuredmedia":[{"embeddable":true,"href":"https:\/\/ogrodowyswiat24.shop\/grill\/wp-json\/wp\/v2\/media\/15212"}],"wp:attachment":[{"href":"https:\/\/ogrodowyswiat24.shop\/grill\/wp-json\/wp\/v2\/media?parent=15211"}],"wp:term":[{"taxonomy":"product_brand","embeddable":true,"href":"https:\/\/ogrodowyswiat24.shop\/grill\/wp-json\/wp\/v2\/product_brand?post=15211"},{"taxonomy":"product_cat","embeddable":true,"href":"https:\/\/ogrodowyswiat24.shop\/grill\/wp-json\/wp\/v2\/product_cat?post=15211"},{"taxonomy":"product_tag","embeddable":true,"href":"https:\/\/ogrodowyswiat24.shop\/grill\/wp-json\/wp\/v2\/product_tag?post=15211"}],"curies":[{"name":"wp","href":"https:\/\/api.w.org\/{rel}","templated":true}]}}