{"id":15215,"date":"2026-03-27T09:28:13","date_gmt":"2026-03-27T08:28:13","guid":{"rendered":"https:\/\/grill-master.shop\/gree\/produkt\/mangal-grill-walizka-na-8-szpikulec-skladany-weglowy-metal-2mm-solidny\/"},"modified":"2026-03-27T09:28:13","modified_gmt":"2026-03-27T08:28:13","slug":"mangal-grill-walizka-na-8-szpikulec-skladany-weglowy-metal-2mm-solidny","status":"publish","type":"product","link":"https:\/\/ogrodowyswiat24.shop\/grill\/produkt\/mangal-grill-walizka-na-8-szpikulec-skladany-weglowy-metal-2mm-solidny\/","title":{"rendered":"Mangal Grill Walizka Na 8 Szpikulec Sk\u0142adany W\u0119glowy Metal 2mm Solidny"},"content":{"rendered":"<div style=\"font-family: Arial, sans-serif; line-height: 1.6; color: #333; padding: 20px; clear: both; display: block; width: 100%; float: none; position: static; overflow: hidden;\">\n<div style=\"clear: both; display: block; margin: 10px 0;\">\n<div style=\"clear: both; display: block; margin: 10px 0;\">\n<div style=\"clear: both; display: block; margin: 10px 0;\">\n<h1>Mangal Grill Walizka Na 8 Szpikulec Sk\u0142adany W\u0119glowy Metal 2mm Solidny<\/h1>\n<\/div>\n<\/div>\n<\/div>\n<div style=\"clear: both; display: block; margin: 10px 0;\">\n<div style=\"clear: both; display: block; margin: 10px 0;\">\n<div style=\"clear: both; display: block; margin: 10px 0;\">\n<div  style=\"max-width:2048px;max-height:2048px\">\n<div style=\"clear: both; display: block; margin: 10px 0;\">\n<div style=\"clear: both; width: 100%; display: block; margin: 20px 0; padding: 0; float: none; position: static; text-align: center;\"><img decoding=\"async\"  src=\"https:\/\/a.allegroimg.com\/original\/114470\/566d9f1a4bc8a511e2bc5acf134e\/Mangal-Grill-Walizka-Na-8-Szpikulec-Skladany-Weglowy-Metal-2mm-Solidny-Stan-opakowania-oryginalne\" srcset=\"https:\/\/a.allegroimg.com\/original\/114470\/566d9f1a4bc8a511e2bc5acf134e\/Mangal-Grill-Walizka-Na-8-Szpikulec-Skladany-Weglowy-Metal-2mm-Solidny-Stan-opakowania-oryginalne 360w,https:\/\/a.allegroimg.com\/original\/114470\/566d9f1a4bc8a511e2bc5acf134e\/Mangal-Grill-Walizka-Na-8-Szpikulec-Skladany-Weglowy-Metal-2mm-Solidny-Stan-opakowania-oryginalne 720w,https:\/\/a.allegroimg.com\/original\/114470\/566d9f1a4bc8a511e2bc5acf134e\/Mangal-Grill-Walizka-Na-8-Szpikulec-Skladany-Weglowy-Metal-2mm-Solidny-Stan-opakowania-oryginalne 1024w,https:\/\/a.allegroimg.com\/original\/114470\/566d9f1a4bc8a511e2bc5acf134e\/Mangal-Grill-Walizka-Na-8-Szpikulec-Skladany-Weglowy-Metal-2mm-Solidny-Stan-opakowania-oryginalne 1440w,https:\/\/a.allegroimg.com\/original\/114470\/566d9f1a4bc8a511e2bc5acf134e\/Mangal-Grill-Walizka-Na-8-Szpikulec-Skladany-Weglowy-Metal-2mm-Solidny-Stan-opakowania-oryginalne 2048w\" sizes=\"(min-width: 1200px) 560px, (min-width: 992px) 50vw, 100vw\" width=\"2048px\" alt=\"Mangal Grill Walizka Na 8 Szpikulec Sk\u0142adany W\u0119glowy Metal 2mm Solidny Stan opakowania oryginalne\" style=\"max-width: 100%; height: auto; display: block; margin: 0 auto;\"><\/div>\n<\/div>\n<\/div>\n<\/div>\n<\/div>\n<div style=\"clear: both; display: block; margin: 10px 0;\">\n<div style=\"clear: both; display: block; margin: 10px 0;\">\n<h1>Doskona\u0142y grill na ka\u017cd\u0105 okazj\u0119 \u2013 Mangal Grill Walizka na 8 szpikulc\u00f3w<\/h1>\n<p style=\"margin: 15px 0; line-height: 1.8; clear: both; display: block; width: 100%; float: none; position: static;\"><b>\u2705<\/b> <b>Poznaj Mangal Grill Walizka \u2013<\/b> idealny wyb\u00f3r dla ka\u017cdego mi\u0142o\u015bnika grillowania!<\/p>\n<p style=\"margin: 15px 0; line-height: 1.8; clear: both; display: block; width: 100%; float: none; position: static;\"><b>\u2705 Ten sk\u0142adany, metalowy grill o grubo\u015bci 2 mm, <\/b>zaprojektowany w formie walizki, jest wygodny do transportu i przechowywania.<\/p>\n<p style=\"margin: 15px 0; line-height: 1.8; clear: both; display: block; width: 100%; float: none; position: static;\"><b>\u2705<\/b> <b>Wytrzyma\u0142a konstrukcja oraz \u0142atwo\u015b\u0107 obs\u0142ugi sprawiaj\u0105, <\/b>\u017ce grillowanie na \u015bwie\u017cym powietrzu stanie si\u0119 czyst\u0105 przyjemno\u015bci\u0105.<\/p>\n<p style=\"margin: 15px 0; line-height: 1.8; clear: both; display: block; width: 100%; float: none; position: static;\"><b>\u2705 To niezast\u0105piony towarzysz rodzinnych spotka\u0144, <\/b>piknik\u00f3w i wieczor\u00f3w w ogrodzie.<\/p>\n<h3 style=\"color: #2c5aa0; font-size: 18px; margin: 30px 0 15px 0; font-weight: bold; clear: both; display: block; width: 100%; float: none; position: static;\">\u27a1\ufe0fW zestawie \u0141opatka do rozpalania w\u0119gla oraz podpa\u0142ki gratis!<\/h3>\n<\/div>\n<\/div>\n<\/div>\n<div style=\"clear: both; display: block; margin: 10px 0;\">\n<div style=\"clear: both; display: block; margin: 10px 0;\">\n<div style=\"clear: both; display: block; margin: 10px 0;\">\n<div  style=\"max-width:1706px;max-height:2560px\">\n<div style=\"clear: both; display: block; margin: 10px 0;\">\n<div style=\"clear: both; width: 100%; display: block; margin: 20px 0; padding: 0; float: none; position: static; text-align: center;\"><img decoding=\"async\"  src=\"https:\/\/a.allegroimg.com\/original\/11c15b\/1316581d46568076d4bd95875525\/Mangal-Grill-Walizka-Na-8-Szpikulec-Skladany-Weglowy-Metal-2mm-Solidny-Wysokosc-grilla-52-cm\" srcset=\"https:\/\/a.allegroimg.com\/original\/11c15b\/1316581d46568076d4bd95875525\/Mangal-Grill-Walizka-Na-8-Szpikulec-Skladany-Weglowy-Metal-2mm-Solidny-Wysokosc-grilla-52-cm 239w,https:\/\/a.allegroimg.com\/original\/11c15b\/1316581d46568076d4bd95875525\/Mangal-Grill-Walizka-Na-8-Szpikulec-Skladany-Weglowy-Metal-2mm-Solidny-Wysokosc-grilla-52-cm 479w,https:\/\/a.allegroimg.com\/original\/11c15b\/1316581d46568076d4bd95875525\/Mangal-Grill-Walizka-Na-8-Szpikulec-Skladany-Weglowy-Metal-2mm-Solidny-Wysokosc-grilla-52-cm 682w,https:\/\/a.allegroimg.com\/original\/11c15b\/1316581d46568076d4bd95875525\/Mangal-Grill-Walizka-Na-8-Szpikulec-Skladany-Weglowy-Metal-2mm-Solidny-Wysokosc-grilla-52-cm 959w,https:\/\/a.allegroimg.com\/original\/11c15b\/1316581d46568076d4bd95875525\/Mangal-Grill-Walizka-Na-8-Szpikulec-Skladany-Weglowy-Metal-2mm-Solidny-Wysokosc-grilla-52-cm 1706w\" sizes=\"(min-width: 1200px) 560px, (min-width: 992px) 50vw, 100vw\" width=\"1706px\" alt=\"Mangal Grill Walizka Na 8 Szpikulec Sk\u0142adany W\u0119glowy Metal 2mm Solidny Wysoko\u015b\u0107 grilla 52 cm\" style=\"max-width: 100%; height: auto; display: block; margin: 0 auto;\"><\/div>\n<\/div>\n<\/div>\n<\/div>\n<\/div>\n<div style=\"clear: both; display: block; margin: 10px 0;\">\n<div style=\"clear: both; display: block; margin: 10px 0;\">\n<h1>G\u0142\u00f3wne zalety Mangal Grill Walizka<\/h1>\n<p style=\"margin: 15px 0; line-height: 1.8; clear: both; display: block; width: 100%; float: none; position: static;\"><b>\u25b6\ufe0f Wysokiej jako\u015bci konstrukcja<\/b>: Metal o grubo\u015bci 2 mm zapewnia trwa\u0142o\u015b\u0107 i odporno\u015b\u0107 na wysokie temperatury. Grill jest wykonany z walcowanej stali, co gwarantuje d\u0142ugowieczno\u015b\u0107 i solidno\u015b\u0107.<\/p>\n<p style=\"margin: 15px 0; line-height: 1.8; clear: both; display: block; width: 100%; float: none; position: static;\"><b>\u25b6\ufe0f Sk\u0142adana, walizkowa forma<\/b>: Kompaktowy design u\u0142atwia transport oraz przechowywanie, a praktyczna forma walizki sprawia, \u017ce grillowanie w plenerze staje si\u0119 niezwykle wygodne.<\/p>\n<p style=\"margin: 15px 0; line-height: 1.8; clear: both; display: block; width: 100%; float: none; position: static;\"><b>\u25b6\ufe0f Szybki monta\u017c i demonta\u017c<\/b>: Prosta konstrukcja umo\u017cliwia b\u0142yskawiczne rozk\u0142adanie i sk\u0142adanie grilla, dzi\u0119ki czemu mo\u017cesz zacz\u0105\u0107 grillowanie w zaledwie kilka minut.<\/p>\n<h1>\u2747\ufe0f Kup nasz wysokiej jako\u015bci grill, a w prezencie otrzymasz \u0142opatk\u0119 i podpa\u0142k\u0119!<\/h1>\n<\/div>\n<\/div>\n<\/div>\n<div style=\"clear: both; display: block; margin: 10px 0;\">\n<div style=\"clear: both; display: block; margin: 10px 0;\">\n<div style=\"clear: both; display: block; margin: 10px 0;\">\n<div  style=\"max-width:1706px;max-height:2560px\">\n<div style=\"clear: both; display: block; margin: 10px 0;\">\n<div style=\"clear: both; width: 100%; display: block; margin: 20px 0; padding: 0; float: none; position: static; text-align: center;\"><img decoding=\"async\"  src=\"https:\/\/a.allegroimg.com\/original\/11da01\/134f5b4a42c0b39cd41687db7741\/Mangal-Grill-Walizka-Na-8-Szpikulec-Skladany-Weglowy-Metal-2mm-Solidny-Glebokosc-grilla-14-cm\" srcset=\"https:\/\/a.allegroimg.com\/original\/11da01\/134f5b4a42c0b39cd41687db7741\/Mangal-Grill-Walizka-Na-8-Szpikulec-Skladany-Weglowy-Metal-2mm-Solidny-Glebokosc-grilla-14-cm 239w,https:\/\/a.allegroimg.com\/original\/11da01\/134f5b4a42c0b39cd41687db7741\/Mangal-Grill-Walizka-Na-8-Szpikulec-Skladany-Weglowy-Metal-2mm-Solidny-Glebokosc-grilla-14-cm 479w,https:\/\/a.allegroimg.com\/original\/11da01\/134f5b4a42c0b39cd41687db7741\/Mangal-Grill-Walizka-Na-8-Szpikulec-Skladany-Weglowy-Metal-2mm-Solidny-Glebokosc-grilla-14-cm 682w,https:\/\/a.allegroimg.com\/original\/11da01\/134f5b4a42c0b39cd41687db7741\/Mangal-Grill-Walizka-Na-8-Szpikulec-Skladany-Weglowy-Metal-2mm-Solidny-Glebokosc-grilla-14-cm 959w,https:\/\/a.allegroimg.com\/original\/11da01\/134f5b4a42c0b39cd41687db7741\/Mangal-Grill-Walizka-Na-8-Szpikulec-Skladany-Weglowy-Metal-2mm-Solidny-Glebokosc-grilla-14-cm 1706w\" sizes=\"(min-width: 1200px) 560px, (min-width: 992px) 50vw, 100vw\" width=\"1706px\" alt=\"Mangal Grill Walizka Na 8 Szpikulec Sk\u0142adany W\u0119glowy Metal 2mm Solidny G\u0142\u0119boko\u015b\u0107 grilla 14 cm\" style=\"max-width: 100%; height: auto; display: block; margin: 0 auto;\"><\/div>\n<\/div>\n<\/div>\n<\/div>\n<\/div>\n<div style=\"clear: both; display: block; margin: 10px 0;\">\n<div style=\"clear: both; display: block; margin: 10px 0;\">\n<h1>Specyfikacja techniczna Mangal Grill<\/h1>\n<p style=\"margin: 15px 0; line-height: 1.8; clear: both; display: block; width: 100%; float: none; position: static;\"><b>\u2714\ufe0f Materia\u0142<\/b>: Stal walcowana na gor\u0105co<\/p>\n<p style=\"margin: 15px 0; line-height: 1.8; clear: both; display: block; width: 100%; float: none; position: static;\"><b>\u2714\ufe0f Grubo\u015b\u0107 stali<\/b>: 2,0 mm<\/p>\n<p style=\"margin: 15px 0; line-height: 1.8; clear: both; display: block; width: 100%; float: none; position: static;\"><b>\u2714\ufe0f Waga<\/b>: 6 kg<\/p>\n<p style=\"margin: 15px 0; line-height: 1.8; clear: both; display: block; width: 100%; float: none; position: static;\"><b>\u2714\ufe0f G\u0142\u0119boko\u015b\u0107 paleniska<\/b>: 14 cm<\/p>\n<p style=\"margin: 15px 0; line-height: 1.8; clear: both; display: block; width: 100%; float: none; position: static;\"><b>\u2714\ufe0f Zasilanie<\/b>: W\u0119glow<\/p>\n<h3 style=\"color: #2c5aa0; font-size: 18px; margin: 30px 0 15px 0; font-weight: bold; clear: both; display: block; width: 100%; float: none; position: static;\">\u2714\ufe0f Dwa poziomy ustawienia szpikulc\u00f3w<\/h3>\n<p style=\"margin: 15px 0; line-height: 1.8; clear: both; display: block; width: 100%; float: none; position: static;\"><b>\u2714\ufe0f Rozmiar w stanie z\u0142o\u017conym<\/b>:<\/p>\n<ul style=\"margin: 15px 0; padding-left: 20px; clear: both; display: block; width: 100%; float: none; position: static;\">\n<li style=\"margin: 5px 0; padding: 2px 0; clear: both; display: list-item; float: none; position: static;\">D\u0142ugo\u015b\u0107: 44 cm<\/li>\n<li style=\"margin: 5px 0; padding: 2px 0; clear: both; display: list-item; float: none; position: static;\">Szeroko\u015b\u0107: 29 cm<\/li>\n<li style=\"margin: 5px 0; padding: 2px 0; clear: both; display: list-item; float: none; position: static;\">Wysoko\u015b\u0107: 5 cm<\/li>\n<\/ul>\n<p style=\"margin: 15px 0; line-height: 1.8; clear: both; display: block; width: 100%; float: none; position: static;\"><b>\u2714\ufe0f Rozmiar w stanie roz\u0142o\u017conym<\/b>:<\/p>\n<ul style=\"margin: 15px 0; padding-left: 20px; clear: both; display: block; width: 100%; float: none; position: static;\">\n<li style=\"margin: 5px 0; padding: 2px 0; clear: both; display: list-item; float: none; position: static;\">D\u0142ugo\u015b\u0107: 44 cm<\/li>\n<li style=\"margin: 5px 0; padding: 2px 0; clear: both; display: list-item; float: none; position: static;\">Szeroko\u015b\u0107: 34 cm<\/li>\n<li style=\"margin: 5px 0; padding: 2px 0; clear: both; display: list-item; float: none; position: static;\">Wysoko\u015b\u0107: 54 cm<\/li>\n<\/ul>\n<p style=\"margin: 15px 0; line-height: 1.8; clear: both; display: block; width: 100%; float: none; position: static;\"><b>\u2705<\/b> <b>Dzi\u0119ki Mangal Grill Walizka, ka\u017cde spotkanie na \u015bwie\u017cym powietrzu stanie si\u0119 prawdziw\u0105 uczt\u0105. Grilluj\u0105c na w\u0119glu drzewnym, zyskasz niezapomniane smaki, <\/b>a solidna konstrukcja sprawi, \u017ce b\u0119dziesz cieszy\u0107 si\u0119 grillowaniem przez wiele lat.<\/p>\n<p style=\"margin: 15px 0; line-height: 1.8; clear: both; display: block; width: 100%; float: none; position: static;\"><b>\u26a0\ufe0f Uwaga! &#8211;&nbsp;<\/b><b>Szpikulce oraz ruszt nie wchodz\u0105 w sk\u0142ad zestawu, ale mo\u017cna je dokupi\u0107 w innych naszych ofertach.&nbsp; <\/b><b>-Etui oraz pomalowanie&nbsp; nie wchodz\u0105 w sk\u0142ad zestawu, ale mo\u017cna je dokupi\u0107 w innych naszych ofertach.<\/b><\/p>\n<\/div>\n<\/div>\n<\/div>\n<div style=\"clear: both; display: block; margin: 10px 0;\">\n<div style=\"clear: both; display: block; margin: 10px 0;\">\n<div style=\"clear: both; display: block; margin: 10px 0;\">\n<div  style=\"max-width:2048px;max-height:2048px\">\n<div style=\"clear: both; display: block; margin: 10px 0;\">\n<div style=\"clear: both; width: 100%; display: block; margin: 20px 0; padding: 0; float: none; position: static; text-align: center;\"><img decoding=\"async\"  src=\"https:\/\/a.allegroimg.com\/original\/11522a\/a9a4d0124d00b1284d5295fc09ed\/Mangal-Grill-Walizka-Na-8-Szpikulec-Skladany-Weglowy-Metal-2mm-Solidny-EAN-GTIN-5907022742695\" srcset=\"https:\/\/a.allegroimg.com\/original\/11522a\/a9a4d0124d00b1284d5295fc09ed\/Mangal-Grill-Walizka-Na-8-Szpikulec-Skladany-Weglowy-Metal-2mm-Solidny-EAN-GTIN-5907022742695 360w,https:\/\/a.allegroimg.com\/original\/11522a\/a9a4d0124d00b1284d5295fc09ed\/Mangal-Grill-Walizka-Na-8-Szpikulec-Skladany-Weglowy-Metal-2mm-Solidny-EAN-GTIN-5907022742695 720w,https:\/\/a.allegroimg.com\/original\/11522a\/a9a4d0124d00b1284d5295fc09ed\/Mangal-Grill-Walizka-Na-8-Szpikulec-Skladany-Weglowy-Metal-2mm-Solidny-EAN-GTIN-5907022742695 1024w,https:\/\/a.allegroimg.com\/original\/11522a\/a9a4d0124d00b1284d5295fc09ed\/Mangal-Grill-Walizka-Na-8-Szpikulec-Skladany-Weglowy-Metal-2mm-Solidny-EAN-GTIN-5907022742695 1440w,https:\/\/a.allegroimg.com\/original\/11522a\/a9a4d0124d00b1284d5295fc09ed\/Mangal-Grill-Walizka-Na-8-Szpikulec-Skladany-Weglowy-Metal-2mm-Solidny-EAN-GTIN-5907022742695 2048w\" sizes=\"(min-width: 1200px) 560px, (min-width: 992px) 50vw, 100vw\" width=\"2048px\" alt=\"Mangal Grill Walizka Na 8 Szpikulec Sk\u0142adany W\u0119glowy Metal 2mm Solidny EAN (GTIN) 5907022742695\" style=\"max-width: 100%; height: auto; display: block; margin: 0 auto;\"><\/div>\n<\/div>\n<\/div>\n<\/div>\n<\/div>\n<div style=\"clear: both; display: block; margin: 10px 0;\">\n<div style=\"clear: both; display: block; margin: 10px 0;\">\n<h1>Jak najlepiej wykorzysta\u0107 Mangal Grill?<\/h1>\n<p style=\"margin: 15px 0; line-height: 1.8; clear: both; display: block; width: 100%; float: none; position: static;\"><b>\u2714\ufe0f<\/b> <b>Mangal Grill Walizka idealnie sprawdzi si\u0119 do przygotowania r\u00f3\u017cnorodnych da\u0144 na \u015bwie\u017cym powietrzu \u2013 od tradycyjnych kebab\u00f3w po warzywa i mi\u0119sa.<\/b> Dzi\u0119ki dw\u00f3m poziomom ustawienia szpikulc\u00f3w, grill pozwala na precyzyjne grillowanie r\u00f3\u017cnych potraw, zapewniaj\u0105c perfekcyjnie wypieczone dania.<\/p>\n<ol>\n<li style=\"margin: 5px 0; padding: 2px 0; clear: both; display: list-item; float: none; position: static;\"><b>Grillowanie kebab\u00f3w i szasz\u0142yk\u00f3w<\/b>: Dzi\u0119ki szerokiej powierzchni grillowania, mo\u017cesz przygotowa\u0107 r\u00f3wnomiernie wypieczone kebaby, szasz\u0142yki oraz inne specja\u0142y.<\/li>\n<li style=\"margin: 5px 0; padding: 2px 0; clear: both; display: list-item; float: none; position: static;\"><b>Grillowanie warzyw i mi\u0119sa<\/b>: Wszechstronna konstrukcja pozwala na grillowanie r\u00f3\u017cnorodnych potraw, kt\u00f3re zachowaj\u0105 sw\u00f3j naturalny smak i aromat.<\/li>\n<\/ol>\n<\/div>\n<\/div>\n<\/div>\n<div style=\"clear: both; display: block; margin: 10px 0;\">\n<div style=\"clear: both; display: block; margin: 10px 0;\">\n<div style=\"clear: both; display: block; margin: 10px 0;\">\n<div  style=\"max-width:2048px;max-height:2048px\">\n<div style=\"clear: both; display: block; margin: 10px 0;\">\n<div style=\"clear: both; width: 100%; display: block; margin: 20px 0; padding: 0; float: none; position: static; text-align: center;\"><img decoding=\"async\"  src=\"https:\/\/a.allegroimg.com\/original\/11c8a2\/0c8505aa44a4957728ce340ac30b\/Mangal-Grill-Walizka-Na-8-Szpikulec-Skladany-Weglowy-Metal-2mm-Solidny-Szerokosc-rusztu-34-cm\" srcset=\"https:\/\/a.allegroimg.com\/original\/11c8a2\/0c8505aa44a4957728ce340ac30b\/Mangal-Grill-Walizka-Na-8-Szpikulec-Skladany-Weglowy-Metal-2mm-Solidny-Szerokosc-rusztu-34-cm 360w,https:\/\/a.allegroimg.com\/original\/11c8a2\/0c8505aa44a4957728ce340ac30b\/Mangal-Grill-Walizka-Na-8-Szpikulec-Skladany-Weglowy-Metal-2mm-Solidny-Szerokosc-rusztu-34-cm 720w,https:\/\/a.allegroimg.com\/original\/11c8a2\/0c8505aa44a4957728ce340ac30b\/Mangal-Grill-Walizka-Na-8-Szpikulec-Skladany-Weglowy-Metal-2mm-Solidny-Szerokosc-rusztu-34-cm 1024w,https:\/\/a.allegroimg.com\/original\/11c8a2\/0c8505aa44a4957728ce340ac30b\/Mangal-Grill-Walizka-Na-8-Szpikulec-Skladany-Weglowy-Metal-2mm-Solidny-Szerokosc-rusztu-34-cm 1440w,https:\/\/a.allegroimg.com\/original\/11c8a2\/0c8505aa44a4957728ce340ac30b\/Mangal-Grill-Walizka-Na-8-Szpikulec-Skladany-Weglowy-Metal-2mm-Solidny-Szerokosc-rusztu-34-cm 2048w\" sizes=\"(min-width: 1200px) 560px, (min-width: 992px) 50vw, 100vw\" width=\"2048px\" alt=\"Mangal Grill Walizka Na 8 Szpikulec Sk\u0142adany W\u0119glowy Metal 2mm Solidny Szeroko\u015b\u0107 rusztu 34 cm\" style=\"max-width: 100%; height: auto; display: block; margin: 0 auto;\"><\/div>\n<\/div>\n<\/div>\n<\/div>\n<\/div>\n<div style=\"clear: both; display: block; margin: 10px 0;\">\n<div style=\"clear: both; display: block; margin: 10px 0;\">\n<div  style=\"max-width:2560px;max-height:2560px\">\n<div style=\"clear: both; display: block; margin: 10px 0;\">\n<div style=\"clear: both; width: 100%; display: block; margin: 20px 0; padding: 0; float: none; position: static; text-align: center;\"><img decoding=\"async\"  src=\"https:\/\/a.allegroimg.com\/original\/115c31\/2492d7884c618d602168a5b4f106\/Mangal-Grill-Walizka-Na-8-Szpikulec-Skladany-Weglowy-Metal-2mm-Solidny-Dlugosc-rusztu-46-cm\" srcset=\"https:\/\/a.allegroimg.com\/original\/115c31\/2492d7884c618d602168a5b4f106\/Mangal-Grill-Walizka-Na-8-Szpikulec-Skladany-Weglowy-Metal-2mm-Solidny-Dlugosc-rusztu-46-cm 360w,https:\/\/a.allegroimg.com\/original\/115c31\/2492d7884c618d602168a5b4f106\/Mangal-Grill-Walizka-Na-8-Szpikulec-Skladany-Weglowy-Metal-2mm-Solidny-Dlugosc-rusztu-46-cm 720w,https:\/\/a.allegroimg.com\/original\/115c31\/2492d7884c618d602168a5b4f106\/Mangal-Grill-Walizka-Na-8-Szpikulec-Skladany-Weglowy-Metal-2mm-Solidny-Dlugosc-rusztu-46-cm 1024w,https:\/\/a.allegroimg.com\/original\/115c31\/2492d7884c618d602168a5b4f106\/Mangal-Grill-Walizka-Na-8-Szpikulec-Skladany-Weglowy-Metal-2mm-Solidny-Dlugosc-rusztu-46-cm 1440w,https:\/\/a.allegroimg.com\/original\/115c31\/2492d7884c618d602168a5b4f106\/Mangal-Grill-Walizka-Na-8-Szpikulec-Skladany-Weglowy-Metal-2mm-Solidny-Dlugosc-rusztu-46-cm 2560w\" sizes=\"(min-width: 1200px) 560px, (min-width: 992px) 50vw, 100vw\" width=\"2560px\" alt=\"Mangal Grill Walizka Na 8 Szpikulec Sk\u0142adany W\u0119glowy Metal 2mm Solidny D\u0142ugo\u015b\u0107 rusztu 46 cm\" style=\"max-width: 100%; height: auto; display: block; margin: 0 auto;\"><\/div>\n<\/div>\n<\/div>\n<\/div>\n<\/div>\n<\/div>\n<div style=\"clear: both; display: block; margin: 10px 0;\">\n<div style=\"clear: both; display: block; margin: 10px 0;\">\n<div style=\"clear: both; display: block; margin: 10px 0;\">\n<div  style=\"max-width:2560px;max-height:1921px\">\n<div style=\"clear: both; display: block; margin: 10px 0;\">\n<div style=\"clear: both; width: 100%; display: block; margin: 20px 0; padding: 0; float: none; position: static; text-align: center;\"><img decoding=\"async\"  src=\"https:\/\/a.allegroimg.com\/original\/116ad9\/e43183e14685bf145bb08b5b62da\" srcset=\"https:\/\/a.allegroimg.com\/original\/116ad9\/e43183e14685bf145bb08b5b62da 360w,https:\/\/a.allegroimg.com\/original\/116ad9\/e43183e14685bf145bb08b5b62da 720w,https:\/\/a.allegroimg.com\/original\/116ad9\/e43183e14685bf145bb08b5b62da 1024w,https:\/\/a.allegroimg.com\/original\/116ad9\/e43183e14685bf145bb08b5b62da 1440w,https:\/\/a.allegroimg.com\/original\/116ad9\/e43183e14685bf145bb08b5b62da 2560w\" sizes=\"(min-width: 1200px) 560px, (min-width: 992px) 50vw, 100vw\" width=\"2560px\" alt=\"\" style=\"max-width: 100%; height: auto; display: block; margin: 0 auto;\"><\/div>\n<\/div>\n<\/div>\n<\/div>\n<\/div>\n<div style=\"clear: both; display: block; margin: 10px 0;\">\n<div style=\"clear: both; display: block; margin: 10px 0;\">\n<div  style=\"max-width:1200px;max-height:1200px\">\n<div style=\"clear: both; display: block; margin: 10px 0;\">\n<div style=\"clear: both; width: 100%; display: block; margin: 20px 0; padding: 0; float: none; position: static; text-align: center;\"><img decoding=\"async\"  src=\"https:\/\/a.allegroimg.com\/original\/116fd1\/df00dcbe43fcbf94704121fee1cb\" srcset=\"https:\/\/a.allegroimg.com\/original\/116fd1\/df00dcbe43fcbf94704121fee1cb 360w,https:\/\/a.allegroimg.com\/original\/116fd1\/df00dcbe43fcbf94704121fee1cb 720w,https:\/\/a.allegroimg.com\/original\/116fd1\/df00dcbe43fcbf94704121fee1cb 1024w,https:\/\/a.allegroimg.com\/original\/116fd1\/df00dcbe43fcbf94704121fee1cb 1200w,https:\/\/a.allegroimg.com\/original\/116fd1\/df00dcbe43fcbf94704121fee1cb 1200w\" sizes=\"(min-width: 1200px) 560px, (min-width: 992px) 50vw, 100vw\" width=\"1200px\" alt=\"\" style=\"max-width: 100%; height: auto; display: block; margin: 0 auto;\"><\/div>\n<\/div>\n<\/div>\n<\/div>\n<\/div>\n<\/div>\n<\/div>\n<\/div>\n<\/div>\n<div style=\"clear: both; display: block; margin: 10px 0;\">\n","protected":false},"excerpt":{"rendered":"<p>Mangal Grill Walizka Na 8 Szpikulec Sk\u0142adany W\u0119glowy Metal 2mm Solidny<\/p>\n<p>Doskona\u0142y grill na ka\u017cd\u0105 okazj\u0119 \u2013 Mangal Grill Walizka na 8 szpikulc\u00f3w<\/p>\n<p>\u2705 Poznaj Mangal Grill Walizka \u2013 idealny wyb\u00f3r dla ka\u017cdego mi\u0142o\u015bnika grillowania!<\/p>\n<p>\u2705 Ten sk\u0142adany, metalowy grill o grubo\u015bci 2 mm, zaprojektowany w formie walizki, jest wygodny do transportu i przechowywania.<\/p>\n<p>\u2705 Wytrzyma\u0142a konstrukcja oraz \u0142atwo\u015b\u0107 obs\u0142ugi sprawiaj\u0105, \u017ce grillowanie na \u015bwie\u017cym powietrzu stanie si\u0119 czyst\u0105 przyjemno\u015bci\u0105.<\/p>\n<p>\u2705 To niezast\u0105piony towarzysz rodzinnych spotka\u0144, piknik\u00f3w i wieczor\u00f3w w ogrodzie.<\/p>\n","protected":false},"featured_media":15216,"template":"","meta":{"_uag_custom_page_level_css":""},"product_brand":[],"product_cat":[796,795,541],"product_tag":[],"class_list":{"0":"post-15215","1":"product","2":"type-product","3":"status-publish","4":"has-post-thumbnail","6":"product_cat-grille-weglowe","7":"product_cat-grillowanie","8":"product_cat-ogrod","10":"first","11":"instock","12":"sale","13":"shipping-taxable","14":"purchasable","15":"product-type-simple"},"uagb_featured_image_src":{"full":["https:\/\/ogrodowyswiat24.shop\/grill\/wp-content\/uploads\/2026\/03\/allegro-image-15215.jpg",845,827,false],"thumbnail":["https:\/\/ogrodowyswiat24.shop\/grill\/wp-content\/uploads\/2026\/03\/allegro-image-15215-150x150.jpg",150,150,true],"medium":["https:\/\/ogrodowyswiat24.shop\/grill\/wp-content\/uploads\/2026\/03\/allegro-image-15215-300x294.jpg",300,294,true],"medium_large":["https:\/\/ogrodowyswiat24.shop\/grill\/wp-content\/uploads\/2026\/03\/allegro-image-15215-768x752.jpg",768,752,true],"large":["https:\/\/ogrodowyswiat24.shop\/grill\/wp-content\/uploads\/2026\/03\/allegro-image-15215.jpg",845,827,false],"1536x1536":["https:\/\/ogrodowyswiat24.shop\/grill\/wp-content\/uploads\/2026\/03\/allegro-image-15215.jpg",845,827,false],"2048x2048":["https:\/\/ogrodowyswiat24.shop\/grill\/wp-content\/uploads\/2026\/03\/allegro-image-15215.jpg",845,827,false],"woocommerce_thumbnail":["https:\/\/ogrodowyswiat24.shop\/grill\/wp-content\/uploads\/2026\/03\/allegro-image-15215-300x300.jpg",300,300,true],"woocommerce_single":["https:\/\/ogrodowyswiat24.shop\/grill\/wp-content\/uploads\/2026\/03\/allegro-image-15215-600x587.jpg",600,587,true],"woocommerce_gallery_thumbnail":["https:\/\/ogrodowyswiat24.shop\/grill\/wp-content\/uploads\/2026\/03\/allegro-image-15215-100x100.jpg",100,100,true]},"uagb_author_info":{"display_name":"admin","author_link":"https:\/\/ogrodowyswiat24.shop\/grill\/author\/"},"uagb_comment_info":0,"uagb_excerpt":"Mangal Grill Walizka Na 8 Szpikulec Sk\u0142adany W\u0119glowy Metal 2mm Solidny Doskona\u0142y grill na ka\u017cd\u0105 okazj\u0119 \u2013 Mangal Grill Walizka na 8 szpikulc\u00f3w \u2705 Poznaj Mangal Grill Walizka \u2013 idealny wyb\u00f3r dla ka\u017cdego mi\u0142o\u015bnika grillowania! \u2705 Ten sk\u0142adany, metalowy grill o grubo\u015bci 2 mm, zaprojektowany w formie walizki, jest wygodny do transportu i przechowywania. \u2705&hellip;","_links":{"self":[{"href":"https:\/\/ogrodowyswiat24.shop\/grill\/wp-json\/wp\/v2\/product\/15215","targetHints":{"allow":["GET"]}}],"collection":[{"href":"https:\/\/ogrodowyswiat24.shop\/grill\/wp-json\/wp\/v2\/product"}],"about":[{"href":"https:\/\/ogrodowyswiat24.shop\/grill\/wp-json\/wp\/v2\/types\/product"}],"wp:featuredmedia":[{"embeddable":true,"href":"https:\/\/ogrodowyswiat24.shop\/grill\/wp-json\/wp\/v2\/media\/15216"}],"wp:attachment":[{"href":"https:\/\/ogrodowyswiat24.shop\/grill\/wp-json\/wp\/v2\/media?parent=15215"}],"wp:term":[{"taxonomy":"product_brand","embeddable":true,"href":"https:\/\/ogrodowyswiat24.shop\/grill\/wp-json\/wp\/v2\/product_brand?post=15215"},{"taxonomy":"product_cat","embeddable":true,"href":"https:\/\/ogrodowyswiat24.shop\/grill\/wp-json\/wp\/v2\/product_cat?post=15215"},{"taxonomy":"product_tag","embeddable":true,"href":"https:\/\/ogrodowyswiat24.shop\/grill\/wp-json\/wp\/v2\/product_tag?post=15215"}],"curies":[{"name":"wp","href":"https:\/\/api.w.org\/{rel}","templated":true}]}}