{"id":15233,"date":"2026-03-27T09:28:23","date_gmt":"2026-03-27T08:28:23","guid":{"rendered":"https:\/\/grill-master.shop\/gree\/produkt\/palenisko-ogrodowe-60cm-stalowe-ogrodowe-do-ogniska-grilla-kociolka-ruszt\/"},"modified":"2026-03-27T09:28:23","modified_gmt":"2026-03-27T08:28:23","slug":"palenisko-ogrodowe-60cm-stalowe-ogrodowe-do-ogniska-grilla-kociolka-ruszt","status":"publish","type":"product","link":"https:\/\/ogrodowyswiat24.shop\/grill\/produkt\/palenisko-ogrodowe-60cm-stalowe-ogrodowe-do-ogniska-grilla-kociolka-ruszt\/","title":{"rendered":"PALENISKO OGRODOWE 60CM STALOWE OGRODOWE DO OGNISKA GRILLA KOCIO\u0141KA RUSZT"},"content":{"rendered":"<div style=\"font-family: Arial, sans-serif; line-height: 1.6; color: #333; padding: 20px; clear: both; display: block; width: 100%; float: none; position: static; overflow: hidden;\">\n<div style=\"clear: both; display: block; margin: 10px 0;\">\n<div style=\"clear: both; display: block; margin: 10px 0;\">\n<div style=\"clear: both; display: block; margin: 10px 0;\">\n<h2>\u2b50 PALENISKO OGRODOWE 60CM \u017bELIWNE OGRODOWE DO OGNISKA GRILLA KOCIO\u0141KA RUSZT&nbsp;\u2b50<\/h2>\n<\/div>\n<\/div>\n<\/div>\n<div style=\"clear: both; display: block; margin: 10px 0;\">\n<div style=\"clear: both; display: block; margin: 10px 0;\">\n<div style=\"clear: both; display: block; margin: 10px 0;\">\n<div  style=\"max-width:1200px;max-height:1199px\">\n<div style=\"clear: both; display: block; margin: 10px 0;\">\n<div style=\"clear: both; width: 100%; display: block; margin: 20px 0; padding: 0; float: none; position: static; text-align: center;\"><img decoding=\"async\"  src=\"https:\/\/a.allegroimg.com\/original\/11cd99\/a732596c4fef982ffcf031c19313\/PALENISKO-OGRODOWE-60CM-STALOWE-OGRODOWE-DO-OGNISKA-GRILLA-KOCIOLKA-RUSZT\" srcset=\"https:\/\/a.allegroimg.com\/original\/11cd99\/a732596c4fef982ffcf031c19313\/PALENISKO-OGRODOWE-60CM-STALOWE-OGRODOWE-DO-OGNISKA-GRILLA-KOCIOLKA-RUSZT 360w,https:\/\/a.allegroimg.com\/original\/11cd99\/a732596c4fef982ffcf031c19313\/PALENISKO-OGRODOWE-60CM-STALOWE-OGRODOWE-DO-OGNISKA-GRILLA-KOCIOLKA-RUSZT 720w,https:\/\/a.allegroimg.com\/original\/11cd99\/a732596c4fef982ffcf031c19313\/PALENISKO-OGRODOWE-60CM-STALOWE-OGRODOWE-DO-OGNISKA-GRILLA-KOCIOLKA-RUSZT 1024w,https:\/\/a.allegroimg.com\/original\/11cd99\/a732596c4fef982ffcf031c19313\/PALENISKO-OGRODOWE-60CM-STALOWE-OGRODOWE-DO-OGNISKA-GRILLA-KOCIOLKA-RUSZT 1200w,https:\/\/a.allegroimg.com\/original\/11cd99\/a732596c4fef982ffcf031c19313\/PALENISKO-OGRODOWE-60CM-STALOWE-OGRODOWE-DO-OGNISKA-GRILLA-KOCIOLKA-RUSZT 1200w\" sizes=\"(min-width: 1200px) 560px, (min-width: 992px) 50vw, 100vw\" width=\"1200px\" alt=\"PALENISKO OGRODOWE 60CM STALOWE OGRODOWE DO OGNISKA GRILLA KOCIO\u0141KA RUSZT\" style=\"max-width: 100%; height: auto; display: block; margin: 0 auto;\"><\/div>\n<\/div>\n<\/div>\n<\/div>\n<\/div>\n<div style=\"clear: both; display: block; margin: 10px 0;\">\n<div style=\"clear: both; display: block; margin: 10px 0;\">\n<p style=\"margin: 15px 0; line-height: 1.8; clear: both; display: block; width: 100%; float: none; position: static;\">\u2b50 Szanowni Pa\u0144stwo! W przedstawionej ofercie chcieliby\u015bmy zaproponowa\u0107 Pa\u0144stwu&nbsp;<b>palenisko ogrodowe 60cm stalowe ogrodowe do ogniska grilla kocio\u0142ka<\/b><b>&nbsp;<\/b>firmy <b>SPORT-BLAST<\/b><\/p>\n<h3 style=\"color: #2c5aa0; font-size: 18px; margin: 30px 0 15px 0; font-weight: bold; clear: both; display: block; width: 100%; float: none; position: static;\">\u2b50 Aukcja dotyczy:<\/h3>\n<p style=\"margin: 15px 0; line-height: 1.8; clear: both; display: block; width: 100%; float: none; position: static;\"><b>\u2705<\/b> 1x Palenisko ogrodowe 60cm stalowe ogrodowe do ogniska grilla kocio\u0142ka.<\/p>\n<p style=\"margin: 15px 0; line-height: 1.8; clear: both; display: block; width: 100%; float: none; position: static;\"><b>\u2705&nbsp;<\/b>1x Komplet n\u00f3\u017cek do paleniska.<\/p>\n<\/div>\n<\/div>\n<\/div>\n<div style=\"clear: both; display: block; margin: 10px 0;\">\n<div style=\"clear: both; display: block; margin: 10px 0;\">\n<div style=\"clear: both; display: block; margin: 10px 0;\">\n<div  style=\"max-width:720px;max-height:720px\">\n<div style=\"clear: both; display: block; margin: 10px 0;\">\n<div style=\"clear: both; width: 100%; display: block; margin: 20px 0; padding: 0; float: none; position: static; text-align: center;\"><img decoding=\"async\"  src=\"https:\/\/a.allegroimg.com\/original\/118934\/f7ccd5ee4bc887b3044f0507829a\/PALENISKO-OGRODOWE-60CM-STALOWE-OGRODOWE-DO-OGNISKA-GRILLA-KOCIOLKA-RUSZT-Kod-producenta-388300\" srcset=\"https:\/\/a.allegroimg.com\/original\/118934\/f7ccd5ee4bc887b3044f0507829a\/PALENISKO-OGRODOWE-60CM-STALOWE-OGRODOWE-DO-OGNISKA-GRILLA-KOCIOLKA-RUSZT-Kod-producenta-388300 360w,https:\/\/a.allegroimg.com\/original\/118934\/f7ccd5ee4bc887b3044f0507829a\/PALENISKO-OGRODOWE-60CM-STALOWE-OGRODOWE-DO-OGNISKA-GRILLA-KOCIOLKA-RUSZT-Kod-producenta-388300 720w,https:\/\/a.allegroimg.com\/original\/118934\/f7ccd5ee4bc887b3044f0507829a\/PALENISKO-OGRODOWE-60CM-STALOWE-OGRODOWE-DO-OGNISKA-GRILLA-KOCIOLKA-RUSZT-Kod-producenta-388300 720w\" sizes=\"(min-width: 1200px) 560px, (min-width: 992px) 50vw, 100vw\" width=\"720px\" alt=\"PALENISKO OGRODOWE 60CM STALOWE OGRODOWE DO OGNISKA GRILLA KOCIO\u0141KA RUSZT Kod producenta 388300\" style=\"max-width: 100%; height: auto; display: block; margin: 0 auto;\"><\/div>\n<\/div>\n<\/div>\n<\/div>\n<\/div>\n<div style=\"clear: both; display: block; margin: 10px 0;\">\n<div style=\"clear: both; display: block; margin: 10px 0;\">\n<h2>\u2b50 Dane techniczne<\/h2>\n<p style=\"margin: 15px 0; line-height: 1.8; clear: both; display: block; width: 100%; float: none; position: static;\"><b>\u2705 Marka:<\/b> SPORT BLAST<\/p>\n<h3 style=\"color: #2c5aa0; font-size: 18px; margin: 30px 0 15px 0; font-weight: bold; clear: both; display: block; width: 100%; float: none; position: static;\">\u2705 Waga: 2,4kg<\/h3>\n<h3 style=\"color: #2c5aa0; font-size: 18px; margin: 30px 0 15px 0; font-weight: bold; clear: both; display: block; width: 100%; float: none; position: static;\">\u2705 \u015arednica: 60cm<\/h3>\n<h3 style=\"color: #2c5aa0; font-size: 18px; margin: 30px 0 15px 0; font-weight: bold; clear: both; display: block; width: 100%; float: none; position: static;\">\u2705 Wysoko\u015b\u0107 z n\u00f3\u017ckami: 23cm<\/h3>\n<h3 style=\"color: #2c5aa0; font-size: 18px; margin: 30px 0 15px 0; font-weight: bold; clear: both; display: block; width: 100%; float: none; position: static;\">\u2705 Materia\u0142: stal malowana proszkowo<\/h3>\n<\/div>\n<\/div>\n<\/div>\n<div style=\"clear: both; display: block; margin: 10px 0;\">\n<div style=\"clear: both; display: block; margin: 10px 0;\">\n<div style=\"clear: both; display: block; margin: 10px 0;\">\n<div  style=\"max-width:720px;max-height:720px\">\n<div style=\"clear: both; display: block; margin: 10px 0;\">\n<div style=\"clear: both; width: 100%; display: block; margin: 20px 0; padding: 0; float: none; position: static; text-align: center;\"><img decoding=\"async\"  src=\"https:\/\/a.allegroimg.com\/original\/11573a\/72e4305e44108f2ba5b836c857c9\/PALENISKO-OGRODOWE-60CM-STALOWE-OGRODOWE-DO-OGNISKA-GRILLA-KOCIOLKA-RUSZT-Wysokosc-produktu-30-cm\" srcset=\"https:\/\/a.allegroimg.com\/original\/11573a\/72e4305e44108f2ba5b836c857c9\/PALENISKO-OGRODOWE-60CM-STALOWE-OGRODOWE-DO-OGNISKA-GRILLA-KOCIOLKA-RUSZT-Wysokosc-produktu-30-cm 360w,https:\/\/a.allegroimg.com\/original\/11573a\/72e4305e44108f2ba5b836c857c9\/PALENISKO-OGRODOWE-60CM-STALOWE-OGRODOWE-DO-OGNISKA-GRILLA-KOCIOLKA-RUSZT-Wysokosc-produktu-30-cm 720w,https:\/\/a.allegroimg.com\/original\/11573a\/72e4305e44108f2ba5b836c857c9\/PALENISKO-OGRODOWE-60CM-STALOWE-OGRODOWE-DO-OGNISKA-GRILLA-KOCIOLKA-RUSZT-Wysokosc-produktu-30-cm 720w\" sizes=\"(min-width: 1200px) 560px, (min-width: 992px) 50vw, 100vw\" width=\"720px\" alt=\"PALENISKO OGRODOWE 60CM STALOWE OGRODOWE DO OGNISKA GRILLA KOCIO\u0141KA RUSZT Wysoko\u015b\u0107 produktu 30 cm\" style=\"max-width: 100%; height: auto; display: block; margin: 0 auto;\"><\/div>\n<\/div>\n<\/div>\n<\/div>\n<\/div>\n<div style=\"clear: both; display: block; margin: 10px 0;\">\n<div style=\"clear: both; display: block; margin: 10px 0;\">\n<h2>\u2b50Dlaczego warto wybra\u0107 palenisko ogrodowe 60cm stalowe firmy SPORT-BLAST? \u2b50<\/h2>\n<p style=\"margin: 15px 0; line-height: 1.8; clear: both; display: block; width: 100%; float: none; position: static;\"><b>\u2705 Ogrzewa i o\u015bwietla &#8211; <\/b>Palenisko s\u0142u\u017cy nie tylko jako \u017ar\u00f3d\u0142o ciep\u0142a, ale te\u017c idealnie o\u015bwietla nadaj\u0105c urok ogrodowi podczas relaksu.<\/p>\n<p style=\"margin: 15px 0; line-height: 1.8; clear: both; display: block; width: 100%; float: none; position: static;\"><b>\u2705 Klimat &#8211; <\/b>Tworzy przytuln\u0105 atmosfer\u0119 idealn\u0105 do relaksu, rozm\u00f3w, sp\u0119dzania mi\u0142o czasu po zmroku.<\/p>\n<p style=\"margin: 15px 0; line-height: 1.8; clear: both; display: block; width: 100%; float: none; position: static;\"><b>\u2705 \u0141atwe u\u017cytkowanie &#8211;&nbsp;<\/b>Prosty w obs\u0142udze, wystarczy w\u0142o\u017cy\u0107 odpowiedni\u0105 ilo\u015b\u0107 drewna, kt\u00f3re nale\u017cy rozpali\u0107!<\/p>\n<p style=\"margin: 15px 0; line-height: 1.8; clear: both; display: block; width: 100%; float: none; position: static;\"><b>\u2705 Wielofunkcyjno\u015b\u0107 &#8211;&nbsp;<\/b>Istnieje mo\u017cliwo\u015b\u0107 do\u0142o\u017cenia do niego dodatkowych funkcji jak np. ruszt do grilla.<\/p>\n<p style=\"margin: 15px 0; line-height: 1.8; clear: both; display: block; width: 100%; float: none; position: static;\"><b>\u2705 Proste przechowywanie&nbsp;<\/b>&#8211; Przez swoj\u0105 konstrukcj\u0119 palenisko \u0142atwo przenie\u015b\u0107, ale te\u017c przechowywa\u0107 poza sezonem.<\/p>\n<\/div>\n<\/div>\n<\/div>\n<div style=\"clear: both; display: block; margin: 10px 0;\">\n<div style=\"clear: both; display: block; margin: 10px 0;\">\n<div style=\"clear: both; display: block; margin: 10px 0;\">\n<div  style=\"max-width:720px;max-height:720px\">\n<div style=\"clear: both; display: block; margin: 10px 0;\">\n<div style=\"clear: both; width: 100%; display: block; margin: 20px 0; padding: 0; float: none; position: static; text-align: center;\"><img decoding=\"async\"  src=\"https:\/\/a.allegroimg.com\/original\/1197b2\/f7cab41b4124a7aacba2d51404fb\/PALENISKO-OGRODOWE-60CM-STALOWE-OGRODOWE-DO-OGNISKA-GRILLA-KOCIOLKA-RUSZT-Srednica-szerokosc-rusztu-80-cm\" srcset=\"https:\/\/a.allegroimg.com\/original\/1197b2\/f7cab41b4124a7aacba2d51404fb\/PALENISKO-OGRODOWE-60CM-STALOWE-OGRODOWE-DO-OGNISKA-GRILLA-KOCIOLKA-RUSZT-Srednica-szerokosc-rusztu-80-cm 360w,https:\/\/a.allegroimg.com\/original\/1197b2\/f7cab41b4124a7aacba2d51404fb\/PALENISKO-OGRODOWE-60CM-STALOWE-OGRODOWE-DO-OGNISKA-GRILLA-KOCIOLKA-RUSZT-Srednica-szerokosc-rusztu-80-cm 720w,https:\/\/a.allegroimg.com\/original\/1197b2\/f7cab41b4124a7aacba2d51404fb\/PALENISKO-OGRODOWE-60CM-STALOWE-OGRODOWE-DO-OGNISKA-GRILLA-KOCIOLKA-RUSZT-Srednica-szerokosc-rusztu-80-cm 720w\" sizes=\"(min-width: 1200px) 560px, (min-width: 992px) 50vw, 100vw\" width=\"720px\" alt=\"PALENISKO OGRODOWE 60CM STALOWE OGRODOWE DO OGNISKA GRILLA KOCIO\u0141KA RUSZT \u015arednica\/szeroko\u015b\u0107 rusztu 80 cm\" style=\"max-width: 100%; height: auto; display: block; margin: 0 auto;\"><\/div>\n<\/div>\n<\/div>\n<\/div>\n<\/div>\n<div style=\"clear: both; display: block; margin: 10px 0;\">\n<div style=\"clear: both; display: block; margin: 10px 0;\">\n<h2>\u2b50 Palenisko ogrodowe na lata \u2b50<\/h2>\n<p style=\"margin: 15px 0; line-height: 1.8; clear: both; display: block; width: 100%; float: none; position: static;\">Dzi\u0119ki zastosowaniu porz\u0105dnego materia\u0142u jakim jest <b>stal malowana proszkowo,<\/b> palenisko ogrodowe ma du\u017c\u0105 <b>trwa\u0142o\u015b\u0107<\/b> i wysok\u0105 <b>wytrzyma\u0142o\u015b\u0107 <\/b>nawet pod du\u017cym obci\u0105\u017ceniem drewna. Samo palenisko wyr\u00f3\u017cnia si\u0119 <b>\u015bwietnym designem<\/b>, kt\u00f3ry idealnie <b>pasuje do ka\u017cdego <\/b>stylowego ogr\u00f3dka!<\/p>\n<\/div>\n<\/div>\n<\/div>\n<\/div>\n<\/div>\n<\/div>\n<div style=\"clear: both; display: block; margin: 10px 0;\">\n","protected":false},"excerpt":{"rendered":"<p>\u2b50 PALENISKO OGRODOWE 60CM \u017bELIWNE OGRODOWE DO OGNISKA GRILLA KOCIO\u0141KA RUSZT&nbsp;\u2b50<\/p>\n<p>\u2b50 Szanowni Pa\u0144stwo! W przedstawionej ofercie chcieliby\u015bmy zaproponowa\u0107 Pa\u0144stwu&nbsp;palenisko ogrodowe 60cm stalowe ogrodowe do ogniska grilla kocio\u0142ka&nbsp;firmy SPORT-BLAST<\/p>\n<p>\u2b50 Aukcja dotyczy:<\/p>\n<p>\u2705 1x Palenisko ogrodowe 60cm stalowe ogrodowe do ogniska grilla kocio\u0142ka.<\/p>\n<p>\u2705&nbsp;1x Komplet n\u00f3\u017cek do paleniska.<\/p>\n<p>\u2b50 Dane techniczne<\/p>\n<p>\u2705 Marka: SPORT BLAST<\/p>\n<p>\u2705 Waga: 2,4kg<\/p>\n","protected":false},"featured_media":15234,"template":"","meta":{"_uag_custom_page_level_css":""},"product_brand":[804],"product_cat":[795,541,829],"product_tag":[],"class_list":{"0":"post-15233","1":"product","2":"type-product","3":"status-publish","4":"has-post-thumbnail","6":"product_brand-berdsen","7":"product_cat-grillowanie","8":"product_cat-ogrod","9":"product_cat-paleniska-ogrodowe","11":"first","12":"instock","13":"sale","14":"shipping-taxable","15":"purchasable","16":"product-type-simple"},"uagb_featured_image_src":{"full":["https:\/\/ogrodowyswiat24.shop\/grill\/wp-content\/uploads\/2026\/03\/allegro-image-15233.jpg",1200,1199,false],"thumbnail":["https:\/\/ogrodowyswiat24.shop\/grill\/wp-content\/uploads\/2026\/03\/allegro-image-15233-150x150.jpg",150,150,true],"medium":["https:\/\/ogrodowyswiat24.shop\/grill\/wp-content\/uploads\/2026\/03\/allegro-image-15233-300x300.jpg",300,300,true],"medium_large":["https:\/\/ogrodowyswiat24.shop\/grill\/wp-content\/uploads\/2026\/03\/allegro-image-15233-768x767.jpg",768,767,true],"large":["https:\/\/ogrodowyswiat24.shop\/grill\/wp-content\/uploads\/2026\/03\/allegro-image-15233-1024x1024.jpg",1024,1024,true],"1536x1536":["https:\/\/ogrodowyswiat24.shop\/grill\/wp-content\/uploads\/2026\/03\/allegro-image-15233.jpg",1200,1199,false],"2048x2048":["https:\/\/ogrodowyswiat24.shop\/grill\/wp-content\/uploads\/2026\/03\/allegro-image-15233.jpg",1200,1199,false],"woocommerce_thumbnail":["https:\/\/ogrodowyswiat24.shop\/grill\/wp-content\/uploads\/2026\/03\/allegro-image-15233-300x300.jpg",300,300,true],"woocommerce_single":["https:\/\/ogrodowyswiat24.shop\/grill\/wp-content\/uploads\/2026\/03\/allegro-image-15233-600x600.jpg",600,600,true],"woocommerce_gallery_thumbnail":["https:\/\/ogrodowyswiat24.shop\/grill\/wp-content\/uploads\/2026\/03\/allegro-image-15233-100x100.jpg",100,100,true]},"uagb_author_info":{"display_name":"admin","author_link":"https:\/\/ogrodowyswiat24.shop\/grill\/author\/"},"uagb_comment_info":0,"uagb_excerpt":"\u2b50 PALENISKO OGRODOWE 60CM \u017bELIWNE OGRODOWE DO OGNISKA GRILLA KOCIO\u0141KA RUSZT&nbsp;\u2b50 \u2b50 Szanowni Pa\u0144stwo! W przedstawionej ofercie chcieliby\u015bmy zaproponowa\u0107 Pa\u0144stwu&nbsp;palenisko ogrodowe 60cm stalowe ogrodowe do ogniska grilla kocio\u0142ka&nbsp;firmy SPORT-BLAST \u2b50 Aukcja dotyczy: \u2705 1x Palenisko ogrodowe 60cm stalowe ogrodowe do ogniska grilla kocio\u0142ka. \u2705&nbsp;1x Komplet n\u00f3\u017cek do paleniska. \u2b50 Dane techniczne \u2705 Marka: SPORT BLAST&hellip;","_links":{"self":[{"href":"https:\/\/ogrodowyswiat24.shop\/grill\/wp-json\/wp\/v2\/product\/15233","targetHints":{"allow":["GET"]}}],"collection":[{"href":"https:\/\/ogrodowyswiat24.shop\/grill\/wp-json\/wp\/v2\/product"}],"about":[{"href":"https:\/\/ogrodowyswiat24.shop\/grill\/wp-json\/wp\/v2\/types\/product"}],"wp:featuredmedia":[{"embeddable":true,"href":"https:\/\/ogrodowyswiat24.shop\/grill\/wp-json\/wp\/v2\/media\/15234"}],"wp:attachment":[{"href":"https:\/\/ogrodowyswiat24.shop\/grill\/wp-json\/wp\/v2\/media?parent=15233"}],"wp:term":[{"taxonomy":"product_brand","embeddable":true,"href":"https:\/\/ogrodowyswiat24.shop\/grill\/wp-json\/wp\/v2\/product_brand?post=15233"},{"taxonomy":"product_cat","embeddable":true,"href":"https:\/\/ogrodowyswiat24.shop\/grill\/wp-json\/wp\/v2\/product_cat?post=15233"},{"taxonomy":"product_tag","embeddable":true,"href":"https:\/\/ogrodowyswiat24.shop\/grill\/wp-json\/wp\/v2\/product_tag?post=15233"}],"curies":[{"name":"wp","href":"https:\/\/api.w.org\/{rel}","templated":true}]}}