{"id":15285,"date":"2026-03-27T09:29:02","date_gmt":"2026-03-27T08:29:02","guid":{"rendered":"https:\/\/grill-master.shop\/gree\/produkt\/grill-weglowy-bbq-ogrodowy-pokrywa-popielnik-korba\/"},"modified":"2026-03-27T09:29:02","modified_gmt":"2026-03-27T08:29:02","slug":"grill-weglowy-bbq-ogrodowy-pokrywa-popielnik-korba","status":"publish","type":"product","link":"https:\/\/ogrodowecentrum.shop\/grill\/produkt\/grill-weglowy-bbq-ogrodowy-pokrywa-popielnik-korba\/","title":{"rendered":"GRILL W\u0118GLOWY BBQ OGRODOWY POKRYWA POPIELNIK KORBA"},"content":{"rendered":"<div style=\"font-family: Arial, sans-serif; line-height: 1.6; color: #333; padding: 20px; clear: both; display: block; width: 100%; float: none; position: static; overflow: hidden;\">\n<div style=\"clear: both; display: block; margin: 10px 0;\">\n<div style=\"clear: both; display: block; margin: 10px 0;\">\n<div style=\"clear: both; display: block; margin: 10px 0;\">\n<h1>GRILL W\u0118GLOWY BBQ OGRODOWY POKRYWA POPIELNIK KORBA<\/h1>\n<\/div>\n<\/div>\n<\/div>\n<div style=\"clear: both; display: block; margin: 10px 0;\">\n<div style=\"clear: both; display: block; margin: 10px 0;\">\n<div style=\"clear: both; display: block; margin: 10px 0;\">\n<div  style=\"max-width:2560px;max-height:2560px\">\n<div style=\"clear: both; display: block; margin: 10px 0;\">\n<div style=\"clear: both; width: 100%; display: block; margin: 20px 0; padding: 0; float: none; position: static; text-align: center;\"><img decoding=\"async\"  src=\"https:\/\/a.allegroimg.com\/original\/11d7c4\/3116f1ba4525b817c84820bddf35\/GRILL-WEGLOWY-BBQ-OGRODOWY-POKRYWA-POPIELNIK-KORBA\" srcset=\"https:\/\/a.allegroimg.com\/original\/11d7c4\/3116f1ba4525b817c84820bddf35\/GRILL-WEGLOWY-BBQ-OGRODOWY-POKRYWA-POPIELNIK-KORBA 360w,https:\/\/a.allegroimg.com\/original\/11d7c4\/3116f1ba4525b817c84820bddf35\/GRILL-WEGLOWY-BBQ-OGRODOWY-POKRYWA-POPIELNIK-KORBA 720w,https:\/\/a.allegroimg.com\/original\/11d7c4\/3116f1ba4525b817c84820bddf35\/GRILL-WEGLOWY-BBQ-OGRODOWY-POKRYWA-POPIELNIK-KORBA 1024w,https:\/\/a.allegroimg.com\/original\/11d7c4\/3116f1ba4525b817c84820bddf35\/GRILL-WEGLOWY-BBQ-OGRODOWY-POKRYWA-POPIELNIK-KORBA 1440w,https:\/\/a.allegroimg.com\/original\/11d7c4\/3116f1ba4525b817c84820bddf35\/GRILL-WEGLOWY-BBQ-OGRODOWY-POKRYWA-POPIELNIK-KORBA 2560w\" sizes=\"(min-width: 1200px) 560px, (min-width: 992px) 50vw, 100vw\" width=\"2560px\" alt=\"GRILL W\u0118GLOWY BBQ OGRODOWY POKRYWA POPIELNIK KORBA\" style=\"max-width: 100%; height: auto; display: block; margin: 0 auto;\"><\/div>\n<\/div>\n<\/div>\n<\/div>\n<\/div>\n<div style=\"clear: both; display: block; margin: 10px 0;\">\n<div style=\"clear: both; display: block; margin: 10px 0;\">\n<h1>\u2b50SPECYFIKACJA<\/h1>\n<ul style=\"margin: 15px 0; padding-left: 20px; clear: both; display: block; width: 100%; float: none; position: static;\">\n<li style=\"margin: 5px 0; padding: 2px 0; clear: both; display: list-item; float: none; position: static;\">kolor:&nbsp; czarny\/matowy<\/li>\n<li style=\"margin: 5px 0; padding: 2px 0; clear: both; display: list-item; float: none; position: static;\">materia\u0142: stal nierdzewna, chrom, tworzywo sztuczne<\/li>\n<li style=\"margin: 5px 0; padding: 2px 0; clear: both; display: list-item; float: none; position: static;\">ko\u0142a: tworzywo sztuczne<\/li>\n<li style=\"margin: 5px 0; padding: 2px 0; clear: both; display: list-item; float: none; position: static;\">\u015brednica k\u00f3\u0142ek: 20cm<\/li>\n<li style=\"margin: 5px 0; padding: 2px 0; clear: both; display: list-item; float: none; position: static;\">Typ: przeno\u015bny<\/li>\n<li style=\"margin: 5px 0; padding: 2px 0; clear: both; display: list-item; float: none; position: static;\">Waga z opakowaniem: 19 kg<\/li>\n<li style=\"margin: 5px 0; padding: 2px 0; clear: both; display: list-item; float: none; position: static;\">Stan opakowania: oryginalne<\/li>\n<li style=\"margin: 5px 0; padding: 2px 0; clear: both; display: list-item; float: none; position: static;\">Termometr<\/li>\n<li style=\"margin: 5px 0; padding: 2px 0; clear: both; display: list-item; float: none; position: static;\">Wbudowany otwieracz do butelek<\/li>\n<li style=\"margin: 5px 0; padding: 2px 0; clear: both; display: list-item; float: none; position: static;\">2x Boczne p\u00f3\u0142ki<\/li>\n<li style=\"margin: 5px 0; padding: 2px 0; clear: both; display: list-item; float: none; position: static;\">Korba do regulacji rusztu<\/li>\n<li style=\"margin: 5px 0; padding: 2px 0; clear: both; display: list-item; float: none; position: static;\">Popielnik<\/li>\n<li style=\"margin: 5px 0; padding: 2px 0; clear: both; display: list-item; float: none; position: static;\">Wymiary rusztu: 31x42cm<\/li>\n<li style=\"margin: 5px 0; padding: 2px 0; clear: both; display: list-item; float: none; position: static;\">Dolna p\u00f3\u0142ka do przechowywania rzeczy<\/li>\n<\/ul>\n<\/div>\n<\/div>\n<\/div>\n<div style=\"clear: both; display: block; margin: 10px 0;\">\n<div style=\"clear: both; display: block; margin: 10px 0;\">\n<div style=\"clear: both; display: block; margin: 10px 0;\">\n<h2>\u2705 CZYSTO\u015a\u0106 I KOMFORT<\/h2>\n<p style=\"margin: 15px 0; line-height: 1.8; clear: both; display: block; width: 100%; float: none; position: static;\">Grill wyposa\u017cony jest w ruszt wykonany ze stali nierdzewnej, co gwarantuje d\u0142ugotrwa\u0142e u\u017cytkowanie. Dodatkowo, posiada wyjmowan\u0105 szuflad\u0119 na popi\u00f3\u0142, umo\u017cliwiaj\u0105c\u0105 \u0142atwe i szybkie usuni\u0119cie popio\u0142u, co zapewnia czysto\u015b\u0107 podczas korzystania z urz\u0105dzenia.<\/p>\n<p style=\"margin: 15px 0; line-height: 1.8; clear: both; display: block; width: 100%; float: none; position: static;\">Wysoko\u015b\u0107 rusztu mo\u017cna regulowa\u0107 za pomoc\u0105 korby dzi\u0119ki czemy mo\u017cemy dodatkowo oddzia\u0142ywa\u0107 na temperatur\u0119 wewn\u0105trz<\/p>\n<\/div>\n<\/div>\n<div style=\"clear: both; display: block; margin: 10px 0;\">\n<div style=\"clear: both; display: block; margin: 10px 0;\">\n<div  style=\"max-width:914px;max-height:713px\">\n<div style=\"clear: both; display: block; margin: 10px 0;\">\n<div style=\"clear: both; width: 100%; display: block; margin: 20px 0; padding: 0; float: none; position: static; text-align: center;\"><img decoding=\"async\"  src=\"https:\/\/a.allegroimg.com\/original\/11a57c\/458cf27a446fbc68fb0351633a76\/GRILL-WEGLOWY-BBQ-OGRODOWY-POKRYWA-POPIELNIK-KORBA-EAN-GTIN-6950603031090\" srcset=\"https:\/\/a.allegroimg.com\/original\/11a57c\/458cf27a446fbc68fb0351633a76\/GRILL-WEGLOWY-BBQ-OGRODOWY-POKRYWA-POPIELNIK-KORBA-EAN-GTIN-6950603031090 360w,https:\/\/a.allegroimg.com\/original\/11a57c\/458cf27a446fbc68fb0351633a76\/GRILL-WEGLOWY-BBQ-OGRODOWY-POKRYWA-POPIELNIK-KORBA-EAN-GTIN-6950603031090 720w,https:\/\/a.allegroimg.com\/original\/11a57c\/458cf27a446fbc68fb0351633a76\/GRILL-WEGLOWY-BBQ-OGRODOWY-POKRYWA-POPIELNIK-KORBA-EAN-GTIN-6950603031090 914w,https:\/\/a.allegroimg.com\/original\/11a57c\/458cf27a446fbc68fb0351633a76\/GRILL-WEGLOWY-BBQ-OGRODOWY-POKRYWA-POPIELNIK-KORBA-EAN-GTIN-6950603031090 914w\" sizes=\"(min-width: 1200px) 560px, (min-width: 992px) 50vw, 100vw\" width=\"914px\" alt=\"GRILL W\u0118GLOWY BBQ OGRODOWY POKRYWA POPIELNIK KORBA EAN (GTIN) 6950603031090\" style=\"max-width: 100%; height: auto; display: block; margin: 0 auto;\"><\/div>\n<\/div>\n<\/div>\n<\/div>\n<\/div>\n<\/div>\n<div style=\"clear: both; display: block; margin: 10px 0;\">\n<div style=\"clear: both; display: block; margin: 10px 0;\">\n<div style=\"clear: both; display: block; margin: 10px 0;\">\n<div  style=\"max-width:720px;max-height:480px\">\n<div style=\"clear: both; display: block; margin: 10px 0;\">\n<div style=\"clear: both; width: 100%; display: block; margin: 20px 0; padding: 0; float: none; position: static; text-align: center;\"><img decoding=\"async\"  src=\"https:\/\/a.allegroimg.com\/original\/110d11\/551182554ad9bf875b71b98399c6\/GRILL-WEGLOWY-BBQ-OGRODOWY-POKRYWA-POPIELNIK-KORBA-Producent-MatMay\" srcset=\"https:\/\/a.allegroimg.com\/original\/110d11\/551182554ad9bf875b71b98399c6\/GRILL-WEGLOWY-BBQ-OGRODOWY-POKRYWA-POPIELNIK-KORBA-Producent-MatMay 360w,https:\/\/a.allegroimg.com\/original\/110d11\/551182554ad9bf875b71b98399c6\/GRILL-WEGLOWY-BBQ-OGRODOWY-POKRYWA-POPIELNIK-KORBA-Producent-MatMay 720w,https:\/\/a.allegroimg.com\/original\/110d11\/551182554ad9bf875b71b98399c6\/GRILL-WEGLOWY-BBQ-OGRODOWY-POKRYWA-POPIELNIK-KORBA-Producent-MatMay 720w\" sizes=\"(min-width: 1200px) 560px, (min-width: 992px) 50vw, 100vw\" width=\"720px\" alt=\"GRILL W\u0118GLOWY BBQ OGRODOWY POKRYWA POPIELNIK KORBA Producent MatMay\" style=\"max-width: 100%; height: auto; display: block; margin: 0 auto;\"><\/div>\n<\/div>\n<\/div>\n<\/div>\n<\/div>\n<div style=\"clear: both; display: block; margin: 10px 0;\">\n<div style=\"clear: both; display: block; margin: 10px 0;\">\n<h2>\u2705 WENTYLACJA<\/h2>\n<p style=\"margin: 15px 0; line-height: 1.8; clear: both; display: block; width: 100%; float: none; position: static;\">Grill wyposa\u017cono w specjalne otwory wentylacyjne, kt\u00f3re zapewniaj\u0105 r\u00f3wnomiern\u0105 cyrkulacj\u0119 powietrza podczas procesu grillowania, jednocze\u015bnie zapobiegaj\u0105c wygasaniu w\u0119gla drzewnego, nawet przy zamkni\u0119tej pokrywie.<\/p>\n<\/div>\n<\/div>\n<\/div>\n<div style=\"clear: both; display: block; margin: 10px 0;\">\n<div style=\"clear: both; display: block; margin: 10px 0;\">\n<div style=\"clear: both; display: block; margin: 10px 0;\">\n<h2>\u2705 POKRYWA<\/h2>\n<p style=\"margin: 15px 0; line-height: 1.8; clear: both; display: block; width: 100%; float: none; position: static;\">Wykorzystanie pokrywy w grillu umo\u017cliwia r\u00f3wnomierne grillowanie potraw, minimalizuj\u0105c ryzyko przypale\u0144. Dodatkowo pozwala na kontynuowanie grillowania nawet w niekorzystnych warunkach pogodowych.<\/p>\n<p style=\"margin: 15px 0; line-height: 1.8; clear: both; display: block; width: 100%; float: none; position: static;\">Pokrywa pe\u0142ni r\u00f3wnie\u017c funkcj\u0119 ochronn\u0105, zapewniaj\u0105c bezpiecze\u0144stwo dzieci poprzez zabezpieczenie przed poparzeniami.<\/p>\n<p style=\"margin: 15px 0; line-height: 1.8; clear: both; display: block; width: 100%; float: none; position: static;\">Aby u\u0142atwi\u0107 i zapewni\u0107 bezpieczne podnoszenie pokrywy, wyposa\u017cono j\u0105 w uchwyt, kt\u00f3ry pozostaje ch\u0142odny nawet podczas grillowania.<\/p>\n<\/div>\n<\/div>\n<div style=\"clear: both; display: block; margin: 10px 0;\">\n<div style=\"clear: both; display: block; margin: 10px 0;\">\n<div  style=\"max-width:720px;max-height:480px\">\n<div style=\"clear: both; display: block; margin: 10px 0;\">\n<div style=\"clear: both; width: 100%; display: block; margin: 20px 0; padding: 0; float: none; position: static; text-align: center;\"><img decoding=\"async\"  src=\"https:\/\/a.allegroimg.com\/original\/11cd19\/a7bb7f154dbea2b47a51a0c9ed31\/GRILL-WEGLOWY-BBQ-OGRODOWY-POKRYWA-POPIELNIK-KORBA-Szerokosc-grilla-96-cm\" srcset=\"https:\/\/a.allegroimg.com\/original\/11cd19\/a7bb7f154dbea2b47a51a0c9ed31\/GRILL-WEGLOWY-BBQ-OGRODOWY-POKRYWA-POPIELNIK-KORBA-Szerokosc-grilla-96-cm 360w,https:\/\/a.allegroimg.com\/original\/11cd19\/a7bb7f154dbea2b47a51a0c9ed31\/GRILL-WEGLOWY-BBQ-OGRODOWY-POKRYWA-POPIELNIK-KORBA-Szerokosc-grilla-96-cm 720w,https:\/\/a.allegroimg.com\/original\/11cd19\/a7bb7f154dbea2b47a51a0c9ed31\/GRILL-WEGLOWY-BBQ-OGRODOWY-POKRYWA-POPIELNIK-KORBA-Szerokosc-grilla-96-cm 720w\" sizes=\"(min-width: 1200px) 560px, (min-width: 992px) 50vw, 100vw\" width=\"720px\" alt=\"GRILL W\u0118GLOWY BBQ OGRODOWY POKRYWA POPIELNIK KORBA Szeroko\u015b\u0107 grilla 96 cm\" style=\"max-width: 100%; height: auto; display: block; margin: 0 auto;\"><\/div>\n<\/div>\n<\/div>\n<\/div>\n<\/div>\n<\/div>\n<div style=\"clear: both; display: block; margin: 10px 0;\">\n<div style=\"clear: both; display: block; margin: 10px 0;\">\n<div style=\"clear: both; display: block; margin: 10px 0;\">\n<div  style=\"max-width:720px;max-height:483px\">\n<div style=\"clear: both; display: block; margin: 10px 0;\">\n<div style=\"clear: both; width: 100%; display: block; margin: 20px 0; padding: 0; float: none; position: static; text-align: center;\"><img decoding=\"async\"  src=\"https:\/\/a.allegroimg.com\/original\/11a973\/ba4d44d34456818e6f3eb358f220\/GRILL-WEGLOWY-BBQ-OGRODOWY-POKRYWA-POPIELNIK-KORBA-Wysokosc-grilla-95-cm\" srcset=\"https:\/\/a.allegroimg.com\/original\/11a973\/ba4d44d34456818e6f3eb358f220\/GRILL-WEGLOWY-BBQ-OGRODOWY-POKRYWA-POPIELNIK-KORBA-Wysokosc-grilla-95-cm 360w,https:\/\/a.allegroimg.com\/original\/11a973\/ba4d44d34456818e6f3eb358f220\/GRILL-WEGLOWY-BBQ-OGRODOWY-POKRYWA-POPIELNIK-KORBA-Wysokosc-grilla-95-cm 720w,https:\/\/a.allegroimg.com\/original\/11a973\/ba4d44d34456818e6f3eb358f220\/GRILL-WEGLOWY-BBQ-OGRODOWY-POKRYWA-POPIELNIK-KORBA-Wysokosc-grilla-95-cm 720w\" sizes=\"(min-width: 1200px) 560px, (min-width: 992px) 50vw, 100vw\" width=\"720px\" alt=\"GRILL W\u0118GLOWY BBQ OGRODOWY POKRYWA POPIELNIK KORBA Wysoko\u015b\u0107 grilla 95 cm\" style=\"max-width: 100%; height: auto; display: block; margin: 0 auto;\"><\/div>\n<\/div>\n<\/div>\n<\/div>\n<\/div>\n<div style=\"clear: both; display: block; margin: 10px 0;\">\n<div style=\"clear: both; display: block; margin: 10px 0;\">\n<h2>\u2705 ZINTEGROWANY TERMOMETR<\/h2>\n<p style=\"margin: 15px 0; line-height: 1.8; clear: both; display: block; width: 100%; float: none; position: static;\">Na pokrywie grilla umieszczono termometr, umo\u017cliwiaj\u0105cy monitorowanie temperatury wewn\u0105trz urz\u0105dzenia.<\/p>\n<p style=\"margin: 15px 0; line-height: 1.8; clear: both; display: block; width: 100%; float: none; position: static;\">Dzi\u0119ki temu mo\u017cemy kontrolowa\u0107 temperatur\u0119 bez konieczno\u015bci u\u017cywania dodatkowych urz\u0105dze\u0144 lub otwierania pokrywy.<\/p>\n<p style=\"margin: 15px 0; line-height: 1.8; clear: both; display: block; width: 100%; float: none; position: static;\">Dzi\u0119ki precyzyjnemu monitorowaniu temperatury, \u0142atwo przygotujemy idealne potrawy.<\/p>\n<\/div>\n<\/div>\n<\/div>\n<div style=\"clear: both; display: block; margin: 10px 0;\">\n<div style=\"clear: both; display: block; margin: 10px 0;\">\n<div style=\"clear: both; display: block; margin: 10px 0;\">\n<h2>\u2705 DLA SPRAGNIONYCH &#8211; ZINTEGROWANY OTWIERACZ DO BUTELEK<\/h2>\n<p style=\"margin: 15px 0; line-height: 1.8; clear: both; display: block; width: 100%; float: none; position: static;\">Na obudowie grilla umieszczono praktyczny otwieracz do butelek. Jest to szczeg\u00f3lnie przydatne dla os\u00f3b, kt\u00f3re preferuj\u0105 grillowanie w towarzystwie ulubionego piwa.<\/p>\n<\/div>\n<\/div>\n<div style=\"clear: both; display: block; margin: 10px 0;\">\n<div style=\"clear: both; display: block; margin: 10px 0;\">\n<div  style=\"max-width:720px;max-height:598px\">\n<div style=\"clear: both; display: block; margin: 10px 0;\">\n<div style=\"clear: both; width: 100%; display: block; margin: 20px 0; padding: 0; float: none; position: static; text-align: center;\"><img decoding=\"async\"  src=\"https:\/\/a.allegroimg.com\/original\/114c71\/40847dfc40689313808ab932412d\/GRILL-WEGLOWY-BBQ-OGRODOWY-POKRYWA-POPIELNIK-KORBA-Glebokosc-grilla-54-cm\" srcset=\"https:\/\/a.allegroimg.com\/original\/114c71\/40847dfc40689313808ab932412d\/GRILL-WEGLOWY-BBQ-OGRODOWY-POKRYWA-POPIELNIK-KORBA-Glebokosc-grilla-54-cm 360w,https:\/\/a.allegroimg.com\/original\/114c71\/40847dfc40689313808ab932412d\/GRILL-WEGLOWY-BBQ-OGRODOWY-POKRYWA-POPIELNIK-KORBA-Glebokosc-grilla-54-cm 720w,https:\/\/a.allegroimg.com\/original\/114c71\/40847dfc40689313808ab932412d\/GRILL-WEGLOWY-BBQ-OGRODOWY-POKRYWA-POPIELNIK-KORBA-Glebokosc-grilla-54-cm 720w\" sizes=\"(min-width: 1200px) 560px, (min-width: 992px) 50vw, 100vw\" width=\"720px\" alt=\"GRILL W\u0118GLOWY BBQ OGRODOWY POKRYWA POPIELNIK KORBA G\u0142\u0119boko\u015b\u0107 grilla 54 cm\" style=\"max-width: 100%; height: auto; display: block; margin: 0 auto;\"><\/div>\n<\/div>\n<\/div>\n<\/div>\n<\/div>\n<\/div>\n<div style=\"clear: both; display: block; margin: 10px 0;\">\n<div style=\"clear: both; display: block; margin: 10px 0;\">\n<div style=\"clear: both; display: block; margin: 10px 0;\">\n<div  style=\"max-width:720px;max-height:449px\">\n<div style=\"clear: both; display: block; margin: 10px 0;\">\n<div style=\"clear: both; width: 100%; display: block; margin: 20px 0; padding: 0; float: none; position: static; text-align: center;\"><img decoding=\"async\"  src=\"https:\/\/a.allegroimg.com\/original\/117601\/0a20170c453aa2e35d82081b6a0a\/GRILL-WEGLOWY-BBQ-OGRODOWY-POKRYWA-POPIELNIK-KORBA-Dlugosc-rusztu-42-cm\" srcset=\"https:\/\/a.allegroimg.com\/original\/117601\/0a20170c453aa2e35d82081b6a0a\/GRILL-WEGLOWY-BBQ-OGRODOWY-POKRYWA-POPIELNIK-KORBA-Dlugosc-rusztu-42-cm 360w,https:\/\/a.allegroimg.com\/original\/117601\/0a20170c453aa2e35d82081b6a0a\/GRILL-WEGLOWY-BBQ-OGRODOWY-POKRYWA-POPIELNIK-KORBA-Dlugosc-rusztu-42-cm 720w,https:\/\/a.allegroimg.com\/original\/117601\/0a20170c453aa2e35d82081b6a0a\/GRILL-WEGLOWY-BBQ-OGRODOWY-POKRYWA-POPIELNIK-KORBA-Dlugosc-rusztu-42-cm 720w\" sizes=\"(min-width: 1200px) 560px, (min-width: 992px) 50vw, 100vw\" width=\"720px\" alt=\"GRILL W\u0118GLOWY BBQ OGRODOWY POKRYWA POPIELNIK KORBA D\u0142ugo\u015b\u0107 rusztu 42 cm\" style=\"max-width: 100%; height: auto; display: block; margin: 0 auto;\"><\/div>\n<\/div>\n<\/div>\n<\/div>\n<\/div>\n<div style=\"clear: both; display: block; margin: 10px 0;\">\n<div style=\"clear: both; display: block; margin: 10px 0;\">\n<h2>Dane techniczne<\/h2>\n<ul style=\"margin: 15px 0; padding-left: 20px; clear: both; display: block; width: 100%; float: none; position: static;\">\n<li style=\"margin: 5px 0; padding: 2px 0; clear: both; display: list-item; float: none; position: static;\">Wymiary ca\u0142kowite (DxSxW): 95\/55\/96 cm<\/li>\n<li style=\"margin: 5px 0; padding: 2px 0; clear: both; display: list-item; float: none; position: static;\">Wysoko\u015b\u0107 otwarta: 120 cm<\/li>\n<li style=\"margin: 5px 0; padding: 2px 0; clear: both; display: list-item; float: none; position: static;\">Wysoko\u015b\u0107 zamkni\u0119ta: 95 cm<\/li>\n<li style=\"margin: 5px 0; padding: 2px 0; clear: both; display: list-item; float: none; position: static;\">Powierzchnia grilla (DxS): 42 x 32 cm<\/li>\n<li style=\"margin: 5px 0; padding: 2px 0; clear: both; display: list-item; float: none; position: static;\">Wymiary ma\u0142ego rusztu (LxB): 42 x 17 cm<\/li>\n<li style=\"margin: 5px 0; padding: 2px 0; clear: both; display: list-item; float: none; position: static;\">P\u00f3\u0142ka boczna (LxB): 31 x 33 cm<\/li>\n<li style=\"margin: 5px 0; padding: 2px 0; clear: both; display: list-item; float: none; position: static;\">Siatka do przechowywania (LxB): 47 x 32 cm<\/li>\n<li style=\"margin: 5px 0; padding: 2px 0; clear: both; display: list-item; float: none; position: static;\">Wysokosc rusztu g\u0142\u00f3wnego: 78cm<\/li>\n<li style=\"margin: 5px 0; padding: 2px 0; clear: both; display: list-item; float: none; position: static;\">Waga:&nbsp; 19 kg<\/li>\n<li style=\"margin: 5px 0; padding: 2px 0; clear: both; display: list-item; float: none; position: static;\">Materia\u0142: stal, stal nierdzewna lakierowana proszkowo, stal nierdzewna emaliowana, chrom, tworzywo sztuczne<\/li>\n<\/ul>\n<\/div>\n<\/div>\n<\/div>\n<div style=\"clear: both; display: block; margin: 10px 0;\">\n<div style=\"clear: both; display: block; margin: 10px 0;\">\n<div style=\"clear: both; display: block; margin: 10px 0;\">\n<div  style=\"max-width:914px;max-height:713px\">\n<div style=\"clear: both; display: block; margin: 10px 0;\">\n<div style=\"clear: both; width: 100%; display: block; margin: 20px 0; padding: 0; float: none; position: static; text-align: center;\"><img decoding=\"async\"  src=\"https:\/\/a.allegroimg.com\/original\/11a57c\/458cf27a446fbc68fb0351633a76\/GRILL-WEGLOWY-BBQ-OGRODOWY-POKRYWA-POPIELNIK-KORBA-EAN-GTIN-6950603031090\" srcset=\"https:\/\/a.allegroimg.com\/original\/11a57c\/458cf27a446fbc68fb0351633a76\/GRILL-WEGLOWY-BBQ-OGRODOWY-POKRYWA-POPIELNIK-KORBA-EAN-GTIN-6950603031090 360w,https:\/\/a.allegroimg.com\/original\/11a57c\/458cf27a446fbc68fb0351633a76\/GRILL-WEGLOWY-BBQ-OGRODOWY-POKRYWA-POPIELNIK-KORBA-EAN-GTIN-6950603031090 720w,https:\/\/a.allegroimg.com\/original\/11a57c\/458cf27a446fbc68fb0351633a76\/GRILL-WEGLOWY-BBQ-OGRODOWY-POKRYWA-POPIELNIK-KORBA-EAN-GTIN-6950603031090 914w,https:\/\/a.allegroimg.com\/original\/11a57c\/458cf27a446fbc68fb0351633a76\/GRILL-WEGLOWY-BBQ-OGRODOWY-POKRYWA-POPIELNIK-KORBA-EAN-GTIN-6950603031090 914w\" sizes=\"100vw\" width=\"914px\" alt=\"GRILL W\u0118GLOWY BBQ OGRODOWY POKRYWA POPIELNIK KORBA EAN (GTIN) 6950603031090\" style=\"max-width: 100%; height: auto; display: block; margin: 0 auto;\"><\/div>\n<\/div>\n<\/div>\n<\/div>\n<\/div>\n<\/div>\n<\/div>\n<\/div>\n<\/div>\n<div style=\"clear: both; display: block; margin: 10px 0;\">\n","protected":false},"excerpt":{"rendered":"<p>GRILL W\u0118GLOWY BBQ OGRODOWY POKRYWA POPIELNIK KORBA<\/p>\n<p>\u2b50SPECYFIKACJA<\/p>\n<p>kolor:&nbsp; czarny\/matowy<\/p>\n<p>materia\u0142: stal nierdzewna, chrom, tworzywo sztuczne<\/p>\n<p>ko\u0142a: tworzywo sztuczne<\/p>\n<p>\u015brednica k\u00f3\u0142ek: 20cm<\/p>\n<p>Typ: przeno\u015bny<\/p>\n<p>Waga z opakowaniem: 19 kg<\/p>\n","protected":false},"featured_media":15286,"template":"","meta":{"_uag_custom_page_level_css":""},"product_brand":[546],"product_cat":[796,795,541],"product_tag":[],"class_list":{"0":"post-15285","1":"product","2":"type-product","3":"status-publish","4":"has-post-thumbnail","6":"product_brand-matmay","7":"product_cat-grille-weglowe","8":"product_cat-grillowanie","9":"product_cat-ogrod","11":"first","12":"instock","13":"sale","14":"shipping-taxable","15":"purchasable","16":"product-type-simple"},"uagb_featured_image_src":{"full":["https:\/\/ogrodowecentrum.shop\/grill\/wp-content\/uploads\/2026\/03\/allegro-image-15285.jpg",2560,2560,false],"thumbnail":["https:\/\/ogrodowecentrum.shop\/grill\/wp-content\/uploads\/2026\/03\/allegro-image-15285-150x150.jpg",150,150,true],"medium":["https:\/\/ogrodowecentrum.shop\/grill\/wp-content\/uploads\/2026\/03\/allegro-image-15285-300x300.jpg",300,300,true],"medium_large":["https:\/\/ogrodowecentrum.shop\/grill\/wp-content\/uploads\/2026\/03\/allegro-image-15285-768x768.jpg",768,768,true],"large":["https:\/\/ogrodowecentrum.shop\/grill\/wp-content\/uploads\/2026\/03\/allegro-image-15285-1024x1024.jpg",1024,1024,true],"1536x1536":["https:\/\/ogrodowecentrum.shop\/grill\/wp-content\/uploads\/2026\/03\/allegro-image-15285-1536x1536.jpg",1536,1536,true],"2048x2048":["https:\/\/ogrodowecentrum.shop\/grill\/wp-content\/uploads\/2026\/03\/allegro-image-15285-2048x2048.jpg",2048,2048,true],"woocommerce_thumbnail":["https:\/\/ogrodowecentrum.shop\/grill\/wp-content\/uploads\/2026\/03\/allegro-image-15285-300x300.jpg",300,300,true],"woocommerce_single":["https:\/\/ogrodowecentrum.shop\/grill\/wp-content\/uploads\/2026\/03\/allegro-image-15285-600x600.jpg",600,600,true],"woocommerce_gallery_thumbnail":["https:\/\/ogrodowecentrum.shop\/grill\/wp-content\/uploads\/2026\/03\/allegro-image-15285-100x100.jpg",100,100,true]},"uagb_author_info":{"display_name":"admin","author_link":"https:\/\/ogrodowecentrum.shop\/grill\/author\/"},"uagb_comment_info":0,"uagb_excerpt":"GRILL W\u0118GLOWY BBQ OGRODOWY POKRYWA POPIELNIK KORBA \u2b50SPECYFIKACJA kolor:&nbsp; czarny\/matowy materia\u0142: stal nierdzewna, chrom, tworzywo sztuczne ko\u0142a: tworzywo sztuczne \u015brednica k\u00f3\u0142ek: 20cm Typ: przeno\u015bny Waga z opakowaniem: 19 kg","_links":{"self":[{"href":"https:\/\/ogrodowecentrum.shop\/grill\/wp-json\/wp\/v2\/product\/15285","targetHints":{"allow":["GET"]}}],"collection":[{"href":"https:\/\/ogrodowecentrum.shop\/grill\/wp-json\/wp\/v2\/product"}],"about":[{"href":"https:\/\/ogrodowecentrum.shop\/grill\/wp-json\/wp\/v2\/types\/product"}],"wp:featuredmedia":[{"embeddable":true,"href":"https:\/\/ogrodowecentrum.shop\/grill\/wp-json\/wp\/v2\/media\/15286"}],"wp:attachment":[{"href":"https:\/\/ogrodowecentrum.shop\/grill\/wp-json\/wp\/v2\/media?parent=15285"}],"wp:term":[{"taxonomy":"product_brand","embeddable":true,"href":"https:\/\/ogrodowecentrum.shop\/grill\/wp-json\/wp\/v2\/product_brand?post=15285"},{"taxonomy":"product_cat","embeddable":true,"href":"https:\/\/ogrodowecentrum.shop\/grill\/wp-json\/wp\/v2\/product_cat?post=15285"},{"taxonomy":"product_tag","embeddable":true,"href":"https:\/\/ogrodowecentrum.shop\/grill\/wp-json\/wp\/v2\/product_tag?post=15285"}],"curies":[{"name":"wp","href":"https:\/\/api.w.org\/{rel}","templated":true}]}}