{"id":15773,"date":"2026-04-06T05:50:55","date_gmt":"2026-04-06T04:50:55","guid":{"rendered":"https:\/\/grillcentrum.shop\/gree\/produkt\/zestaw-mebli-ogrodowych-balkon-taras-stol-120x70-6x-krzesla-minorka-szare\/"},"modified":"2026-04-11T02:22:24","modified_gmt":"2026-04-11T01:22:24","slug":"zestaw-mebli-ogrodowych-balkon-taras-stol-120x70-6x-krzesla-minorka-szare","status":"publish","type":"product","link":"https:\/\/ogrodowyswiat24.shop\/grill\/produkt\/zestaw-mebli-ogrodowych-balkon-taras-stol-120x70-6x-krzesla-minorka-szare\/","title":{"rendered":"ZESTAW MEBLI OGRODOWYCH BALKON TARAS ST\u00d3\u0141 120&#215;70 +6x KRZES\u0141A MINORKA SZARE"},"content":{"rendered":"<div style=\"font-family: Arial, sans-serif; line-height: 1.6; color: #333; padding: 20px; clear: both; display: block; width: 100%; float: none; position: static; overflow: hidden;\">\n<div style=\"clear: both; display: block; margin: 10px 0;\">\n<div style=\"clear: both; display: block; margin: 10px 0;\">\n<div style=\"clear: both; display: block; margin: 10px 0;\">\n<h1>ZESTAW MEBLI OGRODOWYCH<\/h1>\n<h2>6x Krzes\u0142o MINORKA II SZARE + St\u00f3\u0142 MAJORKA TRIO 120&#215;70 SZARY<\/h2>\n<\/div>\n<\/div>\n<\/div>\n<div style=\"clear: both; display: block; margin: 10px 0;\">\n<div style=\"clear: both; display: block; margin: 10px 0;\">\n<div style=\"clear: both; display: block; margin: 10px 0;\">\n<div  style=\"max-width:2560px;max-height:2560px\">\n<div style=\"clear: both; display: block; margin: 10px 0;\">\n<div style=\"clear: both; width: 100%; display: block; margin: 20px 0; padding: 0; float: none; position: static; text-align: center;\"><img decoding=\"async\"  src=\"https:\/\/a.allegroimg.com\/original\/11f1dd\/dd88eceb4b1f9a8be5e635d8512e\/ZESTAW-MEBLI-OGRODOWYCH-BALKON-TARAS-STOL-120x70-6x-KRZESLA-MINORKA-SZARE-Kod-producenta-78812\" srcset=\"https:\/\/a.allegroimg.com\/original\/11f1dd\/dd88eceb4b1f9a8be5e635d8512e\/ZESTAW-MEBLI-OGRODOWYCH-BALKON-TARAS-STOL-120x70-6x-KRZESLA-MINORKA-SZARE-Kod-producenta-78812 360w,https:\/\/a.allegroimg.com\/original\/11f1dd\/dd88eceb4b1f9a8be5e635d8512e\/ZESTAW-MEBLI-OGRODOWYCH-BALKON-TARAS-STOL-120x70-6x-KRZESLA-MINORKA-SZARE-Kod-producenta-78812 720w,https:\/\/a.allegroimg.com\/original\/11f1dd\/dd88eceb4b1f9a8be5e635d8512e\/ZESTAW-MEBLI-OGRODOWYCH-BALKON-TARAS-STOL-120x70-6x-KRZESLA-MINORKA-SZARE-Kod-producenta-78812 1024w,https:\/\/a.allegroimg.com\/original\/11f1dd\/dd88eceb4b1f9a8be5e635d8512e\/ZESTAW-MEBLI-OGRODOWYCH-BALKON-TARAS-STOL-120x70-6x-KRZESLA-MINORKA-SZARE-Kod-producenta-78812 1440w,https:\/\/a.allegroimg.com\/original\/11f1dd\/dd88eceb4b1f9a8be5e635d8512e\/ZESTAW-MEBLI-OGRODOWYCH-BALKON-TARAS-STOL-120x70-6x-KRZESLA-MINORKA-SZARE-Kod-producenta-78812 2560w\" sizes=\"(min-width: 1200px) 560px, (min-width: 992px) 50vw, 100vw\" width=\"2560px\" alt=\"ZESTAW MEBLI OGRODOWYCH BALKON TARAS ST\u00d3\u0141 120x70 +6x KRZES\u0141A MINORKA SZARE Kod producenta 78812\" style=\"max-width: 100%; height: auto; display: block; margin: 0 auto;\"><\/div>\n<\/div>\n<\/div>\n<\/div>\n<\/div>\n<div style=\"clear: both; display: block; margin: 10px 0;\">\n<div style=\"clear: both; display: block; margin: 10px 0;\">\n<h1>Funkcjonalne i wygodne meble ogrodowe<\/h1>\n<h2>\u2611\ufe0f Znakomicie sprawdz\u0105 si\u0119 w:<\/h2>\n<p style=\"margin: 15px 0; line-height: 1.8; clear: both; display: block; width: 100%; float: none; position: static;\">\u2714\ufe0f<b>&nbsp;altanach<\/b><\/p>\n<p style=\"margin: 15px 0; line-height: 1.8; clear: both; display: block; width: 100%; float: none; position: static;\">\u2714\ufe0f&nbsp;<b>na tarasach<\/b><\/p>\n<h3 style=\"color: #2c5aa0; font-size: 18px; margin: 30px 0 15px 0; font-weight: bold; clear: both; display: block; width: 100%; float: none; position: static;\">\u2714\ufe0f w ogrodzie<\/h3>\n<h3 style=\"color: #2c5aa0; font-size: 18px; margin: 30px 0 15px 0; font-weight: bold; clear: both; display: block; width: 100%; float: none; position: static;\">\u2714\ufe0f na balkonach<\/h3>\n<h3 style=\"color: #2c5aa0; font-size: 18px; margin: 30px 0 15px 0; font-weight: bold; clear: both; display: block; width: 100%; float: none; position: static;\">\u2714\ufe0f na kempingu<\/h3>\n<\/div>\n<\/div>\n<\/div>\n<div style=\"clear: both; display: block; margin: 10px 0;\">\n<div style=\"clear: both; display: block; margin: 10px 0;\">\n<div style=\"clear: both; display: block; margin: 10px 0;\">\n<div  style=\"max-width:2560px;max-height:1707px\">\n<div style=\"clear: both; display: block; margin: 10px 0;\">\n<div style=\"clear: both; width: 100%; display: block; margin: 20px 0; padding: 0; float: none; position: static; text-align: center;\"><img decoding=\"async\"  src=\"https:\/\/a.allegroimg.com\/original\/1109eb\/bae4b0bc44a582a1d1d129adb314\" srcset=\"https:\/\/a.allegroimg.com\/original\/1109eb\/bae4b0bc44a582a1d1d129adb314 360w,https:\/\/a.allegroimg.com\/original\/1109eb\/bae4b0bc44a582a1d1d129adb314 720w,https:\/\/a.allegroimg.com\/original\/1109eb\/bae4b0bc44a582a1d1d129adb314 1024w,https:\/\/a.allegroimg.com\/original\/1109eb\/bae4b0bc44a582a1d1d129adb314 1440w,https:\/\/a.allegroimg.com\/original\/1109eb\/bae4b0bc44a582a1d1d129adb314 2560w\" sizes=\"100vw\" width=\"2560px\" alt=\"\" style=\"max-width: 100%; height: auto; display: block; margin: 0 auto;\"><\/div>\n<\/div>\n<\/div>\n<\/div>\n<\/div>\n<\/div>\n<div style=\"clear: both; display: block; margin: 10px 0;\">\n<div style=\"clear: both; display: block; margin: 10px 0;\">\n<div style=\"clear: both; display: block; margin: 10px 0;\">\n<h1>Krzes\u0142o MINORKA jest do samodzielnego monta\u017cu. W zestawie klucz do skr\u0119cenia.<\/h1>\n<\/div>\n<\/div>\n<\/div>\n<div style=\"clear: both; display: block; margin: 10px 0;\">\n<div style=\"clear: both; display: block; margin: 10px 0;\">\n<div style=\"clear: both; display: block; margin: 10px 0;\">\n<div  style=\"max-width:2560px;max-height:2560px\">\n<div style=\"clear: both; display: block; margin: 10px 0;\">\n<div style=\"clear: both; width: 100%; display: block; margin: 20px 0; padding: 0; float: none; position: static; text-align: center;\"><img decoding=\"async\"  src=\"https:\/\/a.allegroimg.com\/original\/117676\/4bb770c344e694dc6f0c8a011276\/ZESTAW-MEBLI-OGRODOWYCH-BALKON-TARAS-STOL-120x70-6x-KRZESLA-MINORKA-SZARE-Kolor-szary\" srcset=\"https:\/\/a.allegroimg.com\/original\/117676\/4bb770c344e694dc6f0c8a011276\/ZESTAW-MEBLI-OGRODOWYCH-BALKON-TARAS-STOL-120x70-6x-KRZESLA-MINORKA-SZARE-Kolor-szary 360w,https:\/\/a.allegroimg.com\/original\/117676\/4bb770c344e694dc6f0c8a011276\/ZESTAW-MEBLI-OGRODOWYCH-BALKON-TARAS-STOL-120x70-6x-KRZESLA-MINORKA-SZARE-Kolor-szary 720w,https:\/\/a.allegroimg.com\/original\/117676\/4bb770c344e694dc6f0c8a011276\/ZESTAW-MEBLI-OGRODOWYCH-BALKON-TARAS-STOL-120x70-6x-KRZESLA-MINORKA-SZARE-Kolor-szary 1024w,https:\/\/a.allegroimg.com\/original\/117676\/4bb770c344e694dc6f0c8a011276\/ZESTAW-MEBLI-OGRODOWYCH-BALKON-TARAS-STOL-120x70-6x-KRZESLA-MINORKA-SZARE-Kolor-szary 1440w,https:\/\/a.allegroimg.com\/original\/117676\/4bb770c344e694dc6f0c8a011276\/ZESTAW-MEBLI-OGRODOWYCH-BALKON-TARAS-STOL-120x70-6x-KRZESLA-MINORKA-SZARE-Kolor-szary 2560w\" sizes=\"(min-width: 1200px) 560px, (min-width: 992px) 50vw, 100vw\" width=\"2560px\" alt=\"ZESTAW MEBLI OGRODOWYCH BALKON TARAS ST\u00d3\u0141 120x70 +6x KRZES\u0141A MINORKA SZARE Kolor szary\" style=\"max-width: 100%; height: auto; display: block; margin: 0 auto;\"><\/div>\n<\/div>\n<\/div>\n<\/div>\n<\/div>\n<div style=\"clear: both; display: block; margin: 10px 0;\">\n<div style=\"clear: both; display: block; margin: 10px 0;\">\n<div  style=\"max-width:2560px;max-height:2560px\">\n<div style=\"clear: both; display: block; margin: 10px 0;\">\n<div style=\"clear: both; width: 100%; display: block; margin: 20px 0; padding: 0; float: none; position: static; text-align: center;\"><img decoding=\"async\"  src=\"https:\/\/a.allegroimg.com\/original\/116cec\/b7400e4d4ce88d9b9cb4c59f448a\/ZESTAW-MEBLI-OGRODOWYCH-BALKON-TARAS-STOL-120x70-6x-KRZESLA-MINORKA-SZARE-Liczba-elementow-w-zestawie-7\" srcset=\"https:\/\/a.allegroimg.com\/original\/116cec\/b7400e4d4ce88d9b9cb4c59f448a\/ZESTAW-MEBLI-OGRODOWYCH-BALKON-TARAS-STOL-120x70-6x-KRZESLA-MINORKA-SZARE-Liczba-elementow-w-zestawie-7 360w,https:\/\/a.allegroimg.com\/original\/116cec\/b7400e4d4ce88d9b9cb4c59f448a\/ZESTAW-MEBLI-OGRODOWYCH-BALKON-TARAS-STOL-120x70-6x-KRZESLA-MINORKA-SZARE-Liczba-elementow-w-zestawie-7 720w,https:\/\/a.allegroimg.com\/original\/116cec\/b7400e4d4ce88d9b9cb4c59f448a\/ZESTAW-MEBLI-OGRODOWYCH-BALKON-TARAS-STOL-120x70-6x-KRZESLA-MINORKA-SZARE-Liczba-elementow-w-zestawie-7 1024w,https:\/\/a.allegroimg.com\/original\/116cec\/b7400e4d4ce88d9b9cb4c59f448a\/ZESTAW-MEBLI-OGRODOWYCH-BALKON-TARAS-STOL-120x70-6x-KRZESLA-MINORKA-SZARE-Liczba-elementow-w-zestawie-7 1440w,https:\/\/a.allegroimg.com\/original\/116cec\/b7400e4d4ce88d9b9cb4c59f448a\/ZESTAW-MEBLI-OGRODOWYCH-BALKON-TARAS-STOL-120x70-6x-KRZESLA-MINORKA-SZARE-Liczba-elementow-w-zestawie-7 2560w\" sizes=\"(min-width: 1200px) 560px, (min-width: 992px) 50vw, 100vw\" width=\"2560px\" alt=\"ZESTAW MEBLI OGRODOWYCH BALKON TARAS ST\u00d3\u0141 120x70 +6x KRZES\u0141A MINORKA SZARE Liczba element\u00f3w w zestawie 7\" style=\"max-width: 100%; height: auto; display: block; margin: 0 auto;\"><\/div>\n<\/div>\n<\/div>\n<\/div>\n<\/div>\n<\/div>\n<div style=\"clear: both; display: block; margin: 10px 0;\">\n<div style=\"clear: both; display: block; margin: 10px 0;\">\n<div style=\"clear: both; display: block; margin: 10px 0;\">\n<div  style=\"max-width:2560px;max-height:2560px\">\n<div style=\"clear: both; display: block; margin: 10px 0;\">\n<div style=\"clear: both; width: 100%; display: block; margin: 20px 0; padding: 0; float: none; position: static; text-align: center;\"><img decoding=\"async\"  src=\"https:\/\/a.allegroimg.com\/original\/119f29\/00f8cf98480daeab25d94f500c83\/ZESTAW-MEBLI-OGRODOWYCH-BALKON-TARAS-STOL-120x70-6x-KRZESLA-MINORKA-SZARE-Material-dominujacy-tworzywo-sztuczne\" srcset=\"https:\/\/a.allegroimg.com\/original\/119f29\/00f8cf98480daeab25d94f500c83\/ZESTAW-MEBLI-OGRODOWYCH-BALKON-TARAS-STOL-120x70-6x-KRZESLA-MINORKA-SZARE-Material-dominujacy-tworzywo-sztuczne 360w,https:\/\/a.allegroimg.com\/original\/119f29\/00f8cf98480daeab25d94f500c83\/ZESTAW-MEBLI-OGRODOWYCH-BALKON-TARAS-STOL-120x70-6x-KRZESLA-MINORKA-SZARE-Material-dominujacy-tworzywo-sztuczne 720w,https:\/\/a.allegroimg.com\/original\/119f29\/00f8cf98480daeab25d94f500c83\/ZESTAW-MEBLI-OGRODOWYCH-BALKON-TARAS-STOL-120x70-6x-KRZESLA-MINORKA-SZARE-Material-dominujacy-tworzywo-sztuczne 1024w,https:\/\/a.allegroimg.com\/original\/119f29\/00f8cf98480daeab25d94f500c83\/ZESTAW-MEBLI-OGRODOWYCH-BALKON-TARAS-STOL-120x70-6x-KRZESLA-MINORKA-SZARE-Material-dominujacy-tworzywo-sztuczne 1440w,https:\/\/a.allegroimg.com\/original\/119f29\/00f8cf98480daeab25d94f500c83\/ZESTAW-MEBLI-OGRODOWYCH-BALKON-TARAS-STOL-120x70-6x-KRZESLA-MINORKA-SZARE-Material-dominujacy-tworzywo-sztuczne 2560w\" sizes=\"(min-width: 1200px) 560px, (min-width: 992px) 50vw, 100vw\" width=\"2560px\" alt=\"ZESTAW MEBLI OGRODOWYCH BALKON TARAS ST\u00d3\u0141 120x70 +6x KRZES\u0141A MINORKA SZARE Materia\u0142 dominuj\u0105cy tworzywo sztuczne\" style=\"max-width: 100%; height: auto; display: block; margin: 0 auto;\"><\/div>\n<\/div>\n<\/div>\n<\/div>\n<\/div>\n<div style=\"clear: both; display: block; margin: 10px 0;\">\n<div style=\"clear: both; display: block; margin: 10px 0;\">\n<h2>\u2611\ufe0f Specyfikacja krzes\u0142a Minorka:<\/h2>\n<p style=\"margin: 15px 0; line-height: 1.8; clear: both; display: block; width: 100%; float: none; position: static;\"><b>\u2714\ufe0f Szeroko\u015b\u0107:<\/b> 55 cm<\/p>\n<p style=\"margin: 15px 0; line-height: 1.8; clear: both; display: block; width: 100%; float: none; position: static;\"><b>\u2714\ufe0fG\u0142\u0119boko\u015b\u0107:<\/b> 65 cm<\/p>\n<p style=\"margin: 15px 0; line-height: 1.8; clear: both; display: block; width: 100%; float: none; position: static;\"><b>\u2714\ufe0fWysoko\u015b\u0107:<\/b> 90 cm<\/p>\n<p style=\"margin: 15px 0; line-height: 1.8; clear: both; display: block; width: 100%; float: none; position: static;\"><b>\u2714\ufe0fWaga:<\/b> 4,6 kg<\/p>\n<p style=\"margin: 15px 0; line-height: 1.8; clear: both; display: block; width: 100%; float: none; position: static;\"><b>\u2714\ufe0fPrzeznaczenie:<\/b> do u\u017cytku wewn\u0119trznego i zewn\u0119trznego<\/p>\n<p style=\"margin: 15px 0; line-height: 1.8; clear: both; display: block; width: 100%; float: none; position: static;\"><b>\u2714\ufe0fMateria\u0142:<\/b> stela\u017c: stal; siedzisko: textilene<\/p>\n<p style=\"margin: 15px 0; line-height: 1.8; clear: both; display: block; width: 100%; float: none; position: static;\"><b>\u2714\ufe0fObr\u00f3bka:<\/b> stal malowana proszkowo<\/p>\n<p style=\"margin: 15px 0; line-height: 1.8; clear: both; display: block; width: 100%; float: none; position: static;\"><b>\u2714\ufe0fFunkcje:<\/b> brak mo\u017cliwo\u015bci regulacji<\/p>\n<p style=\"margin: 15px 0; line-height: 1.8; clear: both; display: block; width: 100%; float: none; position: static;\"><b>\u2714\ufe0fInstrukcja monta\u017cu:<\/b> wymaga skr\u0119cenia<\/p>\n<p style=\"margin: 15px 0; line-height: 1.8; clear: both; display: block; width: 100%; float: none; position: static;\"><b>\u2714\ufe0fMaksymalne obci\u0105\u017cenie:<\/b> 120 kg<\/p>\n<p style=\"margin: 15px 0; line-height: 1.8; clear: both; display: block; width: 100%; float: none; position: static;\">\u2714\ufe0f Produkt powinien by\u0107 zabezpieczony we w\u0142asnym zakresie przed dzia\u0142aniem niekorzystnych warunk\u00f3w atmosferycznych aby nie uleg\u0142 uszkodzeniu.<\/p>\n<p style=\"margin: 15px 0; line-height: 1.8; clear: both; display: block; width: 100%; float: none; position: static;\">\u2714\ufe0f Producent: Kontrasto<\/p>\n<\/div>\n<\/div>\n<\/div>\n<div style=\"clear: both; display: block; margin: 10px 0;\">\n<div style=\"clear: both; display: block; margin: 10px 0;\">\n<div style=\"clear: both; display: block; margin: 10px 0;\">\n<div  style=\"max-width:720px;max-height:476px\">\n<div style=\"clear: both; display: block; margin: 10px 0;\">\n<div style=\"clear: both; width: 100%; display: block; margin: 20px 0; padding: 0; float: none; position: static; text-align: center;\"><img decoding=\"async\"  src=\"https:\/\/a.allegroimg.com\/original\/1177ef\/ada0075b4f0394092a48cf3d1cf0\" srcset=\"https:\/\/a.allegroimg.com\/original\/1177ef\/ada0075b4f0394092a48cf3d1cf0 360w,https:\/\/a.allegroimg.com\/original\/1177ef\/ada0075b4f0394092a48cf3d1cf0 720w,https:\/\/a.allegroimg.com\/original\/1177ef\/ada0075b4f0394092a48cf3d1cf0 720w\" sizes=\"(min-width: 1200px) 560px, (min-width: 992px) 50vw, 100vw\" width=\"720px\" alt=\"\" style=\"max-width: 100%; height: auto; display: block; margin: 0 auto;\"><\/div>\n<\/div>\n<\/div>\n<\/div>\n<\/div>\n<div style=\"clear: both; display: block; margin: 10px 0;\">\n<div style=\"clear: both; display: block; margin: 10px 0;\">\n<h2>\u2611\ufe0f Specyfikacja sto\u0142u:<\/h2>\n<p style=\"margin: 15px 0; line-height: 1.8; clear: both; display: block; width: 100%; float: none; position: static;\"><b>\u2714\ufe0f Praktyczny stolik<\/b> do ogrodu, na taras czy balkon.<\/p>\n<p style=\"margin: 15px 0; line-height: 1.8; clear: both; display: block; width: 100%; float: none; position: static;\"><b>\u2714\ufe0f <\/b>Blat sto\u0142u wykonany z <b>wytrzyma\u0142ego szk\u0142a hartowanego<\/b> na wz\u00f3r faluj\u0105cej wody.<\/p>\n<h3 style=\"color: #2c5aa0; font-size: 18px; margin: 30px 0 15px 0; font-weight: bold; clear: both; display: block; width: 100%; float: none; position: static;\">\u2714\ufe0f Profile stalowe malowane proszkowo.<\/h3>\n<p style=\"margin: 15px 0; line-height: 1.8; clear: both; display: block; width: 100%; float: none; position: static;\"><b>\u2714\ufe0f <\/b>Blat bez otworu.<\/p>\n<p style=\"margin: 15px 0; line-height: 1.8; clear: both; display: block; width: 100%; float: none; position: static;\"><b>\u2714\ufe0f <\/b>Nadaje si\u0119 <b>do u\u017cytku na zewn\u0105trz i wewn\u0105trz.<\/b><\/p>\n<p style=\"margin: 15px 0; line-height: 1.8; clear: both; display: block; width: 100%; float: none; position: static;\"><b>\u2714\ufe0f<\/b><b>\u0141atwy monta\u017c.<\/b><\/p>\n<p style=\"margin: 15px 0; line-height: 1.8; clear: both; display: block; width: 100%; float: none; position: static;\"><b>\u2714\ufe0f <\/b>Rozmiar blatu: <b>120x70cm.<\/b><\/p>\n<p style=\"margin: 15px 0; line-height: 1.8; clear: both; display: block; width: 100%; float: none; position: static;\"><b>\u2714\ufe0f <\/b>Wysoko\u015b\u0107: <b>70 cm.<\/b><\/p>\n<p style=\"margin: 15px 0; line-height: 1.8; clear: both; display: block; width: 100%; float: none; position: static;\">\u2714\ufe0f Produkt powinien by\u0107 zabezpieczony we w\u0142asnym zakresie przed dzia\u0142aniem niekorzystnych warunk\u00f3w atmosferycznych aby nie uleg\u0142 uszkodzeniu.<\/p>\n<p style=\"margin: 15px 0; line-height: 1.8; clear: both; display: block; width: 100%; float: none; position: static;\">\u2714\ufe0f Producent: Kontrasto<\/p>\n<\/div>\n<\/div>\n<\/div>\n<div style=\"clear: both; display: block; margin: 10px 0;\">\n<div style=\"clear: both; display: block; margin: 10px 0;\">\n<div style=\"clear: both; display: block; margin: 10px 0;\">\n<div  style=\"max-width:2560px;max-height:2560px\">\n<div style=\"clear: both; display: block; margin: 10px 0;\">\n<div style=\"clear: both; width: 100%; display: block; margin: 20px 0; padding: 0; float: none; position: static; text-align: center;\"><img decoding=\"async\"  src=\"https:\/\/a.allegroimg.com\/original\/113bc9\/27c66b534abb8c8fd57f5c256bd6\/ZESTAW-MEBLI-OGRODOWYCH-BALKON-TARAS-STOL-120x70-6x-KRZESLA-MINORKA-SZARE-EAN-GTIN-5907368788128\" srcset=\"https:\/\/a.allegroimg.com\/original\/113bc9\/27c66b534abb8c8fd57f5c256bd6\/ZESTAW-MEBLI-OGRODOWYCH-BALKON-TARAS-STOL-120x70-6x-KRZESLA-MINORKA-SZARE-EAN-GTIN-5907368788128 360w,https:\/\/a.allegroimg.com\/original\/113bc9\/27c66b534abb8c8fd57f5c256bd6\/ZESTAW-MEBLI-OGRODOWYCH-BALKON-TARAS-STOL-120x70-6x-KRZESLA-MINORKA-SZARE-EAN-GTIN-5907368788128 720w,https:\/\/a.allegroimg.com\/original\/113bc9\/27c66b534abb8c8fd57f5c256bd6\/ZESTAW-MEBLI-OGRODOWYCH-BALKON-TARAS-STOL-120x70-6x-KRZESLA-MINORKA-SZARE-EAN-GTIN-5907368788128 1024w,https:\/\/a.allegroimg.com\/original\/113bc9\/27c66b534abb8c8fd57f5c256bd6\/ZESTAW-MEBLI-OGRODOWYCH-BALKON-TARAS-STOL-120x70-6x-KRZESLA-MINORKA-SZARE-EAN-GTIN-5907368788128 1440w,https:\/\/a.allegroimg.com\/original\/113bc9\/27c66b534abb8c8fd57f5c256bd6\/ZESTAW-MEBLI-OGRODOWYCH-BALKON-TARAS-STOL-120x70-6x-KRZESLA-MINORKA-SZARE-EAN-GTIN-5907368788128 2560w\" sizes=\"(min-width: 1200px) 560px, (min-width: 992px) 50vw, 100vw\" width=\"2560px\" alt=\"ZESTAW MEBLI OGRODOWYCH BALKON TARAS ST\u00d3\u0141 120x70 +6x KRZES\u0141A MINORKA SZARE EAN (GTIN) 5907368788128\" style=\"max-width: 100%; height: auto; display: block; margin: 0 auto;\"><\/div>\n<\/div>\n<\/div>\n<\/div>\n<\/div>\n<div style=\"clear: both; display: block; margin: 10px 0;\">\n<div style=\"clear: both; display: block; margin: 10px 0;\">\n<h2>\u2611\ufe0f Mo\u017cliwo\u015b\u0107 sztaplowania<\/h2>\n<p style=\"margin: 15px 0; line-height: 1.8; clear: both; display: block; width: 100%; float: none; position: static;\"><b>\u2714\ufe0f <\/b>Krzes\u0142a <b>mo\u017cna pi\u0119trowa\u0107<\/b> przy przechowywaniu lub transporcie dzi\u0119ki czemu zajmuj\u0105 ma\u0142o miejsca.<\/p>\n<\/div>\n<\/div>\n<\/div>\n<div style=\"clear: both; display: block; margin: 10px 0;\">\n<div style=\"clear: both; display: block; margin: 10px 0;\">\n<div style=\"clear: both; display: block; margin: 10px 0;\">\n<div  style=\"max-width:2560px;max-height:2560px\">\n<div style=\"clear: both; display: block; margin: 10px 0;\">\n<div style=\"clear: both; width: 100%; display: block; margin: 20px 0; padding: 0; float: none; position: static; text-align: center;\"><img decoding=\"async\"  src=\"https:\/\/a.allegroimg.com\/original\/113be6\/b215c67b40c59f86cb2f0524bca1\/ZESTAW-MEBLI-OGRODOWYCH-BALKON-TARAS-STOL-120x70-6x-KRZESLA-MINORKA-SZARE-Producent-Kontrast\" srcset=\"https:\/\/a.allegroimg.com\/original\/113be6\/b215c67b40c59f86cb2f0524bca1\/ZESTAW-MEBLI-OGRODOWYCH-BALKON-TARAS-STOL-120x70-6x-KRZESLA-MINORKA-SZARE-Producent-Kontrast 360w,https:\/\/a.allegroimg.com\/original\/113be6\/b215c67b40c59f86cb2f0524bca1\/ZESTAW-MEBLI-OGRODOWYCH-BALKON-TARAS-STOL-120x70-6x-KRZESLA-MINORKA-SZARE-Producent-Kontrast 720w,https:\/\/a.allegroimg.com\/original\/113be6\/b215c67b40c59f86cb2f0524bca1\/ZESTAW-MEBLI-OGRODOWYCH-BALKON-TARAS-STOL-120x70-6x-KRZESLA-MINORKA-SZARE-Producent-Kontrast 1024w,https:\/\/a.allegroimg.com\/original\/113be6\/b215c67b40c59f86cb2f0524bca1\/ZESTAW-MEBLI-OGRODOWYCH-BALKON-TARAS-STOL-120x70-6x-KRZESLA-MINORKA-SZARE-Producent-Kontrast 1440w,https:\/\/a.allegroimg.com\/original\/113be6\/b215c67b40c59f86cb2f0524bca1\/ZESTAW-MEBLI-OGRODOWYCH-BALKON-TARAS-STOL-120x70-6x-KRZESLA-MINORKA-SZARE-Producent-Kontrast 2560w\" sizes=\"(min-width: 1200px) 560px, (min-width: 992px) 50vw, 100vw\" width=\"2560px\" alt=\"ZESTAW MEBLI OGRODOWYCH BALKON TARAS ST\u00d3\u0141 120x70 +6x KRZES\u0141A MINORKA SZARE Producent Kontrast\" style=\"max-width: 100%; height: auto; display: block; margin: 0 auto;\"><\/div>\n<\/div>\n<\/div>\n<\/div>\n<\/div>\n<div style=\"clear: both; display: block; margin: 10px 0;\">\n<div style=\"clear: both; display: block; margin: 10px 0;\">\n<div  style=\"max-width:1625px;max-height:1030px\">\n<div style=\"clear: both; display: block; margin: 10px 0;\">\n<div style=\"clear: both; width: 100%; display: block; margin: 20px 0; padding: 0; float: none; position: static; text-align: center;\"><img decoding=\"async\"  src=\"https:\/\/a.allegroimg.com\/original\/112014\/6044c5184f95b4e18af4055c033c\" srcset=\"https:\/\/a.allegroimg.com\/original\/112014\/6044c5184f95b4e18af4055c033c 360w,https:\/\/a.allegroimg.com\/original\/112014\/6044c5184f95b4e18af4055c033c 720w,https:\/\/a.allegroimg.com\/original\/112014\/6044c5184f95b4e18af4055c033c 1024w,https:\/\/a.allegroimg.com\/original\/112014\/6044c5184f95b4e18af4055c033c 1440w,https:\/\/a.allegroimg.com\/original\/112014\/6044c5184f95b4e18af4055c033c 1625w\" sizes=\"(min-width: 1200px) 560px, (min-width: 992px) 50vw, 100vw\" width=\"1625px\" alt=\"\" style=\"max-width: 100%; height: auto; display: block; margin: 0 auto;\"><\/div>\n<\/div>\n<\/div>\n<\/div>\n<\/div>\n<\/div>\n<div style=\"clear: both; display: block; margin: 10px 0;\">\n<div style=\"clear: both; display: block; margin: 10px 0;\">\n<div style=\"clear: both; display: block; margin: 10px 0;\">\n<div  style=\"max-width:1671px;max-height:940px\">\n<div style=\"clear: both; display: block; margin: 10px 0;\">\n<div style=\"clear: both; width: 100%; display: block; margin: 20px 0; padding: 0; float: none; position: static; text-align: center;\"><img decoding=\"async\"  src=\"https:\/\/a.allegroimg.com\/original\/11c129\/71b50964451c824f6f81660afd4d\" srcset=\"https:\/\/a.allegroimg.com\/original\/11c129\/71b50964451c824f6f81660afd4d 360w,https:\/\/a.allegroimg.com\/original\/11c129\/71b50964451c824f6f81660afd4d 720w,https:\/\/a.allegroimg.com\/original\/11c129\/71b50964451c824f6f81660afd4d 1024w,https:\/\/a.allegroimg.com\/original\/11c129\/71b50964451c824f6f81660afd4d 1440w,https:\/\/a.allegroimg.com\/original\/11c129\/71b50964451c824f6f81660afd4d 1671w\" sizes=\"100vw\" width=\"1671px\" alt=\"\" style=\"max-width: 100%; height: auto; display: block; margin: 0 auto;\"><\/div>\n<\/div>\n<\/div>\n<\/div>\n<\/div>\n<\/div>\n<\/div>\n<\/div>\n<\/div>\n<div style=\"clear: both; display: block; margin: 10px 0;\">\n","protected":false},"excerpt":{"rendered":"<p>ZESTAW MEBLI OGRODOWYCH<\/p>\n<p>6x Krzes\u0142o MINORKA II SZARE + St\u00f3\u0142 MAJORKA TRIO 120&#215;70 SZARY<\/p>\n<p>Funkcjonalne i wygodne meble ogrodowe<\/p>\n<p>\u2611\ufe0f Znakomicie sprawdz\u0105 si\u0119 w:<\/p>\n<p>\u2714\ufe0f&nbsp;altanach<\/p>\n<p>\u2714\ufe0f&nbsp;na tarasach<\/p>\n<p>\u2714\ufe0f w ogrodzie<\/p>\n<p>\u2714\ufe0f na balkonach<\/p>\n","protected":false},"featured_media":15774,"template":"","meta":{"_uag_custom_page_level_css":""},"product_brand":[448],"product_cat":[532,542,541],"product_tag":[],"class_list":{"0":"post-15773","1":"product","2":"type-product","3":"status-publish","4":"has-post-thumbnail","6":"product_brand-kontrast","7":"product_cat-komplety-mebli","8":"product_cat-meble-ogrodowe","9":"product_cat-ogrod","11":"first","12":"instock","13":"sale","14":"shipping-taxable","15":"purchasable","16":"product-type-simple"},"uagb_featured_image_src":{"full":["https:\/\/ogrodowyswiat24.shop\/grill\/wp-content\/uploads\/2026\/04\/allegro-image-15773.jpg",2560,2560,false],"thumbnail":["https:\/\/ogrodowyswiat24.shop\/grill\/wp-content\/uploads\/2026\/04\/allegro-image-15773-150x150.jpg",150,150,true],"medium":["https:\/\/ogrodowyswiat24.shop\/grill\/wp-content\/uploads\/2026\/04\/allegro-image-15773-300x300.jpg",300,300,true],"medium_large":["https:\/\/ogrodowyswiat24.shop\/grill\/wp-content\/uploads\/2026\/04\/allegro-image-15773-768x768.jpg",768,768,true],"large":["https:\/\/ogrodowyswiat24.shop\/grill\/wp-content\/uploads\/2026\/04\/allegro-image-15773-1024x1024.jpg",1024,1024,true],"1536x1536":["https:\/\/ogrodowyswiat24.shop\/grill\/wp-content\/uploads\/2026\/04\/allegro-image-15773-1536x1536.jpg",1536,1536,true],"2048x2048":["https:\/\/ogrodowyswiat24.shop\/grill\/wp-content\/uploads\/2026\/04\/allegro-image-15773-2048x2048.jpg",2048,2048,true],"woocommerce_thumbnail":["https:\/\/ogrodowyswiat24.shop\/grill\/wp-content\/uploads\/2026\/04\/allegro-image-15773-300x300.jpg",300,300,true],"woocommerce_single":["https:\/\/ogrodowyswiat24.shop\/grill\/wp-content\/uploads\/2026\/04\/allegro-image-15773-600x600.jpg",600,600,true],"woocommerce_gallery_thumbnail":["https:\/\/ogrodowyswiat24.shop\/grill\/wp-content\/uploads\/2026\/04\/allegro-image-15773-100x100.jpg",100,100,true]},"uagb_author_info":{"display_name":"admin","author_link":"https:\/\/ogrodowyswiat24.shop\/grill\/author\/"},"uagb_comment_info":0,"uagb_excerpt":"ZESTAW MEBLI OGRODOWYCH 6x Krzes\u0142o MINORKA II SZARE + St\u00f3\u0142 MAJORKA TRIO 120x70 SZARY Funkcjonalne i wygodne meble ogrodowe \u2611\ufe0f Znakomicie sprawdz\u0105 si\u0119 w: \u2714\ufe0f&nbsp;altanach \u2714\ufe0f&nbsp;na tarasach \u2714\ufe0f w ogrodzie \u2714\ufe0f na balkonach","_links":{"self":[{"href":"https:\/\/ogrodowyswiat24.shop\/grill\/wp-json\/wp\/v2\/product\/15773","targetHints":{"allow":["GET"]}}],"collection":[{"href":"https:\/\/ogrodowyswiat24.shop\/grill\/wp-json\/wp\/v2\/product"}],"about":[{"href":"https:\/\/ogrodowyswiat24.shop\/grill\/wp-json\/wp\/v2\/types\/product"}],"wp:featuredmedia":[{"embeddable":true,"href":"https:\/\/ogrodowyswiat24.shop\/grill\/wp-json\/wp\/v2\/media\/15774"}],"wp:attachment":[{"href":"https:\/\/ogrodowyswiat24.shop\/grill\/wp-json\/wp\/v2\/media?parent=15773"}],"wp:term":[{"taxonomy":"product_brand","embeddable":true,"href":"https:\/\/ogrodowyswiat24.shop\/grill\/wp-json\/wp\/v2\/product_brand?post=15773"},{"taxonomy":"product_cat","embeddable":true,"href":"https:\/\/ogrodowyswiat24.shop\/grill\/wp-json\/wp\/v2\/product_cat?post=15773"},{"taxonomy":"product_tag","embeddable":true,"href":"https:\/\/ogrodowyswiat24.shop\/grill\/wp-json\/wp\/v2\/product_tag?post=15773"}],"curies":[{"name":"wp","href":"https:\/\/api.w.org\/{rel}","templated":true}]}}