{"id":15833,"date":"2026-04-06T05:51:35","date_gmt":"2026-04-06T04:51:35","guid":{"rendered":"https:\/\/grillcentrum.shop\/gree\/produkt\/zestaw-meble-ogrodowe-technorattan-komplet-mebli-meble-ogrodowych-do-ogrodu-2\/"},"modified":"2026-04-11T02:22:26","modified_gmt":"2026-04-11T01:22:26","slug":"zestaw-meble-ogrodowe-technorattan-komplet-mebli-meble-ogrodowych-do-ogrodu-2","status":"publish","type":"product","link":"https:\/\/ogrodowyswiat24.shop\/grill\/produkt\/zestaw-meble-ogrodowe-technorattan-komplet-mebli-meble-ogrodowych-do-ogrodu-2\/","title":{"rendered":"ZESTAW MEBLE OGRODOWE TECHNORATTAN KOMPLET MEBLI MEBLE OGRODOWYCH DO OGRODU"},"content":{"rendered":"<div style=\"font-family: Arial, sans-serif; line-height: 1.6; color: #333; padding: 20px; clear: both; display: block; width: 100%; float: none; position: static; overflow: hidden;\">\n<div style=\"clear: both; display: block; margin: 10px 0;\">\n<div style=\"clear: both; display: block; margin: 10px 0;\">\n<div style=\"clear: both; display: block; margin: 10px 0;\">\n<h3 style=\"color: #2c5aa0; font-size: 18px; margin: 30px 0 15px 0; font-weight: bold; clear: both; display: block; width: 100%; float: none; position: static;\">ZESTAW MEBLI OGRODOWYCH TECHNORATTAN KOMPLET MEBLI MEBLE OGRODOWE DO OGRODU<\/h3>\n<\/div>\n<\/div>\n<\/div>\n<div style=\"clear: both; display: block; margin: 10px 0;\">\n<div style=\"clear: both; display: block; margin: 10px 0;\">\n<div style=\"clear: both; display: block; margin: 10px 0;\">\n<p style=\"margin: 15px 0; line-height: 1.8; clear: both; display: block; width: 100%; float: none; position: static;\">Meble wyplatane s\u0105 r\u0119cznie z plecionki technorattanowej<\/p>\n<p style=\"margin: 15px 0; line-height: 1.8; clear: both; display: block; width: 100%; float: none; position: static;\">Wygodne krzes\u0142a i elegancki st\u00f3\u0142 zach\u0119caj\u0105 do mi\u0142ego sp\u0119dzenia czasu. Ze wzgl\u0119du na niewielk\u0105 wag\u0119 meble mog\u0105 by\u0107 \u0142atwo transportowane. Niemniej jednak, otrzymuj\u0105 one maksymaln\u0105 stabilno\u015b\u0107 dzi\u0119ki aluminiowej ramie. Powierzchnia sto\u0142u z przezroczystym szklanym blatem wygl\u0105da wyj\u0105tkowo szlachetnie i doskonale nadaje si\u0119 do czyszczenia. Bardzo wygodne, szare poduszki siedze\u0144 wykonane z poliestru s\u0105 dopasowane kolorystycznie do zestawu ratanowego, a na plecach zapinane na zamek b\u0142yskawiczny, dzi\u0119ki czemu tapicerka jest \u0142atwa do czyszczenia.<\/p>\n<\/div>\n<\/div>\n<div style=\"clear: both; display: block; margin: 10px 0;\">\n<div style=\"clear: both; display: block; margin: 10px 0;\">\n<div  style=\"max-width:1024px;max-height:1024px\">\n<div style=\"clear: both; display: block; margin: 10px 0;\">\n<div style=\"clear: both; width: 100%; display: block; margin: 20px 0; padding: 0; float: none; position: static; text-align: center;\"><img decoding=\"async\"  src=\"https:\/\/a.allegroimg.com\/original\/115c74\/693ffb4d41ecadba34452a1b4b81\/ZESTAW-MEBLE-OGRODOWE-TECHNORATTAN-KOMPLET-MEBLI-MEBLE-OGRODOWYCH-DO-OGRODU\" srcset=\"https:\/\/a.allegroimg.com\/original\/115c74\/693ffb4d41ecadba34452a1b4b81\/ZESTAW-MEBLE-OGRODOWE-TECHNORATTAN-KOMPLET-MEBLI-MEBLE-OGRODOWYCH-DO-OGRODU 360w,https:\/\/a.allegroimg.com\/original\/115c74\/693ffb4d41ecadba34452a1b4b81\/ZESTAW-MEBLE-OGRODOWE-TECHNORATTAN-KOMPLET-MEBLI-MEBLE-OGRODOWYCH-DO-OGRODU 720w,https:\/\/a.allegroimg.com\/original\/115c74\/693ffb4d41ecadba34452a1b4b81\/ZESTAW-MEBLE-OGRODOWE-TECHNORATTAN-KOMPLET-MEBLI-MEBLE-OGRODOWYCH-DO-OGRODU 1024w,https:\/\/a.allegroimg.com\/original\/115c74\/693ffb4d41ecadba34452a1b4b81\/ZESTAW-MEBLE-OGRODOWE-TECHNORATTAN-KOMPLET-MEBLI-MEBLE-OGRODOWYCH-DO-OGRODU 1024w\" sizes=\"(min-width: 1200px) 560px, (min-width: 992px) 50vw, 100vw\" width=\"1024px\" alt=\"ZESTAW MEBLE OGRODOWE TECHNORATTAN KOMPLET MEBLI MEBLE OGRODOWYCH DO OGRODU\" style=\"max-width: 100%; height: auto; display: block; margin: 0 auto;\"><\/div>\n<\/div>\n<\/div>\n<\/div>\n<\/div>\n<\/div>\n<div style=\"clear: both; display: block; margin: 10px 0;\">\n<div style=\"clear: both; display: block; margin: 10px 0;\">\n<div style=\"clear: both; display: block; margin: 10px 0;\">\n<p style=\"margin: 15px 0; line-height: 1.8; clear: both; display: block; width: 100%; float: none; position: static;\">Dane techniczne:<\/p>\n<p style=\"margin: 15px 0; line-height: 1.8; clear: both; display: block; width: 100%; float: none; position: static;\">Materia\u0142 : technorattan<\/p>\n<p style=\"margin: 15px 0; line-height: 1.8; clear: both; display: block; width: 100%; float: none; position: static;\">Materia\u0142 bazowy: stal<\/p>\n<p style=\"margin: 15px 0; line-height: 1.8; clear: both; display: block; width: 100%; float: none; position: static;\">Materia\u0142 siedziska: pianka poliuretanowa, poliester<\/p>\n<p style=\"margin: 15px 0; line-height: 1.8; clear: both; display: block; width: 100%; float: none; position: static;\">Blat: szk\u0142o kolor CZANRY<\/p>\n<p style=\"margin: 15px 0; line-height: 1.8; clear: both; display: block; width: 100%; float: none; position: static;\">Kolor oplotu: czarny<\/p>\n<p style=\"margin: 15px 0; line-height: 1.8; clear: both; display: block; width: 100%; float: none; position: static;\">Poduszki kolor: szare<\/p>\n<\/div>\n<\/div>\n<div style=\"clear: both; display: block; margin: 10px 0;\">\n<div style=\"clear: both; display: block; margin: 10px 0;\">\n<div  style=\"max-width:720px;max-height:720px\">\n<div style=\"clear: both; display: block; margin: 10px 0;\">\n<div style=\"clear: both; width: 100%; display: block; margin: 20px 0; padding: 0; float: none; position: static; text-align: center;\"><img decoding=\"async\"  src=\"https:\/\/a.allegroimg.com\/original\/1141e8\/fbc6c08c4e4396961af55e9e5bb5\/ZESTAW-MEBLE-OGRODOWE-TECHNORATTAN-KOMPLET-MEBLI-MEBLE-OGRODOWYCH-DO-OGRODU-Kod-producenta-SFS010\" srcset=\"https:\/\/a.allegroimg.com\/original\/1141e8\/fbc6c08c4e4396961af55e9e5bb5\/ZESTAW-MEBLE-OGRODOWE-TECHNORATTAN-KOMPLET-MEBLI-MEBLE-OGRODOWYCH-DO-OGRODU-Kod-producenta-SFS010 360w,https:\/\/a.allegroimg.com\/original\/1141e8\/fbc6c08c4e4396961af55e9e5bb5\/ZESTAW-MEBLE-OGRODOWE-TECHNORATTAN-KOMPLET-MEBLI-MEBLE-OGRODOWYCH-DO-OGRODU-Kod-producenta-SFS010 720w,https:\/\/a.allegroimg.com\/original\/1141e8\/fbc6c08c4e4396961af55e9e5bb5\/ZESTAW-MEBLE-OGRODOWE-TECHNORATTAN-KOMPLET-MEBLI-MEBLE-OGRODOWYCH-DO-OGRODU-Kod-producenta-SFS010 720w\" sizes=\"(min-width: 1200px) 560px, (min-width: 992px) 50vw, 100vw\" width=\"720px\" alt=\"ZESTAW MEBLE OGRODOWE TECHNORATTAN KOMPLET MEBLI MEBLE OGRODOWYCH DO OGRODU Kod producenta SFS010\" style=\"max-width: 100%; height: auto; display: block; margin: 0 auto;\"><\/div>\n<\/div>\n<\/div>\n<\/div>\n<\/div>\n<\/div>\n<div style=\"clear: both; display: block; margin: 10px 0;\">\n<div style=\"clear: both; display: block; margin: 10px 0;\">\n<div style=\"clear: both; display: block; margin: 10px 0;\">\n<p style=\"margin: 15px 0; line-height: 1.8; clear: both; display: block; width: 100%; float: none; position: static;\">Wymiary (warto\u015bci przybli\u017cone w cm):<\/p>\n<p style=\"margin: 15px 0; line-height: 1.8; clear: both; display: block; width: 100%; float: none; position: static;\">St\u00f3\u0142: 71x39x41cm<\/p>\n<p style=\"margin: 15px 0; line-height: 1.8; clear: both; display: block; width: 100%; float: none; position: static;\">Sofa: 101 x 57 x 81cm<\/p>\n<p style=\"margin: 15px 0; line-height: 1.8; clear: both; display: block; width: 100%; float: none; position: static;\">Krzes\u0142a: 57x 57 x 81cm<\/p>\n<p style=\"margin: 15px 0; line-height: 1.8; clear: both; display: block; width: 100%; float: none; position: static;\">Siedzisko: 58 x 47cm<\/p>\n<p style=\"margin: 15px 0; line-height: 1.8; clear: both; display: block; width: 100%; float: none; position: static;\">Wysoko\u015b\u0107 siedziska: 46cm<\/p>\n<p style=\"margin: 15px 0; line-height: 1.8; clear: both; display: block; width: 100%; float: none; position: static;\">Grubo\u015b\u0107 poduszki: 4cm<\/p>\n<p style=\"margin: 15px 0; line-height: 1.8; clear: both; display: block; width: 100%; float: none; position: static;\">Kolor<\/p>\n<p style=\"margin: 15px 0; line-height: 1.8; clear: both; display: block; width: 100%; float: none; position: static;\">Plecionka ratanowa: czarny<\/p>\n<\/div>\n<\/div>\n<div style=\"clear: both; display: block; margin: 10px 0;\">\n<div style=\"clear: both; display: block; margin: 10px 0;\">\n<div  style=\"max-width:720px;max-height:720px\">\n<div style=\"clear: both; display: block; margin: 10px 0;\">\n<div style=\"clear: both; width: 100%; display: block; margin: 20px 0; padding: 0; float: none; position: static; text-align: center;\"><img decoding=\"async\"  src=\"https:\/\/a.allegroimg.com\/original\/11703d\/f847fdac4ac8acf1318cb0ffb0f0\/ZESTAW-MEBLE-OGRODOWE-TECHNORATTAN-KOMPLET-MEBLI-MEBLE-OGRODOWYCH-DO-OGRODU-Producent-MTG-Trade-Group\" srcset=\"https:\/\/a.allegroimg.com\/original\/11703d\/f847fdac4ac8acf1318cb0ffb0f0\/ZESTAW-MEBLE-OGRODOWE-TECHNORATTAN-KOMPLET-MEBLI-MEBLE-OGRODOWYCH-DO-OGRODU-Producent-MTG-Trade-Group 360w,https:\/\/a.allegroimg.com\/original\/11703d\/f847fdac4ac8acf1318cb0ffb0f0\/ZESTAW-MEBLE-OGRODOWE-TECHNORATTAN-KOMPLET-MEBLI-MEBLE-OGRODOWYCH-DO-OGRODU-Producent-MTG-Trade-Group 720w,https:\/\/a.allegroimg.com\/original\/11703d\/f847fdac4ac8acf1318cb0ffb0f0\/ZESTAW-MEBLE-OGRODOWE-TECHNORATTAN-KOMPLET-MEBLI-MEBLE-OGRODOWYCH-DO-OGRODU-Producent-MTG-Trade-Group 720w\" sizes=\"(min-width: 1200px) 560px, (min-width: 992px) 50vw, 100vw\" width=\"720px\" alt=\"ZESTAW MEBLE OGRODOWE TECHNORATTAN KOMPLET MEBLI MEBLE OGRODOWYCH DO OGRODU Producent MTG Trade Group\" style=\"max-width: 100%; height: auto; display: block; margin: 0 auto;\"><\/div>\n<\/div>\n<\/div>\n<\/div>\n<\/div>\n<\/div>\n<div style=\"clear: both; display: block; margin: 10px 0;\">\n<div style=\"clear: both; display: block; margin: 10px 0;\">\n<div style=\"clear: both; display: block; margin: 10px 0;\">\n<p style=\"margin: 15px 0; line-height: 1.8; clear: both; display: block; width: 100%; float: none; position: static;\">Kolor<\/p>\n<p style=\"margin: 15px 0; line-height: 1.8; clear: both; display: block; width: 100%; float: none; position: static;\">Plecionka ratanowa: czarny<\/p>\n<p style=\"margin: 15px 0; line-height: 1.8; clear: both; display: block; width: 100%; float: none; position: static;\">Poduszki: szare<\/p>\n<p style=\"margin: 15px 0; line-height: 1.8; clear: both; display: block; width: 100%; float: none; position: static;\">1x stolik z blatem szklanym<\/p>\n<p style=\"margin: 15px 0; line-height: 1.8; clear: both; display: block; width: 100%; float: none; position: static;\">1x sofa<\/p>\n<p style=\"margin: 15px 0; line-height: 1.8; clear: both; display: block; width: 100%; float: none; position: static;\">3x poduszka<\/p>\n<\/div>\n<\/div>\n<div style=\"clear: both; display: block; margin: 10px 0;\">\n<div style=\"clear: both; display: block; margin: 10px 0;\">\n<div  style=\"max-width:1500px;max-height:1500px\">\n<div style=\"clear: both; display: block; margin: 10px 0;\">\n<div style=\"clear: both; width: 100%; display: block; margin: 20px 0; padding: 0; float: none; position: static; text-align: center;\"><img decoding=\"async\"  src=\"https:\/\/a.allegroimg.com\/original\/116101\/50c3c57a49ca8616b64d26b8e34c\/ZESTAW-MEBLE-OGRODOWE-TECHNORATTAN-KOMPLET-MEBLI-MEBLE-OGRODOWYCH-DO-OGRODU-Material-dominujacy-technorattan\" srcset=\"https:\/\/a.allegroimg.com\/original\/116101\/50c3c57a49ca8616b64d26b8e34c\/ZESTAW-MEBLE-OGRODOWE-TECHNORATTAN-KOMPLET-MEBLI-MEBLE-OGRODOWYCH-DO-OGRODU-Material-dominujacy-technorattan 360w,https:\/\/a.allegroimg.com\/original\/116101\/50c3c57a49ca8616b64d26b8e34c\/ZESTAW-MEBLE-OGRODOWE-TECHNORATTAN-KOMPLET-MEBLI-MEBLE-OGRODOWYCH-DO-OGRODU-Material-dominujacy-technorattan 720w,https:\/\/a.allegroimg.com\/original\/116101\/50c3c57a49ca8616b64d26b8e34c\/ZESTAW-MEBLE-OGRODOWE-TECHNORATTAN-KOMPLET-MEBLI-MEBLE-OGRODOWYCH-DO-OGRODU-Material-dominujacy-technorattan 1024w,https:\/\/a.allegroimg.com\/original\/116101\/50c3c57a49ca8616b64d26b8e34c\/ZESTAW-MEBLE-OGRODOWE-TECHNORATTAN-KOMPLET-MEBLI-MEBLE-OGRODOWYCH-DO-OGRODU-Material-dominujacy-technorattan 1440w,https:\/\/a.allegroimg.com\/original\/116101\/50c3c57a49ca8616b64d26b8e34c\/ZESTAW-MEBLE-OGRODOWE-TECHNORATTAN-KOMPLET-MEBLI-MEBLE-OGRODOWYCH-DO-OGRODU-Material-dominujacy-technorattan 1500w\" sizes=\"(min-width: 1200px) 560px, (min-width: 992px) 50vw, 100vw\" width=\"1500px\" alt=\"ZESTAW MEBLE OGRODOWE TECHNORATTAN KOMPLET MEBLI MEBLE OGRODOWYCH DO OGRODU Materia\u0142 dominuj\u0105cy technorattan\" style=\"max-width: 100%; height: auto; display: block; margin: 0 auto;\"><\/div>\n<\/div>\n<\/div>\n<\/div>\n<\/div>\n<\/div>\n<div style=\"clear: both; display: block; margin: 10px 0;\">\n<div style=\"clear: both; display: block; margin: 10px 0;\">\n<div style=\"clear: both; display: block; margin: 10px 0;\">\n<div  style=\"max-width:1024px;max-height:1024px\">\n<div style=\"clear: both; display: block; margin: 10px 0;\">\n<div style=\"clear: both; width: 100%; display: block; margin: 20px 0; padding: 0; float: none; position: static; text-align: center;\"><img decoding=\"async\"  src=\"https:\/\/a.allegroimg.com\/original\/115c74\/693ffb4d41ecadba34452a1b4b81\/ZESTAW-MEBLE-OGRODOWE-TECHNORATTAN-KOMPLET-MEBLI-MEBLE-OGRODOWYCH-DO-OGRODU\" srcset=\"https:\/\/a.allegroimg.com\/original\/115c74\/693ffb4d41ecadba34452a1b4b81\/ZESTAW-MEBLE-OGRODOWE-TECHNORATTAN-KOMPLET-MEBLI-MEBLE-OGRODOWYCH-DO-OGRODU 360w,https:\/\/a.allegroimg.com\/original\/115c74\/693ffb4d41ecadba34452a1b4b81\/ZESTAW-MEBLE-OGRODOWE-TECHNORATTAN-KOMPLET-MEBLI-MEBLE-OGRODOWYCH-DO-OGRODU 720w,https:\/\/a.allegroimg.com\/original\/115c74\/693ffb4d41ecadba34452a1b4b81\/ZESTAW-MEBLE-OGRODOWE-TECHNORATTAN-KOMPLET-MEBLI-MEBLE-OGRODOWYCH-DO-OGRODU 1024w,https:\/\/a.allegroimg.com\/original\/115c74\/693ffb4d41ecadba34452a1b4b81\/ZESTAW-MEBLE-OGRODOWE-TECHNORATTAN-KOMPLET-MEBLI-MEBLE-OGRODOWYCH-DO-OGRODU 1024w\" sizes=\"100vw\" width=\"1024px\" alt=\"ZESTAW MEBLE OGRODOWE TECHNORATTAN KOMPLET MEBLI MEBLE OGRODOWYCH DO OGRODU\" style=\"max-width: 100%; height: auto; display: block; margin: 0 auto;\"><\/div>\n<\/div>\n<\/div>\n<\/div>\n<\/div>\n<\/div>\n<div style=\"clear: both; display: block; margin: 10px 0;\">\n<div style=\"clear: both; display: block; margin: 10px 0;\">\n<div style=\"clear: both; display: block; margin: 10px 0;\">\n<div  style=\"max-width:720px;max-height:720px\">\n<div style=\"clear: both; display: block; margin: 10px 0;\">\n<div style=\"clear: both; width: 100%; display: block; margin: 20px 0; padding: 0; float: none; position: static; text-align: center;\"><img decoding=\"async\"  src=\"https:\/\/a.allegroimg.com\/original\/1141e8\/fbc6c08c4e4396961af55e9e5bb5\/ZESTAW-MEBLE-OGRODOWE-TECHNORATTAN-KOMPLET-MEBLI-MEBLE-OGRODOWYCH-DO-OGRODU-Kod-producenta-SFS010\" srcset=\"https:\/\/a.allegroimg.com\/original\/1141e8\/fbc6c08c4e4396961af55e9e5bb5\/ZESTAW-MEBLE-OGRODOWE-TECHNORATTAN-KOMPLET-MEBLI-MEBLE-OGRODOWYCH-DO-OGRODU-Kod-producenta-SFS010 360w,https:\/\/a.allegroimg.com\/original\/1141e8\/fbc6c08c4e4396961af55e9e5bb5\/ZESTAW-MEBLE-OGRODOWE-TECHNORATTAN-KOMPLET-MEBLI-MEBLE-OGRODOWYCH-DO-OGRODU-Kod-producenta-SFS010 720w,https:\/\/a.allegroimg.com\/original\/1141e8\/fbc6c08c4e4396961af55e9e5bb5\/ZESTAW-MEBLE-OGRODOWE-TECHNORATTAN-KOMPLET-MEBLI-MEBLE-OGRODOWYCH-DO-OGRODU-Kod-producenta-SFS010 720w\" sizes=\"100vw\" width=\"720px\" alt=\"ZESTAW MEBLE OGRODOWE TECHNORATTAN KOMPLET MEBLI MEBLE OGRODOWYCH DO OGRODU Kod producenta SFS010\" style=\"max-width: 100%; height: auto; display: block; margin: 0 auto;\"><\/div>\n<\/div>\n<\/div>\n<\/div>\n<\/div>\n<\/div>\n<div style=\"clear: both; display: block; margin: 10px 0;\">\n<div style=\"clear: both; display: block; margin: 10px 0;\">\n<div style=\"clear: both; display: block; margin: 10px 0;\">\n<div  style=\"max-width:720px;max-height:720px\">\n<div style=\"clear: both; display: block; margin: 10px 0;\">\n<div style=\"clear: both; width: 100%; display: block; margin: 20px 0; padding: 0; float: none; position: static; text-align: center;\"><img decoding=\"async\"  src=\"https:\/\/a.allegroimg.com\/original\/116a5d\/846994ea47da843178d5441637bb\/ZESTAW-MEBLE-OGRODOWE-TECHNORATTAN-KOMPLET-MEBLI-MEBLE-OGRODOWYCH-DO-OGRODU-Kolor-czarny\" srcset=\"https:\/\/a.allegroimg.com\/original\/116a5d\/846994ea47da843178d5441637bb\/ZESTAW-MEBLE-OGRODOWE-TECHNORATTAN-KOMPLET-MEBLI-MEBLE-OGRODOWYCH-DO-OGRODU-Kolor-czarny 360w,https:\/\/a.allegroimg.com\/original\/116a5d\/846994ea47da843178d5441637bb\/ZESTAW-MEBLE-OGRODOWE-TECHNORATTAN-KOMPLET-MEBLI-MEBLE-OGRODOWYCH-DO-OGRODU-Kolor-czarny 720w,https:\/\/a.allegroimg.com\/original\/116a5d\/846994ea47da843178d5441637bb\/ZESTAW-MEBLE-OGRODOWE-TECHNORATTAN-KOMPLET-MEBLI-MEBLE-OGRODOWYCH-DO-OGRODU-Kolor-czarny 720w\" sizes=\"100vw\" width=\"720px\" alt=\"ZESTAW MEBLE OGRODOWE TECHNORATTAN KOMPLET MEBLI MEBLE OGRODOWYCH DO OGRODU Kolor czarny\" style=\"max-width: 100%; height: auto; display: block; margin: 0 auto;\"><\/div>\n<\/div>\n<\/div>\n<\/div>\n<\/div>\n<\/div>\n<div style=\"clear: both; display: block; margin: 10px 0;\">\n<div style=\"clear: both; display: block; margin: 10px 0;\">\n<div style=\"clear: both; display: block; margin: 10px 0;\">\n<div  style=\"max-width:720px;max-height:720px\">\n<div style=\"clear: both; display: block; margin: 10px 0;\">\n<div style=\"clear: both; width: 100%; display: block; margin: 20px 0; padding: 0; float: none; position: static; text-align: center;\"><img decoding=\"async\"  src=\"https:\/\/a.allegroimg.com\/original\/11c099\/1f7a97b84994899886c6ed162327\/ZESTAW-MEBLE-OGRODOWE-TECHNORATTAN-KOMPLET-MEBLI-MEBLE-OGRODOWYCH-DO-OGRODU-Liczba-elementow-w-zestawie-4\" srcset=\"https:\/\/a.allegroimg.com\/original\/11c099\/1f7a97b84994899886c6ed162327\/ZESTAW-MEBLE-OGRODOWE-TECHNORATTAN-KOMPLET-MEBLI-MEBLE-OGRODOWYCH-DO-OGRODU-Liczba-elementow-w-zestawie-4 360w,https:\/\/a.allegroimg.com\/original\/11c099\/1f7a97b84994899886c6ed162327\/ZESTAW-MEBLE-OGRODOWE-TECHNORATTAN-KOMPLET-MEBLI-MEBLE-OGRODOWYCH-DO-OGRODU-Liczba-elementow-w-zestawie-4 720w,https:\/\/a.allegroimg.com\/original\/11c099\/1f7a97b84994899886c6ed162327\/ZESTAW-MEBLE-OGRODOWE-TECHNORATTAN-KOMPLET-MEBLI-MEBLE-OGRODOWYCH-DO-OGRODU-Liczba-elementow-w-zestawie-4 720w\" sizes=\"100vw\" width=\"720px\" alt=\"ZESTAW MEBLE OGRODOWE TECHNORATTAN KOMPLET MEBLI MEBLE OGRODOWYCH DO OGRODU Liczba element\u00f3w w zestawie 4\" style=\"max-width: 100%; height: auto; display: block; margin: 0 auto;\"><\/div>\n<\/div>\n<\/div>\n<\/div>\n<\/div>\n<\/div>\n<div style=\"clear: both; display: block; margin: 10px 0;\">\n<div style=\"clear: both; display: block; margin: 10px 0;\">\n<div style=\"clear: both; display: block; margin: 10px 0;\">\n<div  style=\"max-width:720px;max-height:720px\">\n<div style=\"clear: both; display: block; margin: 10px 0;\">\n<div style=\"clear: both; width: 100%; display: block; margin: 20px 0; padding: 0; float: none; position: static; text-align: center;\"><img decoding=\"async\"  src=\"https:\/\/a.allegroimg.com\/original\/11703d\/f847fdac4ac8acf1318cb0ffb0f0\/ZESTAW-MEBLE-OGRODOWE-TECHNORATTAN-KOMPLET-MEBLI-MEBLE-OGRODOWYCH-DO-OGRODU-Producent-MTG-Trade-Group\" srcset=\"https:\/\/a.allegroimg.com\/original\/11703d\/f847fdac4ac8acf1318cb0ffb0f0\/ZESTAW-MEBLE-OGRODOWE-TECHNORATTAN-KOMPLET-MEBLI-MEBLE-OGRODOWYCH-DO-OGRODU-Producent-MTG-Trade-Group 360w,https:\/\/a.allegroimg.com\/original\/11703d\/f847fdac4ac8acf1318cb0ffb0f0\/ZESTAW-MEBLE-OGRODOWE-TECHNORATTAN-KOMPLET-MEBLI-MEBLE-OGRODOWYCH-DO-OGRODU-Producent-MTG-Trade-Group 720w,https:\/\/a.allegroimg.com\/original\/11703d\/f847fdac4ac8acf1318cb0ffb0f0\/ZESTAW-MEBLE-OGRODOWE-TECHNORATTAN-KOMPLET-MEBLI-MEBLE-OGRODOWYCH-DO-OGRODU-Producent-MTG-Trade-Group 720w\" sizes=\"100vw\" width=\"720px\" alt=\"ZESTAW MEBLE OGRODOWE TECHNORATTAN KOMPLET MEBLI MEBLE OGRODOWYCH DO OGRODU Producent MTG Trade Group\" style=\"max-width: 100%; height: auto; display: block; margin: 0 auto;\"><\/div>\n<\/div>\n<\/div>\n<\/div>\n<\/div>\n<\/div>\n<div style=\"clear: both; display: block; margin: 10px 0;\">\n<div style=\"clear: both; display: block; margin: 10px 0;\">\n<div style=\"clear: both; display: block; margin: 10px 0;\">\n<div  style=\"max-width:1024px;max-height:1024px\">\n<div style=\"clear: both; display: block; margin: 10px 0;\">\n<div style=\"clear: both; width: 100%; display: block; margin: 20px 0; padding: 0; float: none; position: static; text-align: center;\"><img decoding=\"async\"  src=\"https:\/\/a.allegroimg.com\/original\/115c74\/693ffb4d41ecadba34452a1b4b81\/ZESTAW-MEBLE-OGRODOWE-TECHNORATTAN-KOMPLET-MEBLI-MEBLE-OGRODOWYCH-DO-OGRODU\" srcset=\"https:\/\/a.allegroimg.com\/original\/115c74\/693ffb4d41ecadba34452a1b4b81\/ZESTAW-MEBLE-OGRODOWE-TECHNORATTAN-KOMPLET-MEBLI-MEBLE-OGRODOWYCH-DO-OGRODU 360w,https:\/\/a.allegroimg.com\/original\/115c74\/693ffb4d41ecadba34452a1b4b81\/ZESTAW-MEBLE-OGRODOWE-TECHNORATTAN-KOMPLET-MEBLI-MEBLE-OGRODOWYCH-DO-OGRODU 720w,https:\/\/a.allegroimg.com\/original\/115c74\/693ffb4d41ecadba34452a1b4b81\/ZESTAW-MEBLE-OGRODOWE-TECHNORATTAN-KOMPLET-MEBLI-MEBLE-OGRODOWYCH-DO-OGRODU 1024w,https:\/\/a.allegroimg.com\/original\/115c74\/693ffb4d41ecadba34452a1b4b81\/ZESTAW-MEBLE-OGRODOWE-TECHNORATTAN-KOMPLET-MEBLI-MEBLE-OGRODOWYCH-DO-OGRODU 1024w\" sizes=\"100vw\" width=\"1024px\" alt=\"ZESTAW MEBLE OGRODOWE TECHNORATTAN KOMPLET MEBLI MEBLE OGRODOWYCH DO OGRODU\" style=\"max-width: 100%; height: auto; display: block; margin: 0 auto;\"><\/div>\n<\/div>\n<\/div>\n<\/div>\n<\/div>\n<\/div>\n<\/div>\n<\/div>\n<\/div>\n<div style=\"clear: both; display: block; margin: 10px 0;\">\n","protected":false},"excerpt":{"rendered":"<p>ZESTAW MEBLI OGRODOWYCH TECHNORATTAN KOMPLET MEBLI MEBLE OGRODOWE DO OGRODU<\/p>\n<p>Meble wyplatane s\u0105 r\u0119cznie z plecionki technorattanowej<\/p>\n","protected":false},"featured_media":15834,"template":"","meta":{"_uag_custom_page_level_css":""},"product_brand":[547],"product_cat":[532,542,541],"product_tag":[],"class_list":{"0":"post-15833","1":"product","2":"type-product","3":"status-publish","4":"has-post-thumbnail","6":"product_brand-mtg-trade-group","7":"product_cat-komplety-mebli","8":"product_cat-meble-ogrodowe","9":"product_cat-ogrod","11":"first","12":"instock","13":"sale","14":"shipping-taxable","15":"purchasable","16":"product-type-simple"},"uagb_featured_image_src":{"full":["https:\/\/ogrodowyswiat24.shop\/grill\/wp-content\/uploads\/2026\/04\/allegro-image-15833.jpg",1024,1024,false],"thumbnail":["https:\/\/ogrodowyswiat24.shop\/grill\/wp-content\/uploads\/2026\/04\/allegro-image-15833-150x150.jpg",150,150,true],"medium":["https:\/\/ogrodowyswiat24.shop\/grill\/wp-content\/uploads\/2026\/04\/allegro-image-15833-300x300.jpg",300,300,true],"medium_large":["https:\/\/ogrodowyswiat24.shop\/grill\/wp-content\/uploads\/2026\/04\/allegro-image-15833-768x768.jpg",768,768,true],"large":["https:\/\/ogrodowyswiat24.shop\/grill\/wp-content\/uploads\/2026\/04\/allegro-image-15833.jpg",1024,1024,false],"1536x1536":["https:\/\/ogrodowyswiat24.shop\/grill\/wp-content\/uploads\/2026\/04\/allegro-image-15833.jpg",1024,1024,false],"2048x2048":["https:\/\/ogrodowyswiat24.shop\/grill\/wp-content\/uploads\/2026\/04\/allegro-image-15833.jpg",1024,1024,false],"woocommerce_thumbnail":["https:\/\/ogrodowyswiat24.shop\/grill\/wp-content\/uploads\/2026\/04\/allegro-image-15833-300x300.jpg",300,300,true],"woocommerce_single":["https:\/\/ogrodowyswiat24.shop\/grill\/wp-content\/uploads\/2026\/04\/allegro-image-15833-600x600.jpg",600,600,true],"woocommerce_gallery_thumbnail":["https:\/\/ogrodowyswiat24.shop\/grill\/wp-content\/uploads\/2026\/04\/allegro-image-15833-100x100.jpg",100,100,true]},"uagb_author_info":{"display_name":"admin","author_link":"https:\/\/ogrodowyswiat24.shop\/grill\/author\/"},"uagb_comment_info":0,"uagb_excerpt":"ZESTAW MEBLI OGRODOWYCH TECHNORATTAN KOMPLET MEBLI MEBLE OGRODOWE DO OGRODU Meble wyplatane s\u0105 r\u0119cznie z plecionki technorattanowej","_links":{"self":[{"href":"https:\/\/ogrodowyswiat24.shop\/grill\/wp-json\/wp\/v2\/product\/15833","targetHints":{"allow":["GET"]}}],"collection":[{"href":"https:\/\/ogrodowyswiat24.shop\/grill\/wp-json\/wp\/v2\/product"}],"about":[{"href":"https:\/\/ogrodowyswiat24.shop\/grill\/wp-json\/wp\/v2\/types\/product"}],"wp:featuredmedia":[{"embeddable":true,"href":"https:\/\/ogrodowyswiat24.shop\/grill\/wp-json\/wp\/v2\/media\/15834"}],"wp:attachment":[{"href":"https:\/\/ogrodowyswiat24.shop\/grill\/wp-json\/wp\/v2\/media?parent=15833"}],"wp:term":[{"taxonomy":"product_brand","embeddable":true,"href":"https:\/\/ogrodowyswiat24.shop\/grill\/wp-json\/wp\/v2\/product_brand?post=15833"},{"taxonomy":"product_cat","embeddable":true,"href":"https:\/\/ogrodowyswiat24.shop\/grill\/wp-json\/wp\/v2\/product_cat?post=15833"},{"taxonomy":"product_tag","embeddable":true,"href":"https:\/\/ogrodowyswiat24.shop\/grill\/wp-json\/wp\/v2\/product_tag?post=15833"}],"curies":[{"name":"wp","href":"https:\/\/api.w.org\/{rel}","templated":true}]}}