{"id":15989,"date":"2026-04-06T05:53:21","date_gmt":"2026-04-06T04:53:21","guid":{"rendered":"https:\/\/grillcentrum.shop\/gree\/produkt\/kosiarka-spalinowa-z-napedem-riwall-rpm5190x-pl-mocna-naped-51cm-czeska\/"},"modified":"2026-04-11T02:22:33","modified_gmt":"2026-04-11T01:22:33","slug":"kosiarka-spalinowa-z-napedem-riwall-rpm5190x-pl-mocna-naped-51cm-czeska","status":"publish","type":"product","link":"https:\/\/ogrodowyswiat24.shop\/grill\/produkt\/kosiarka-spalinowa-z-napedem-riwall-rpm5190x-pl-mocna-naped-51cm-czeska\/","title":{"rendered":"KOSIARKA SPALINOWA Z NAP\u0118DEM RIWALL RPM5190X-PL MOCNA NAP\u0118D 51CM CZESKA"},"content":{"rendered":"<div style=\"font-family: Arial, sans-serif; line-height: 1.6; color: #333; padding: 20px; clear: both; display: block; width: 100%; float: none; position: static; overflow: hidden;\">\n<div style=\"clear: both; display: block; margin: 10px 0;\">\n<div style=\"clear: both; display: block; margin: 10px 0;\">\n<div style=\"clear: both; display: block; margin: 10px 0;\">\n<h2>UWAGA!<\/h2>\n<h3 style=\"color: #2c5aa0; font-size: 18px; margin: 30px 0 15px 0; font-weight: bold; clear: both; display: block; width: 100%; float: none; position: static;\">PRE-ORDER<\/h3>\n<h3 style=\"color: #2c5aa0; font-size: 18px; margin: 30px 0 15px 0; font-weight: bold; clear: both; display: block; width: 100%; float: none; position: static;\">-OFERTA SPECJALNA-<\/h3>\n<h3 style=\"color: #2c5aa0; font-size: 18px; margin: 30px 0 15px 0; font-weight: bold; clear: both; display: block; width: 100%; float: none; position: static;\">CENA KATALOGOWA PRODUKTU &#8211; &nbsp;1299,99 z\u0142<\/h3>\n<h3 style=\"color: #2c5aa0; font-size: 18px; margin: 30px 0 15px 0; font-weight: bold; clear: both; display: block; width: 100%; float: none; position: static;\">A\u017b 4 LATA OPIEKI SERWISOWEJ W PREZENCIE OD NAS<\/h3>\n<p style=\"margin: 15px 0; line-height: 1.8; clear: both; display: block; width: 100%; float: none; position: static;\">UWAGA<\/p>\n<h3 style=\"color: #2c5aa0; font-size: 18px; margin: 30px 0 15px 0; font-weight: bold; clear: both; display: block; width: 100%; float: none; position: static;\">UWAGA! BARDZO WA\u017bNE. DO KA\u017bDEJ KOSIARKI DOSTARCZAMY OLEJ W ZESTAWIE. NALEZY GO WLA\u0106 DO KOSIARKI. NIE JEST ONA FABRYCZNIE ZALANA OLEJEM<\/h3>\n<p style=\"margin: 15px 0; line-height: 1.8; clear: both; display: block; width: 100%; float: none; position: static;\">JESZCZE LEPSZY SILNIK SRV PRO NA 2026 series 179cc<\/p>\n<p style=\"margin: 15px 0; line-height: 1.8; clear: both; display: block; width: 100%; float: none; position: static;\">BARDZO MOCNA I WYDAJNA KOSIARKA SPALINOWA :&nbsp;<b>179cc<\/b><\/p>\n<p style=\"margin: 15px 0; line-height: 1.8; clear: both; display: block; width: 100%; float: none; position: static;\"><b>\u017bELIWNA<\/b>&nbsp;TULEJA SILNIKA<\/p>\n<p style=\"margin: 15px 0; line-height: 1.8; clear: both; display: block; width: 100%; float: none; position: static;\"><b>Mi\u0119kki rozruch to \u0141atwe odpalanie&nbsp;System Mycia Obudowy&nbsp;CENTRALNA<\/b>&nbsp;regulacja wysoko\u015bci koszenia&nbsp;&nbsp;<b>Unikalny Design<\/b>&nbsp; Du\u017ce tylne ko\u0142a<\/p>\n<p style=\"margin: 15px 0; line-height: 1.8; clear: both; display: block; width: 100%; float: none; position: static;\"><b>INSTRUKCJA W J\u0118ZYKU POLSKIM<\/b>&nbsp; DODATKOWE AKCESORIA W ZESTAWIE<\/p>\n<p style=\"margin: 15px 0; line-height: 1.8; clear: both; display: block; width: 100%; float: none; position: static;\"><b>BESTSELLER<\/b>&nbsp;ostatnich 5<\/p>\n<\/div>\n<\/div>\n<\/div>\n<div style=\"clear: both; display: block; margin: 10px 0;\">\n<div style=\"clear: both; display: block; margin: 10px 0;\">\n<div style=\"clear: both; display: block; margin: 10px 0;\">\n<div  style=\"max-width:1304px;max-height:1144px\">\n<div style=\"clear: both; display: block; margin: 10px 0;\">\n<div style=\"clear: both; width: 100%; display: block; margin: 20px 0; padding: 0; float: none; position: static; text-align: center;\"><img decoding=\"async\"  src=\"https:\/\/a.allegroimg.com\/original\/11e94b\/732bf7ce4918bbc9c43ce7fe53ca\/KOSIARKA-SPALINOWA-Z-NAPEDEM-RIWALL-RPM5190X-PL-MOCNA-NAPED-51CM-CZESKA\" srcset=\"https:\/\/a.allegroimg.com\/original\/11e94b\/732bf7ce4918bbc9c43ce7fe53ca\/KOSIARKA-SPALINOWA-Z-NAPEDEM-RIWALL-RPM5190X-PL-MOCNA-NAPED-51CM-CZESKA 360w,https:\/\/a.allegroimg.com\/original\/11e94b\/732bf7ce4918bbc9c43ce7fe53ca\/KOSIARKA-SPALINOWA-Z-NAPEDEM-RIWALL-RPM5190X-PL-MOCNA-NAPED-51CM-CZESKA 720w,https:\/\/a.allegroimg.com\/original\/11e94b\/732bf7ce4918bbc9c43ce7fe53ca\/KOSIARKA-SPALINOWA-Z-NAPEDEM-RIWALL-RPM5190X-PL-MOCNA-NAPED-51CM-CZESKA 1024w,https:\/\/a.allegroimg.com\/original\/11e94b\/732bf7ce4918bbc9c43ce7fe53ca\/KOSIARKA-SPALINOWA-Z-NAPEDEM-RIWALL-RPM5190X-PL-MOCNA-NAPED-51CM-CZESKA 1304w,https:\/\/a.allegroimg.com\/original\/11e94b\/732bf7ce4918bbc9c43ce7fe53ca\/KOSIARKA-SPALINOWA-Z-NAPEDEM-RIWALL-RPM5190X-PL-MOCNA-NAPED-51CM-CZESKA 1304w\" sizes=\"(min-width: 1200px) 560px, (min-width: 992px) 50vw, 100vw\" width=\"1304px\" alt=\"KOSIARKA SPALINOWA Z NAP\u0118DEM RIWALL RPM5190X-PL MOCNA NAP\u0118D 51CM CZESKA\" style=\"max-width: 100%; height: auto; display: block; margin: 0 auto;\"><\/div>\n<\/div>\n<\/div>\n<\/div>\n<\/div>\n<div style=\"clear: both; display: block; margin: 10px 0;\">\n<div style=\"clear: both; display: block; margin: 10px 0;\">\n<h1>Parametry:<\/h1>\n<h3 style=\"color: #2c5aa0; font-size: 18px; margin: 30px 0 15px 0; font-weight: bold; clear: both; display: block; width: 100%; float: none; position: static;\">Riwall RPM 5190i<\/h3>\n<ul style=\"margin: 15px 0; padding-left: 20px; clear: both; display: block; width: 100%; float: none; position: static;\">\n<li style=\"margin: 5px 0; padding: 2px 0; clear: both; display: list-item; float: none; position: static;\"><b>Moc:<\/b>&nbsp;3,85kW \/ 5,3KM<\/li>\n<li style=\"margin: 5px 0; padding: 2px 0; clear: both; display: list-item; float: none; position: static;\"><b>Rozruch:<\/b>&nbsp;R\u0119czny<\/li>\n<li style=\"margin: 5px 0; padding: 2px 0; clear: both; display: list-item; float: none; position: static;\"><b>Seria:<\/b>&nbsp;RPM<\/li>\n<li style=\"margin: 5px 0; padding: 2px 0; clear: both; display: list-item; float: none; position: static;\"><b>Nap\u0119d:<\/b>&nbsp;nap\u0119d na ko\u0142a<\/li>\n<li style=\"margin: 5px 0; padding: 2px 0; clear: both; display: list-item; float: none; position: static;\"><b>Marka:<\/b>&nbsp;Riwall<\/li>\n<li style=\"margin: 5px 0; padding: 2px 0; clear: both; display: list-item; float: none; position: static;\"><b>Kosz:<\/b>&nbsp;z koszem<\/li>\n<li style=\"margin: 5px 0; padding: 2px 0; clear: both; display: list-item; float: none; position: static;\"><b>Pojemno\u015b\u0107 kosza:<\/b>&nbsp;65 l<\/li>\n<li style=\"margin: 5px 0; padding: 2px 0; clear: both; display: list-item; float: none; position: static;\"><b>Regulacja wysoko\u015bci koszenia:<\/b>&nbsp;z regulacj\u0105<\/li>\n<li style=\"margin: 5px 0; padding: 2px 0; clear: both; display: list-item; float: none; position: static;\"><b>Szeroko\u015b\u0107 koszenia:<\/b>&nbsp;51 cm<\/li>\n<li style=\"margin: 5px 0; padding: 2px 0; clear: both; display: list-item; float: none; position: static;\"><b>Producent silnika:<\/b>&nbsp;Riwall<\/li>\n<li style=\"margin: 5px 0; padding: 2px 0; clear: both; display: list-item; float: none; position: static;\"><b>Europejski standard emisji spalin:<\/b>&nbsp;EURO 5<\/li>\n<li style=\"margin: 5px 0; padding: 2px 0; clear: both; display: list-item; float: none; position: static;\"><b>Pojemno\u015b\u0107 silnika:<\/b>&nbsp;179 cm\u00b3<\/li>\n<li style=\"margin: 5px 0; padding: 2px 0; clear: both; display: list-item; float: none; position: static;\"><b>Spos\u00f3b mocowania k\u00f3\u0142:<\/b>&nbsp;\u0142o\u017cyska kulkowe<\/li>\n<li style=\"margin: 5px 0; padding: 2px 0; clear: both; display: list-item; float: none; position: static;\"><b>Rodzaj regulacji wysoko\u015bci koszenia:<\/b>&nbsp;centralna<\/li>\n<li style=\"margin: 5px 0; padding: 2px 0; clear: both; display: list-item; float: none; position: static;\"><b>Zakres regulacji wysoko\u015bci koszenia:<\/b>&nbsp;26-76 cm<\/li>\n<li style=\"margin: 5px 0; padding: 2px 0; clear: both; display: list-item; float: none; position: static;\"><b>Liczba stopni regulacji koszenia:<\/b>&nbsp;6<\/li>\n<li style=\"margin: 5px 0; padding: 2px 0; clear: both; display: list-item; float: none; position: static;\"><b>Waga narz\u0119dzia:<\/b>&nbsp;34 kg<\/li>\n<li style=\"margin: 5px 0; padding: 2px 0; clear: both; display: list-item; float: none; position: static;\"><b>Waga produktu z opakowaniem jednostkowym:<\/b>&nbsp;35kg<\/li>\n<li style=\"margin: 5px 0; padding: 2px 0; clear: both; display: list-item; float: none; position: static;\"><b>Model: RPM5190X-PL<\/b><\/li>\n<li style=\"margin: 5px 0; padding: 2px 0; clear: both; display: list-item; float: none; position: static;\"><b>Funkcje:<\/b>&nbsp;mulczowanie, wyrzut boczny, wyrzut tylny, zbieranie trawy do kosza<\/li>\n<\/ul>\n<\/div>\n<\/div>\n<\/div>\n<div style=\"clear: both; display: block; margin: 10px 0;\">\n<div style=\"clear: both; display: block; margin: 10px 0;\">\n<div style=\"clear: both; display: block; margin: 10px 0;\">\n<div  style=\"max-width:1536px;max-height:1024px\">\n<div style=\"clear: both; display: block; margin: 10px 0;\">\n<div style=\"clear: both; width: 100%; display: block; margin: 20px 0; padding: 0; float: none; position: static; text-align: center;\"><img decoding=\"async\"  src=\"https:\/\/a.allegroimg.com\/original\/11497d\/b1f0119b4443bbeac821fc5dfb8c\/KOSIARKA-SPALINOWA-Z-NAPEDEM-RIWALL-RPM5190X-PL-MOCNA-NAPED-51CM-CZESKA-Stan-opakowania-oryginalne\" srcset=\"https:\/\/a.allegroimg.com\/original\/11497d\/b1f0119b4443bbeac821fc5dfb8c\/KOSIARKA-SPALINOWA-Z-NAPEDEM-RIWALL-RPM5190X-PL-MOCNA-NAPED-51CM-CZESKA-Stan-opakowania-oryginalne 360w,https:\/\/a.allegroimg.com\/original\/11497d\/b1f0119b4443bbeac821fc5dfb8c\/KOSIARKA-SPALINOWA-Z-NAPEDEM-RIWALL-RPM5190X-PL-MOCNA-NAPED-51CM-CZESKA-Stan-opakowania-oryginalne 720w,https:\/\/a.allegroimg.com\/original\/11497d\/b1f0119b4443bbeac821fc5dfb8c\/KOSIARKA-SPALINOWA-Z-NAPEDEM-RIWALL-RPM5190X-PL-MOCNA-NAPED-51CM-CZESKA-Stan-opakowania-oryginalne 1024w,https:\/\/a.allegroimg.com\/original\/11497d\/b1f0119b4443bbeac821fc5dfb8c\/KOSIARKA-SPALINOWA-Z-NAPEDEM-RIWALL-RPM5190X-PL-MOCNA-NAPED-51CM-CZESKA-Stan-opakowania-oryginalne 1440w,https:\/\/a.allegroimg.com\/original\/11497d\/b1f0119b4443bbeac821fc5dfb8c\/KOSIARKA-SPALINOWA-Z-NAPEDEM-RIWALL-RPM5190X-PL-MOCNA-NAPED-51CM-CZESKA-Stan-opakowania-oryginalne 1536w\" sizes=\"(min-width: 1200px) 560px, (min-width: 992px) 50vw, 100vw\" width=\"1536px\" alt=\"KOSIARKA SPALINOWA Z NAP\u0118DEM RIWALL RPM5190X-PL MOCNA NAP\u0118D 51CM CZESKA Stan opakowania oryginalne\" style=\"max-width: 100%; height: auto; display: block; margin: 0 auto;\"><\/div>\n<\/div>\n<\/div>\n<\/div>\n<\/div>\n<div style=\"clear: both; display: block; margin: 10px 0;\">\n<div style=\"clear: both; display: block; margin: 10px 0;\">\n<div  style=\"max-width:1536px;max-height:1024px\">\n<div style=\"clear: both; display: block; margin: 10px 0;\">\n<div style=\"clear: both; width: 100%; display: block; margin: 20px 0; padding: 0; float: none; position: static; text-align: center;\"><img decoding=\"async\"  src=\"https:\/\/a.allegroimg.com\/original\/11d69c\/9a3bb3f1475390ed84e2e0c5c061\/KOSIARKA-SPALINOWA-Z-NAPEDEM-RIWALL-RPM5190X-PL-MOCNA-NAPED-51CM-CZESKA-Kod-producenta-RPM5190X-PL\" srcset=\"https:\/\/a.allegroimg.com\/original\/11d69c\/9a3bb3f1475390ed84e2e0c5c061\/KOSIARKA-SPALINOWA-Z-NAPEDEM-RIWALL-RPM5190X-PL-MOCNA-NAPED-51CM-CZESKA-Kod-producenta-RPM5190X-PL 360w,https:\/\/a.allegroimg.com\/original\/11d69c\/9a3bb3f1475390ed84e2e0c5c061\/KOSIARKA-SPALINOWA-Z-NAPEDEM-RIWALL-RPM5190X-PL-MOCNA-NAPED-51CM-CZESKA-Kod-producenta-RPM5190X-PL 720w,https:\/\/a.allegroimg.com\/original\/11d69c\/9a3bb3f1475390ed84e2e0c5c061\/KOSIARKA-SPALINOWA-Z-NAPEDEM-RIWALL-RPM5190X-PL-MOCNA-NAPED-51CM-CZESKA-Kod-producenta-RPM5190X-PL 1024w,https:\/\/a.allegroimg.com\/original\/11d69c\/9a3bb3f1475390ed84e2e0c5c061\/KOSIARKA-SPALINOWA-Z-NAPEDEM-RIWALL-RPM5190X-PL-MOCNA-NAPED-51CM-CZESKA-Kod-producenta-RPM5190X-PL 1440w,https:\/\/a.allegroimg.com\/original\/11d69c\/9a3bb3f1475390ed84e2e0c5c061\/KOSIARKA-SPALINOWA-Z-NAPEDEM-RIWALL-RPM5190X-PL-MOCNA-NAPED-51CM-CZESKA-Kod-producenta-RPM5190X-PL 1536w\" sizes=\"(min-width: 1200px) 560px, (min-width: 992px) 50vw, 100vw\" width=\"1536px\" alt=\"KOSIARKA SPALINOWA Z NAP\u0118DEM RIWALL RPM5190X-PL MOCNA NAP\u0118D 51CM CZESKA Kod producenta RPM5190X-PL\" style=\"max-width: 100%; height: auto; display: block; margin: 0 auto;\"><\/div>\n<\/div>\n<\/div>\n<\/div>\n<\/div>\n<\/div>\n<div style=\"clear: both; display: block; margin: 10px 0;\">\n<div style=\"clear: both; display: block; margin: 10px 0;\">\n<div style=\"clear: both; display: block; margin: 10px 0;\">\n<div  style=\"max-width:1024px;max-height:1536px\">\n<div style=\"clear: both; display: block; margin: 10px 0;\">\n<div style=\"clear: both; width: 100%; display: block; margin: 20px 0; padding: 0; float: none; position: static; text-align: center;\"><img decoding=\"async\"  src=\"https:\/\/a.allegroimg.com\/original\/11e7a3\/e590852e4372ba67bd144b064ceb\/KOSIARKA-SPALINOWA-Z-NAPEDEM-RIWALL-RPM5190X-PL-MOCNA-NAPED-51CM-CZESKA-Model-RPM5190X-PL\" srcset=\"https:\/\/a.allegroimg.com\/original\/11e7a3\/e590852e4372ba67bd144b064ceb\/KOSIARKA-SPALINOWA-Z-NAPEDEM-RIWALL-RPM5190X-PL-MOCNA-NAPED-51CM-CZESKA-Model-RPM5190X-PL 240w,https:\/\/a.allegroimg.com\/original\/11e7a3\/e590852e4372ba67bd144b064ceb\/KOSIARKA-SPALINOWA-Z-NAPEDEM-RIWALL-RPM5190X-PL-MOCNA-NAPED-51CM-CZESKA-Model-RPM5190X-PL 480w,https:\/\/a.allegroimg.com\/original\/11e7a3\/e590852e4372ba67bd144b064ceb\/KOSIARKA-SPALINOWA-Z-NAPEDEM-RIWALL-RPM5190X-PL-MOCNA-NAPED-51CM-CZESKA-Model-RPM5190X-PL 682w,https:\/\/a.allegroimg.com\/original\/11e7a3\/e590852e4372ba67bd144b064ceb\/KOSIARKA-SPALINOWA-Z-NAPEDEM-RIWALL-RPM5190X-PL-MOCNA-NAPED-51CM-CZESKA-Model-RPM5190X-PL 960w,https:\/\/a.allegroimg.com\/original\/11e7a3\/e590852e4372ba67bd144b064ceb\/KOSIARKA-SPALINOWA-Z-NAPEDEM-RIWALL-RPM5190X-PL-MOCNA-NAPED-51CM-CZESKA-Model-RPM5190X-PL 1024w\" sizes=\"(min-width: 1200px) 560px, (min-width: 992px) 50vw, 100vw\" width=\"1024px\" alt=\"KOSIARKA SPALINOWA Z NAP\u0118DEM RIWALL RPM5190X-PL MOCNA NAP\u0118D 51CM CZESKA Model RPM5190X-PL\" style=\"max-width: 100%; height: auto; display: block; margin: 0 auto;\"><\/div>\n<\/div>\n<\/div>\n<\/div>\n<\/div>\n<div style=\"clear: both; display: block; margin: 10px 0;\">\n<div style=\"clear: both; display: block; margin: 10px 0;\">\n<h1>SPECYFIKACJA:<\/h1>\n<ul style=\"margin: 15px 0; padding-left: 20px; clear: both; display: block; width: 100%; float: none; position: static;\">\n<li style=\"margin: 5px 0; padding: 2px 0; clear: both; display: list-item; float: none; position: static;\">Kierownic\u0119 mo\u017cna bardzo \u0142atwo i&nbsp;szybko z\u0142o\u017cy\u0107 w celu \u0142atwiejszego transportowania<\/li>\n<li style=\"margin: 5px 0; padding: 2px 0; clear: both; display: list-item; float: none; position: static;\"><b>Centralna regulacja wysoko\u015bci koszenia w 6&nbsp;pozycjach<\/b><\/li>\n<li style=\"margin: 5px 0; padding: 2px 0; clear: both; display: list-item; float: none; position: static;\">Dwie pierwsze wysoko\u015bci koszenia s\u0105 specjalnie dostosowane do angielskiego stylu trawnik\u00f3w<\/li>\n<li style=\"margin: 5px 0; padding: 2px 0; clear: both; display: list-item; float: none; position: static;\">G\u00f3ra kosza na traw\u0119 wykonana z&nbsp;wysokiej jako\u015bci tworzywa sztucznego<\/li>\n<li style=\"margin: 5px 0; padding: 2px 0; clear: both; display: list-item; float: none; position: static;\">Wylot powietrza z&nbsp;ty\u0142u, kt\u00f3ry u\u0142atwia prac\u0119 alergikom<\/li>\n<li style=\"margin: 5px 0; padding: 2px 0; clear: both; display: list-item; float: none; position: static;\"><b>Szeroko\u015b\u0107 koszenia: 51 cm.<\/b><\/li>\n<li style=\"margin: 5px 0; padding: 2px 0; clear: both; display: list-item; float: none; position: static;\">Zalecana powierzchnia pracy wynosi&nbsp;<b>2500m2.<\/b><\/li>\n<li style=\"margin: 5px 0; padding: 2px 0; clear: both; display: list-item; float: none; position: static;\"><b>Ko\u0142a z \u0142o\u017cyskami kulkowymi<\/b>.<\/li>\n<li style=\"margin: 5px 0; padding: 2px 0; clear: both; display: list-item; float: none; position: static;\">Obudowa wykonana z wysokiej jako\u015bci metalu.<\/li>\n<li style=\"margin: 5px 0; padding: 2px 0; clear: both; display: list-item; float: none; position: static;\">Specjalny uchwyt pa\u0142\u0105kowy wykonany w technologii&nbsp;<b>SOFTGrip &#8211; zapobieganie m\u0119czeniu si\u0119 d\u0142oni.<\/b><\/li>\n<li style=\"margin: 5px 0; padding: 2px 0; clear: both; display: list-item; float: none; position: static;\">Kosiarka wyposa\u017cona w specjalny filtr, kt\u00f3ry chroni silnik.<\/li>\n<li style=\"margin: 5px 0; padding: 2px 0; clear: both; display: list-item; float: none; position: static;\">Najwy\u017csza jako\u015b\u0107 wykonania ,&nbsp;&nbsp;<b>Czeska Marka<\/b><\/li>\n<li style=\"margin: 5px 0; padding: 2px 0; clear: both; display: list-item; float: none; position: static;\">Mo\u017cliwo\u015b\u0107 pracy na niewielkim wzniesieniu&nbsp;<b>(niewielkim)<\/b><\/li>\n<li style=\"margin: 5px 0; padding: 2px 0; clear: both; display: list-item; float: none; position: static;\"><b>Edge Cutting<\/b>&nbsp;&#8211; specjalna konstrukcja obudowy pozwala na ci\u0119cie przy kraw\u0119dziach.<\/li>\n<\/ul>\n<\/div>\n<\/div>\n<\/div>\n<div style=\"clear: both; display: block; margin: 10px 0;\">\n<div style=\"clear: both; display: block; margin: 10px 0;\">\n<div style=\"clear: both; display: block; margin: 10px 0;\">\n<div  style=\"max-width:1536px;max-height:1024px\">\n<div style=\"clear: both; display: block; margin: 10px 0;\">\n<div style=\"clear: both; width: 100%; display: block; margin: 20px 0; padding: 0; float: none; position: static; text-align: center;\"><img decoding=\"async\"  src=\"https:\/\/a.allegroimg.com\/original\/11497d\/b1f0119b4443bbeac821fc5dfb8c\/KOSIARKA-SPALINOWA-Z-NAPEDEM-RIWALL-RPM5190X-PL-MOCNA-NAPED-51CM-CZESKA-Stan-opakowania-oryginalne\" srcset=\"https:\/\/a.allegroimg.com\/original\/11497d\/b1f0119b4443bbeac821fc5dfb8c\/KOSIARKA-SPALINOWA-Z-NAPEDEM-RIWALL-RPM5190X-PL-MOCNA-NAPED-51CM-CZESKA-Stan-opakowania-oryginalne 360w,https:\/\/a.allegroimg.com\/original\/11497d\/b1f0119b4443bbeac821fc5dfb8c\/KOSIARKA-SPALINOWA-Z-NAPEDEM-RIWALL-RPM5190X-PL-MOCNA-NAPED-51CM-CZESKA-Stan-opakowania-oryginalne 720w,https:\/\/a.allegroimg.com\/original\/11497d\/b1f0119b4443bbeac821fc5dfb8c\/KOSIARKA-SPALINOWA-Z-NAPEDEM-RIWALL-RPM5190X-PL-MOCNA-NAPED-51CM-CZESKA-Stan-opakowania-oryginalne 1024w,https:\/\/a.allegroimg.com\/original\/11497d\/b1f0119b4443bbeac821fc5dfb8c\/KOSIARKA-SPALINOWA-Z-NAPEDEM-RIWALL-RPM5190X-PL-MOCNA-NAPED-51CM-CZESKA-Stan-opakowania-oryginalne 1440w,https:\/\/a.allegroimg.com\/original\/11497d\/b1f0119b4443bbeac821fc5dfb8c\/KOSIARKA-SPALINOWA-Z-NAPEDEM-RIWALL-RPM5190X-PL-MOCNA-NAPED-51CM-CZESKA-Stan-opakowania-oryginalne 1536w\" sizes=\"(min-width: 1200px) 560px, (min-width: 992px) 50vw, 100vw\" width=\"1536px\" alt=\"KOSIARKA SPALINOWA Z NAP\u0118DEM RIWALL RPM5190X-PL MOCNA NAP\u0118D 51CM CZESKA Stan opakowania oryginalne\" style=\"max-width: 100%; height: auto; display: block; margin: 0 auto;\"><\/div>\n<\/div>\n<\/div>\n<\/div>\n<\/div>\n<div style=\"clear: both; display: block; margin: 10px 0;\">\n<div style=\"clear: both; display: block; margin: 10px 0;\">\n<div  style=\"max-width:1536px;max-height:1024px\">\n<div style=\"clear: both; display: block; margin: 10px 0;\">\n<div style=\"clear: both; width: 100%; display: block; margin: 20px 0; padding: 0; float: none; position: static; text-align: center;\"><img decoding=\"async\"  src=\"https:\/\/a.allegroimg.com\/original\/115a45\/be2b4e8a492e8ed8946e9caa62bb\/KOSIARKA-SPALINOWA-Z-NAPEDEM-RIWALL-RPM5190X-PL-MOCNA-NAPED-51CM-CZESKA-Seria-RPM5190X-PL\" srcset=\"https:\/\/a.allegroimg.com\/original\/115a45\/be2b4e8a492e8ed8946e9caa62bb\/KOSIARKA-SPALINOWA-Z-NAPEDEM-RIWALL-RPM5190X-PL-MOCNA-NAPED-51CM-CZESKA-Seria-RPM5190X-PL 360w,https:\/\/a.allegroimg.com\/original\/115a45\/be2b4e8a492e8ed8946e9caa62bb\/KOSIARKA-SPALINOWA-Z-NAPEDEM-RIWALL-RPM5190X-PL-MOCNA-NAPED-51CM-CZESKA-Seria-RPM5190X-PL 720w,https:\/\/a.allegroimg.com\/original\/115a45\/be2b4e8a492e8ed8946e9caa62bb\/KOSIARKA-SPALINOWA-Z-NAPEDEM-RIWALL-RPM5190X-PL-MOCNA-NAPED-51CM-CZESKA-Seria-RPM5190X-PL 1024w,https:\/\/a.allegroimg.com\/original\/115a45\/be2b4e8a492e8ed8946e9caa62bb\/KOSIARKA-SPALINOWA-Z-NAPEDEM-RIWALL-RPM5190X-PL-MOCNA-NAPED-51CM-CZESKA-Seria-RPM5190X-PL 1440w,https:\/\/a.allegroimg.com\/original\/115a45\/be2b4e8a492e8ed8946e9caa62bb\/KOSIARKA-SPALINOWA-Z-NAPEDEM-RIWALL-RPM5190X-PL-MOCNA-NAPED-51CM-CZESKA-Seria-RPM5190X-PL 1536w\" sizes=\"(min-width: 1200px) 560px, (min-width: 992px) 50vw, 100vw\" width=\"1536px\" alt=\"KOSIARKA SPALINOWA Z NAP\u0118DEM RIWALL RPM5190X-PL MOCNA NAP\u0118D 51CM CZESKA Seria RPM5190X-PL\" style=\"max-width: 100%; height: auto; display: block; margin: 0 auto;\"><\/div>\n<\/div>\n<\/div>\n<\/div>\n<\/div>\n<\/div>\n<\/div>\n<\/div>\n<\/div>\n<div style=\"clear: both; display: block; margin: 10px 0;\">\n","protected":false},"excerpt":{"rendered":"<p>UWAGA!<\/p>\n<p>PRE-ORDER<\/p>\n<p>-OFERTA SPECJALNA-<\/p>\n<p>CENA KATALOGOWA PRODUKTU &#8211; &nbsp;1299,99 z\u0142<\/p>\n<p>A\u017b 4 LATA OPIEKI SERWISOWEJ W PREZENCIE OD NAS<\/p>\n<p>UWAGA<\/p>\n<p>UWAGA! BARDZO WA\u017bNE. DO KA\u017bDEJ KOSIARKI DOSTARCZAMY OLEJ W ZESTAWIE. NALEZY GO WLA\u0106 DO KOSIARKI. NIE JEST ONA FABRYCZNIE ZALANA OLEJEM<\/p>\n<p>JESZCZE LEPSZY SILNIK SRV PRO NA 2026 series 179cc<\/p>\n","protected":false},"featured_media":15990,"template":"","meta":{"_uag_custom_page_level_css":""},"product_brand":[841],"product_cat":[867,868,866,541],"product_tag":[],"class_list":{"0":"post-15989","1":"product","2":"type-product","3":"status-publish","4":"has-post-thumbnail","6":"product_brand-riwall","7":"product_cat-kosiarki","8":"product_cat-kosiarki-spalinowe","9":"product_cat-narzedzia-ogrodnicze","10":"product_cat-ogrod","12":"first","13":"instock","14":"sale","15":"shipping-taxable","16":"purchasable","17":"product-type-simple"},"uagb_featured_image_src":{"full":["https:\/\/ogrodowyswiat24.shop\/grill\/wp-content\/uploads\/2026\/04\/allegro-image-15989.jpg",1304,1144,false],"thumbnail":["https:\/\/ogrodowyswiat24.shop\/grill\/wp-content\/uploads\/2026\/04\/allegro-image-15989-150x150.jpg",150,150,true],"medium":["https:\/\/ogrodowyswiat24.shop\/grill\/wp-content\/uploads\/2026\/04\/allegro-image-15989-300x263.jpg",300,263,true],"medium_large":["https:\/\/ogrodowyswiat24.shop\/grill\/wp-content\/uploads\/2026\/04\/allegro-image-15989-768x674.jpg",768,674,true],"large":["https:\/\/ogrodowyswiat24.shop\/grill\/wp-content\/uploads\/2026\/04\/allegro-image-15989-1024x898.jpg",1024,898,true],"1536x1536":["https:\/\/ogrodowyswiat24.shop\/grill\/wp-content\/uploads\/2026\/04\/allegro-image-15989.jpg",1304,1144,false],"2048x2048":["https:\/\/ogrodowyswiat24.shop\/grill\/wp-content\/uploads\/2026\/04\/allegro-image-15989.jpg",1304,1144,false],"woocommerce_thumbnail":["https:\/\/ogrodowyswiat24.shop\/grill\/wp-content\/uploads\/2026\/04\/allegro-image-15989-300x300.jpg",300,300,true],"woocommerce_single":["https:\/\/ogrodowyswiat24.shop\/grill\/wp-content\/uploads\/2026\/04\/allegro-image-15989-600x526.jpg",600,526,true],"woocommerce_gallery_thumbnail":["https:\/\/ogrodowyswiat24.shop\/grill\/wp-content\/uploads\/2026\/04\/allegro-image-15989-100x100.jpg",100,100,true]},"uagb_author_info":{"display_name":"admin","author_link":"https:\/\/ogrodowyswiat24.shop\/grill\/author\/"},"uagb_comment_info":0,"uagb_excerpt":"UWAGA! PRE-ORDER -OFERTA SPECJALNA- CENA KATALOGOWA PRODUKTU - &nbsp;1299,99 z\u0142 A\u017b 4 LATA OPIEKI SERWISOWEJ W PREZENCIE OD NAS UWAGA UWAGA! BARDZO WA\u017bNE. DO KA\u017bDEJ KOSIARKI DOSTARCZAMY OLEJ W ZESTAWIE. NALEZY GO WLA\u0106 DO KOSIARKI. NIE JEST ONA FABRYCZNIE ZALANA OLEJEM JESZCZE LEPSZY SILNIK SRV PRO NA 2026 series 179cc","_links":{"self":[{"href":"https:\/\/ogrodowyswiat24.shop\/grill\/wp-json\/wp\/v2\/product\/15989","targetHints":{"allow":["GET"]}}],"collection":[{"href":"https:\/\/ogrodowyswiat24.shop\/grill\/wp-json\/wp\/v2\/product"}],"about":[{"href":"https:\/\/ogrodowyswiat24.shop\/grill\/wp-json\/wp\/v2\/types\/product"}],"wp:featuredmedia":[{"embeddable":true,"href":"https:\/\/ogrodowyswiat24.shop\/grill\/wp-json\/wp\/v2\/media\/15990"}],"wp:attachment":[{"href":"https:\/\/ogrodowyswiat24.shop\/grill\/wp-json\/wp\/v2\/media?parent=15989"}],"wp:term":[{"taxonomy":"product_brand","embeddable":true,"href":"https:\/\/ogrodowyswiat24.shop\/grill\/wp-json\/wp\/v2\/product_brand?post=15989"},{"taxonomy":"product_cat","embeddable":true,"href":"https:\/\/ogrodowyswiat24.shop\/grill\/wp-json\/wp\/v2\/product_cat?post=15989"},{"taxonomy":"product_tag","embeddable":true,"href":"https:\/\/ogrodowyswiat24.shop\/grill\/wp-json\/wp\/v2\/product_tag?post=15989"}],"curies":[{"name":"wp","href":"https:\/\/api.w.org\/{rel}","templated":true}]}}