{"id":16101,"date":"2026-04-06T19:53:56","date_gmt":"2026-04-06T18:53:56","guid":{"rendered":"https:\/\/grillcentrum.shop\/gree\/produkt\/meble-ogrodowe-zestaw-wypoczynkowy-technorattan-naroznik-jasny-braz\/"},"modified":"2026-04-11T02:22:36","modified_gmt":"2026-04-11T01:22:36","slug":"meble-ogrodowe-zestaw-wypoczynkowy-technorattan-naroznik-jasny-braz","status":"publish","type":"product","link":"https:\/\/ogrodowyswiat24.shop\/grill\/produkt\/meble-ogrodowe-zestaw-wypoczynkowy-technorattan-naroznik-jasny-braz\/","title":{"rendered":"Meble ogrodowe \/ Zestaw wypoczynkowy \/ Technorattan Naro\u017cnik \/ Jasny Br\u0105z"},"content":{"rendered":"<div style=\"font-family: Arial, sans-serif; line-height: 1.6; color: #333; padding: 20px; clear: both; display: block; width: 100%; float: none; position: static; overflow: hidden;\">\n<div style=\"clear: both; display: block; margin: 10px 0;\">\n<div style=\"clear: both; display: block; margin: 10px 0;\">\n<div style=\"clear: both; display: block; margin: 10px 0;\">\n<p style=\"margin: 15px 0; line-height: 1.8; clear: both; display: block; width: 100%; float: none; position: static;\">Zestaw ogrodowy&nbsp;<b>Kordoba<\/b> w kolorze <b>Jasnego<\/b> <b>br\u0105zu<\/b> to wysokiej jako\u015bci komplet dla&nbsp;<b>9&nbsp;os\u00f3b<\/b>.<\/p>\n<p style=\"margin: 15px 0; line-height: 1.8; clear: both; display: block; width: 100%; float: none; position: static;\">Komfortowy i du\u017cy wypoczynek ogrodowy wykonany z wysokiej jako\u015bci materia\u0142\u00f3w, w zestawie&nbsp;<b>komfortowe<\/b>&nbsp;<b>poduszki<\/b>&nbsp;oraz&nbsp;<b>du\u017cy<\/b>&nbsp;<b>st\u00f3\u0142<\/b>.<\/p>\n<\/div>\n<\/div>\n<\/div>\n<div style=\"clear: both; display: block; margin: 10px 0;\">\n<div style=\"clear: both; display: block; margin: 10px 0;\">\n<div style=\"clear: both; display: block; margin: 10px 0;\">\n<div  style=\"max-width:2560px;max-height:2560px\">\n<div style=\"clear: both; display: block; margin: 10px 0;\">\n<div style=\"clear: both; width: 100%; display: block; margin: 20px 0; padding: 0; float: none; position: static; text-align: center;\"><img decoding=\"async\"  src=\"https:\/\/a.allegroimg.com\/original\/11f04e\/c360b2ca4c43aab51106bea9158d\/Meble-ogrodowe-Zestaw-wypoczynkowy-Technorattan-Naroznik-Jasny-Braz\" srcset=\"https:\/\/a.allegroimg.com\/original\/11f04e\/c360b2ca4c43aab51106bea9158d\/Meble-ogrodowe-Zestaw-wypoczynkowy-Technorattan-Naroznik-Jasny-Braz 360w,https:\/\/a.allegroimg.com\/original\/11f04e\/c360b2ca4c43aab51106bea9158d\/Meble-ogrodowe-Zestaw-wypoczynkowy-Technorattan-Naroznik-Jasny-Braz 720w,https:\/\/a.allegroimg.com\/original\/11f04e\/c360b2ca4c43aab51106bea9158d\/Meble-ogrodowe-Zestaw-wypoczynkowy-Technorattan-Naroznik-Jasny-Braz 1024w,https:\/\/a.allegroimg.com\/original\/11f04e\/c360b2ca4c43aab51106bea9158d\/Meble-ogrodowe-Zestaw-wypoczynkowy-Technorattan-Naroznik-Jasny-Braz 1440w,https:\/\/a.allegroimg.com\/original\/11f04e\/c360b2ca4c43aab51106bea9158d\/Meble-ogrodowe-Zestaw-wypoczynkowy-Technorattan-Naroznik-Jasny-Braz 2560w\" sizes=\"(min-width: 1200px) 560px, (min-width: 992px) 50vw, 100vw\" width=\"2560px\" alt=\"Meble ogrodowe \/ Zestaw wypoczynkowy \/ Technorattan Naro\u017cnik \/ Jasny Br\u0105z\" style=\"max-width: 100%; height: auto; display: block; margin: 0 auto;\"><\/div>\n<\/div>\n<\/div>\n<\/div>\n<\/div>\n<div style=\"clear: both; display: block; margin: 10px 0;\">\n<div style=\"clear: both; display: block; margin: 10px 0;\">\n<h1>Zastosowanie i korzy\u015bci<\/h1>\n<p style=\"margin: 15px 0; line-height: 1.8; clear: both; display: block; width: 100%; float: none; position: static;\">\u2714\ufe0f Doskona\u0142y wyb\u00f3r do&nbsp;<b>ogrodu<\/b>, na&nbsp;<b>taras<\/b>&nbsp;lub przestronny&nbsp;<b>balkon<\/b>.<\/p>\n<p style=\"margin: 15px 0; line-height: 1.8; clear: both; display: block; width: 100%; float: none; position: static;\">\u2714\ufe0f Dzi\u0119ki&nbsp;<b>lekkiej<\/b>, ale&nbsp;<b>solidnej<\/b>&nbsp;<b>konstrukcji<\/b>&nbsp;meble mo\u017cna \u0142atwo przestawia\u0107.<\/p>\n<p style=\"margin: 15px 0; line-height: 1.8; clear: both; display: block; width: 100%; float: none; position: static;\">\u2714\ufe0f Wyposa\u017cony w&nbsp;<b>komfortowe poduszki<\/b>&nbsp;oraz&nbsp;<b>du\u017cy st\u00f3\u0142 z hartowanym szk\u0142em<\/b>.<\/p>\n<p style=\"margin: 15px 0; line-height: 1.8; clear: both; display: block; width: 100%; float: none; position: static;\">\u2714\ufe0f Dwie pufy mog\u0105ce s\u0142u\u017cy\u0107 jako <b>podn\u00f3\u017cki do wypoczynku<\/b>.<\/p>\n<\/div>\n<\/div>\n<\/div>\n<div style=\"clear: both; display: block; margin: 10px 0;\">\n<div style=\"clear: both; display: block; margin: 10px 0;\">\n<div style=\"clear: both; display: block; margin: 10px 0;\">\n<p style=\"margin: 15px 0; line-height: 1.8; clear: both; display: block; width: 100%; float: none; position: static;\">\u2714\ufe0f&nbsp;<b>Stw\u00f3rz stylow\u0105 i wygodn\u0105 przestrze\u0144 wypoczynkow\u0105<\/b>&nbsp;w swoim ogrodzie lub na tarasie dzi\u0119ki du\u017cemu zestawowi mebli ogrodowych w&nbsp;<b>eleganckim<\/b>&nbsp;<b>br\u0105zowym<\/b>&nbsp;kolorze z ciemnymi poduszkami.<\/p>\n<p style=\"margin: 15px 0; line-height: 1.8; clear: both; display: block; width: 100%; float: none; position: static;\">\u2714\ufe0f&nbsp;<b>Idealne po\u0142\u0105czenie trwa\u0142o\u015bci, funkcjonalno\u015bci i ponadczasowego designu<\/b>&nbsp;\u2013 zestaw jest dedykowany dla siedmiu os\u00f3b, oferuj\u0105c maksymalny komfort i praktyczno\u015b\u0107.<\/p>\n<p style=\"margin: 15px 0; line-height: 1.8; clear: both; display: block; width: 100%; float: none; position: static;\">\u2714\ufe0f&nbsp;<b>Wykonany z wysokiej jako\u015bci materia\u0142\u00f3w<\/b>, odpornych na warunki atmosferyczne, co zapewnia jego trwa\u0142o\u015b\u0107 na lata.<\/p>\n<\/div>\n<\/div>\n<div style=\"clear: both; display: block; margin: 10px 0;\">\n<div style=\"clear: both; display: block; margin: 10px 0;\">\n<div  style=\"max-width:2048px;max-height:2048px\">\n<div style=\"clear: both; display: block; margin: 10px 0;\">\n<div style=\"clear: both; width: 100%; display: block; margin: 20px 0; padding: 0; float: none; position: static; text-align: center;\"><img decoding=\"async\"  src=\"https:\/\/a.allegroimg.com\/original\/11578b\/bf033c604146a9b94ed2068b205a\/Meble-ogrodowe-Zestaw-wypoczynkowy-Technorattan-Naroznik-Jasny-Braz-Stan-opakowania-oryginalne\" srcset=\"https:\/\/a.allegroimg.com\/original\/11578b\/bf033c604146a9b94ed2068b205a\/Meble-ogrodowe-Zestaw-wypoczynkowy-Technorattan-Naroznik-Jasny-Braz-Stan-opakowania-oryginalne 360w,https:\/\/a.allegroimg.com\/original\/11578b\/bf033c604146a9b94ed2068b205a\/Meble-ogrodowe-Zestaw-wypoczynkowy-Technorattan-Naroznik-Jasny-Braz-Stan-opakowania-oryginalne 720w,https:\/\/a.allegroimg.com\/original\/11578b\/bf033c604146a9b94ed2068b205a\/Meble-ogrodowe-Zestaw-wypoczynkowy-Technorattan-Naroznik-Jasny-Braz-Stan-opakowania-oryginalne 1024w,https:\/\/a.allegroimg.com\/original\/11578b\/bf033c604146a9b94ed2068b205a\/Meble-ogrodowe-Zestaw-wypoczynkowy-Technorattan-Naroznik-Jasny-Braz-Stan-opakowania-oryginalne 1440w,https:\/\/a.allegroimg.com\/original\/11578b\/bf033c604146a9b94ed2068b205a\/Meble-ogrodowe-Zestaw-wypoczynkowy-Technorattan-Naroznik-Jasny-Braz-Stan-opakowania-oryginalne 2048w\" sizes=\"(min-width: 1200px) 560px, (min-width: 992px) 50vw, 100vw\" width=\"2048px\" alt=\"Meble ogrodowe \/ Zestaw wypoczynkowy \/ Technorattan Naro\u017cnik \/ Jasny Br\u0105z Stan opakowania oryginalne\" style=\"max-width: 100%; height: auto; display: block; margin: 0 auto;\"><\/div>\n<\/div>\n<\/div>\n<\/div>\n<\/div>\n<\/div>\n<div style=\"clear: both; display: block; margin: 10px 0;\">\n<div style=\"clear: both; display: block; margin: 10px 0;\">\n<div style=\"clear: both; display: block; margin: 10px 0;\">\n<div  style=\"max-width:2048px;max-height:2048px\">\n<div style=\"clear: both; display: block; margin: 10px 0;\">\n<div style=\"clear: both; width: 100%; display: block; margin: 20px 0; padding: 0; float: none; position: static; text-align: center;\"><img decoding=\"async\"  src=\"https:\/\/a.allegroimg.com\/original\/11c744\/2d326c91454fae45b24e6dd276b8\/Meble-ogrodowe-Zestaw-wypoczynkowy-Technorattan-Naroznik-Jasny-Braz-Kod-producenta-Zestaw-ogrodowy-SFS079-1-Jasnobrazowy\" srcset=\"https:\/\/a.allegroimg.com\/original\/11c744\/2d326c91454fae45b24e6dd276b8\/Meble-ogrodowe-Zestaw-wypoczynkowy-Technorattan-Naroznik-Jasny-Braz-Kod-producenta-Zestaw-ogrodowy-SFS079-1-Jasnobrazowy 360w,https:\/\/a.allegroimg.com\/original\/11c744\/2d326c91454fae45b24e6dd276b8\/Meble-ogrodowe-Zestaw-wypoczynkowy-Technorattan-Naroznik-Jasny-Braz-Kod-producenta-Zestaw-ogrodowy-SFS079-1-Jasnobrazowy 720w,https:\/\/a.allegroimg.com\/original\/11c744\/2d326c91454fae45b24e6dd276b8\/Meble-ogrodowe-Zestaw-wypoczynkowy-Technorattan-Naroznik-Jasny-Braz-Kod-producenta-Zestaw-ogrodowy-SFS079-1-Jasnobrazowy 1024w,https:\/\/a.allegroimg.com\/original\/11c744\/2d326c91454fae45b24e6dd276b8\/Meble-ogrodowe-Zestaw-wypoczynkowy-Technorattan-Naroznik-Jasny-Braz-Kod-producenta-Zestaw-ogrodowy-SFS079-1-Jasnobrazowy 1440w,https:\/\/a.allegroimg.com\/original\/11c744\/2d326c91454fae45b24e6dd276b8\/Meble-ogrodowe-Zestaw-wypoczynkowy-Technorattan-Naroznik-Jasny-Braz-Kod-producenta-Zestaw-ogrodowy-SFS079-1-Jasnobrazowy 2048w\" sizes=\"(min-width: 1200px) 560px, (min-width: 992px) 50vw, 100vw\" width=\"2048px\" alt=\"Meble ogrodowe \/ Zestaw wypoczynkowy \/ Technorattan Naro\u017cnik \/ Jasny Br\u0105z Kod producenta Zestaw ogrodowy SFS079-1-Jasnobr\u0105zowy\" style=\"max-width: 100%; height: auto; display: block; margin: 0 auto;\"><\/div>\n<\/div>\n<\/div>\n<\/div>\n<\/div>\n<div style=\"clear: both; display: block; margin: 10px 0;\">\n<div style=\"clear: both; display: block; margin: 10px 0;\">\n<h1>Dla kogo jest dedykowany?<\/h1>\n<p style=\"margin: 15px 0; line-height: 1.8; clear: both; display: block; width: 100%; float: none; position: static;\">\u2714\ufe0f&nbsp;<b>Dla rodzin i przyjaci\u00f3\u0142<\/b>, kt\u00f3rzy chc\u0105 cieszy\u0107 si\u0119 wsp\u00f3lnymi chwilami na \u015bwie\u017cym powietrzu.<\/p>\n<p style=\"margin: 15px 0; line-height: 1.8; clear: both; display: block; width: 100%; float: none; position: static;\">\u2714\ufe0f&nbsp;<b>Dla mi\u0142o\u015bnik\u00f3w eleganckiego, ale praktycznego designu.<\/b><\/p>\n<p style=\"margin: 15px 0; line-height: 1.8; clear: both; display: block; width: 100%; float: none; position: static;\">\u2714\ufe0f&nbsp;<b>Dla os\u00f3b ceni\u0105cych trwa\u0142o\u015b\u0107 i odporno\u015b\u0107 na zmienne warunki atmosferyczne.<\/b><\/p>\n<\/div>\n<\/div>\n<\/div>\n<div style=\"clear: both; display: block; margin: 10px 0;\">\n<div style=\"clear: both; display: block; margin: 10px 0;\">\n<div style=\"clear: both; display: block; margin: 10px 0;\">\n<h1>Dlaczego warto wybra\u0107 ten zestaw?<\/h1>\n<p style=\"margin: 15px 0; line-height: 1.8; clear: both; display: block; width: 100%; float: none; position: static;\">\u2705 Nowoczesny, ponadczasowy design.<\/p>\n<p style=\"margin: 15px 0; line-height: 1.8; clear: both; display: block; width: 100%; float: none; position: static;\">\u2705 Stabilna konstrukcja dzi\u0119ki&nbsp;<b>metalowemu stela\u017cowi pokrytemu technorattanem<\/b>.<\/p>\n<p style=\"margin: 15px 0; line-height: 1.8; clear: both; display: block; width: 100%; float: none; position: static;\">\u2705&nbsp;<b>Komfortowe poduszki<\/b>&nbsp;o wodoodpornej i \u0142atwej do czyszczenia pow\u0142oce.<\/p>\n<p style=\"margin: 15px 0; line-height: 1.8; clear: both; display: block; width: 100%; float: none; position: static;\">\u2705&nbsp;<b>Blat z hartowanego szk\u0142a<\/b>&nbsp;\u2013 elegancki i odporny na uszkodzenia.<\/p>\n<p style=\"margin: 15px 0; line-height: 1.8; clear: both; display: block; width: 100%; float: none; position: static;\">\u2705&nbsp;<b>\u0141atwy monta\u017c<\/b>&nbsp;\u2013 zestaw zawiera instrukcj\u0119.<\/p>\n<\/div>\n<\/div>\n<div style=\"clear: both; display: block; margin: 10px 0;\">\n<div style=\"clear: both; display: block; margin: 10px 0;\">\n<div  style=\"max-width:1428px;max-height:1440px\">\n<div style=\"clear: both; display: block; margin: 10px 0;\">\n<div style=\"clear: both; width: 100%; display: block; margin: 20px 0; padding: 0; float: none; position: static; text-align: center;\"><img decoding=\"async\"  src=\"https:\/\/a.allegroimg.com\/original\/1165e0\/ed2cb75c4ca7a29b118026d0ed30\/Meble-ogrodowe-Zestaw-wypoczynkowy-Technorattan-Naroznik-Jasny-Braz-Material-dominujacy-technorattan\" srcset=\"https:\/\/a.allegroimg.com\/original\/1165e0\/ed2cb75c4ca7a29b118026d0ed30\/Meble-ogrodowe-Zestaw-wypoczynkowy-Technorattan-Naroznik-Jasny-Braz-Material-dominujacy-technorattan 357w,https:\/\/a.allegroimg.com\/original\/1165e0\/ed2cb75c4ca7a29b118026d0ed30\/Meble-ogrodowe-Zestaw-wypoczynkowy-Technorattan-Naroznik-Jasny-Braz-Material-dominujacy-technorattan 714w,https:\/\/a.allegroimg.com\/original\/1165e0\/ed2cb75c4ca7a29b118026d0ed30\/Meble-ogrodowe-Zestaw-wypoczynkowy-Technorattan-Naroznik-Jasny-Braz-Material-dominujacy-technorattan 1015w,https:\/\/a.allegroimg.com\/original\/1165e0\/ed2cb75c4ca7a29b118026d0ed30\/Meble-ogrodowe-Zestaw-wypoczynkowy-Technorattan-Naroznik-Jasny-Braz-Material-dominujacy-technorattan 1428w,https:\/\/a.allegroimg.com\/original\/1165e0\/ed2cb75c4ca7a29b118026d0ed30\/Meble-ogrodowe-Zestaw-wypoczynkowy-Technorattan-Naroznik-Jasny-Braz-Material-dominujacy-technorattan 1428w\" sizes=\"(min-width: 1200px) 560px, (min-width: 992px) 50vw, 100vw\" width=\"1428px\" alt=\"Meble ogrodowe \/ Zestaw wypoczynkowy \/ Technorattan Naro\u017cnik \/ Jasny Br\u0105z Materia\u0142 dominuj\u0105cy technorattan\" style=\"max-width: 100%; height: auto; display: block; margin: 0 auto;\"><\/div>\n<\/div>\n<\/div>\n<\/div>\n<\/div>\n<\/div>\n<div style=\"clear: both; display: block; margin: 10px 0;\">\n<div style=\"clear: both; display: block; margin: 10px 0;\">\n<div style=\"clear: both; display: block; margin: 10px 0;\">\n<div  style=\"max-width:1440px;max-height:1440px\">\n<div style=\"clear: both; display: block; margin: 10px 0;\">\n<div style=\"clear: both; width: 100%; display: block; margin: 20px 0; padding: 0; float: none; position: static; text-align: center;\"><img decoding=\"async\"  src=\"https:\/\/a.allegroimg.com\/original\/11c112\/fe4237e647d7bc505d569bdb2a45\/Meble-ogrodowe-Zestaw-wypoczynkowy-Technorattan-Naroznik-Jasny-Braz-Producent-MTG-Trade-Group\" srcset=\"https:\/\/a.allegroimg.com\/original\/11c112\/fe4237e647d7bc505d569bdb2a45\/Meble-ogrodowe-Zestaw-wypoczynkowy-Technorattan-Naroznik-Jasny-Braz-Producent-MTG-Trade-Group 360w,https:\/\/a.allegroimg.com\/original\/11c112\/fe4237e647d7bc505d569bdb2a45\/Meble-ogrodowe-Zestaw-wypoczynkowy-Technorattan-Naroznik-Jasny-Braz-Producent-MTG-Trade-Group 720w,https:\/\/a.allegroimg.com\/original\/11c112\/fe4237e647d7bc505d569bdb2a45\/Meble-ogrodowe-Zestaw-wypoczynkowy-Technorattan-Naroznik-Jasny-Braz-Producent-MTG-Trade-Group 1024w,https:\/\/a.allegroimg.com\/original\/11c112\/fe4237e647d7bc505d569bdb2a45\/Meble-ogrodowe-Zestaw-wypoczynkowy-Technorattan-Naroznik-Jasny-Braz-Producent-MTG-Trade-Group 1440w,https:\/\/a.allegroimg.com\/original\/11c112\/fe4237e647d7bc505d569bdb2a45\/Meble-ogrodowe-Zestaw-wypoczynkowy-Technorattan-Naroznik-Jasny-Braz-Producent-MTG-Trade-Group 1440w\" sizes=\"(min-width: 1200px) 560px, (min-width: 992px) 50vw, 100vw\" width=\"1440px\" alt=\"Meble ogrodowe \/ Zestaw wypoczynkowy \/ Technorattan Naro\u017cnik \/ Jasny Br\u0105z Producent MTG Trade Group\" style=\"max-width: 100%; height: auto; display: block; margin: 0 auto;\"><\/div>\n<\/div>\n<\/div>\n<\/div>\n<\/div>\n<div style=\"clear: both; display: block; margin: 10px 0;\">\n<div style=\"clear: both; display: block; margin: 10px 0;\">\n<h1>Dane techniczne:<\/h1>\n<p style=\"margin: 15px 0; line-height: 1.8; clear: both; display: block; width: 100%; float: none; position: static;\"><b>\u2705Kolor<\/b>: jasny br\u0105z + ciemne poduszki<\/p>\n<p style=\"margin: 15px 0; line-height: 1.8; clear: both; display: block; width: 100%; float: none; position: static;\"><b>\u2705Materia\u0142 stela\u017ca<\/b>: stal, technorattan<\/p>\n<p style=\"margin: 15px 0; line-height: 1.8; clear: both; display: block; width: 100%; float: none; position: static;\"><b>\u2705Blat sto\u0142u<\/b>: szk\u0142o hartowane<\/p>\n<p style=\"margin: 15px 0; line-height: 1.8; clear: both; display: block; width: 100%; float: none; position: static;\"><b>\u2705Odporno\u015b\u0107<\/b>: na warunki atmosferyczne i promieniowanie UV<\/p>\n<p style=\"margin: 15px 0; line-height: 1.8; clear: both; display: block; width: 100%; float: none; position: static;\"><b>\u2705Czyszczenie<\/b>: wilgotna \u015bciereczka + delikatny detergent<\/p>\n<p style=\"margin: 15px 0; line-height: 1.8; clear: both; display: block; width: 100%; float: none; position: static;\">\u2705&nbsp;<b>Zainwestuj w wygod\u0119 i styl swojego ogrodu!<\/b>&nbsp;Wybierz zestaw ogrodowy w kolorze&nbsp;<b>jasnego br\u0105zu<\/b>&nbsp;i ciesz si\u0119 relaksem na \u015bwie\u017cym powietrzu przez d\u0142ugie lata!<\/p>\n<\/div>\n<\/div>\n<\/div>\n<div style=\"clear: both; display: block; margin: 10px 0;\">\n<div style=\"clear: both; display: block; margin: 10px 0;\">\n<div style=\"clear: both; display: block; margin: 10px 0;\">\n<h1>Zestaw zawiera:<\/h1>\n<p style=\"margin: 15px 0; line-height: 1.8; clear: both; display: block; width: 100%; float: none; position: static;\">\u2714\ufe0f Du\u017cy naro\u017cnik<\/p>\n<p style=\"margin: 15px 0; line-height: 1.8; clear: both; display: block; width: 100%; float: none; position: static;\">\u2714\ufe0f 2 x puf<\/p>\n<p style=\"margin: 15px 0; line-height: 1.8; clear: both; display: block; width: 100%; float: none; position: static;\">\u2714\ufe0f 1 x St\u00f3\u0142 z hartowanym szk\u0142em<\/p>\n<p style=\"margin: 15px 0; line-height: 1.8; clear: both; display: block; width: 100%; float: none; position: static;\">\u2714\ufe0f Komplet mi\u0119kkich, wodoodpornych poduszek<\/p>\n<\/div>\n<\/div>\n<div style=\"clear: both; display: block; margin: 10px 0;\">\n<div style=\"clear: both; display: block; margin: 10px 0;\">\n<div  style=\"max-width:1437px;max-height:1684px\">\n<div style=\"clear: both; display: block; margin: 10px 0;\">\n<div style=\"clear: both; width: 100%; display: block; margin: 20px 0; padding: 0; float: none; position: static; text-align: center;\"><img decoding=\"async\"  src=\"https:\/\/a.allegroimg.com\/original\/11f672\/c15901cf4244bad1f5bcd8cbe765\/Meble-ogrodowe-Zestaw-wypoczynkowy-Technorattan-Naroznik-Jasny-Braz-Liczba-elementow-w-zestawie-5\" srcset=\"https:\/\/a.allegroimg.com\/original\/11f672\/c15901cf4244bad1f5bcd8cbe765\/Meble-ogrodowe-Zestaw-wypoczynkowy-Technorattan-Naroznik-Jasny-Braz-Liczba-elementow-w-zestawie-5 307w,https:\/\/a.allegroimg.com\/original\/11f672\/c15901cf4244bad1f5bcd8cbe765\/Meble-ogrodowe-Zestaw-wypoczynkowy-Technorattan-Naroznik-Jasny-Braz-Liczba-elementow-w-zestawie-5 614w,https:\/\/a.allegroimg.com\/original\/11f672\/c15901cf4244bad1f5bcd8cbe765\/Meble-ogrodowe-Zestaw-wypoczynkowy-Technorattan-Naroznik-Jasny-Braz-Liczba-elementow-w-zestawie-5 873w,https:\/\/a.allegroimg.com\/original\/11f672\/c15901cf4244bad1f5bcd8cbe765\/Meble-ogrodowe-Zestaw-wypoczynkowy-Technorattan-Naroznik-Jasny-Braz-Liczba-elementow-w-zestawie-5 1228w,https:\/\/a.allegroimg.com\/original\/11f672\/c15901cf4244bad1f5bcd8cbe765\/Meble-ogrodowe-Zestaw-wypoczynkowy-Technorattan-Naroznik-Jasny-Braz-Liczba-elementow-w-zestawie-5 1437w\" sizes=\"(min-width: 1200px) 560px, (min-width: 992px) 50vw, 100vw\" width=\"1437px\" alt=\"Meble ogrodowe \/ Zestaw wypoczynkowy \/ Technorattan Naro\u017cnik \/ Jasny Br\u0105z Liczba element\u00f3w w zestawie 5\" style=\"max-width: 100%; height: auto; display: block; margin: 0 auto;\"><\/div>\n<\/div>\n<\/div>\n<\/div>\n<\/div>\n<\/div>\n<div style=\"clear: both; display: block; margin: 10px 0;\">\n<div style=\"clear: both; display: block; margin: 10px 0;\">\n<div style=\"clear: both; display: block; margin: 10px 0;\">\n<h1>WYMIARY:<\/h1>\n<\/div>\n<\/div>\n<\/div>\n<div style=\"clear: both; display: block; margin: 10px 0;\">\n<div style=\"clear: both; display: block; margin: 10px 0;\">\n<div style=\"clear: both; display: block; margin: 10px 0;\">\n<div  style=\"max-width:1798px;max-height:1675px\">\n<div style=\"clear: both; display: block; margin: 10px 0;\">\n<div style=\"clear: both; width: 100%; display: block; margin: 20px 0; padding: 0; float: none; position: static; text-align: center;\"><img decoding=\"async\"  src=\"https:\/\/a.allegroimg.com\/original\/1168a0\/25da4f66476ba51f249875110ad8\/Meble-ogrodowe-Zestaw-wypoczynkowy-Technorattan-Naroznik-Jasny-Braz-Zawartosc-zestawu-naroznik-puf-stol\" srcset=\"https:\/\/a.allegroimg.com\/original\/1168a0\/25da4f66476ba51f249875110ad8\/Meble-ogrodowe-Zestaw-wypoczynkowy-Technorattan-Naroznik-Jasny-Braz-Zawartosc-zestawu-naroznik-puf-stol 360w,https:\/\/a.allegroimg.com\/original\/1168a0\/25da4f66476ba51f249875110ad8\/Meble-ogrodowe-Zestaw-wypoczynkowy-Technorattan-Naroznik-Jasny-Braz-Zawartosc-zestawu-naroznik-puf-stol 720w,https:\/\/a.allegroimg.com\/original\/1168a0\/25da4f66476ba51f249875110ad8\/Meble-ogrodowe-Zestaw-wypoczynkowy-Technorattan-Naroznik-Jasny-Braz-Zawartosc-zestawu-naroznik-puf-stol 1024w,https:\/\/a.allegroimg.com\/original\/1168a0\/25da4f66476ba51f249875110ad8\/Meble-ogrodowe-Zestaw-wypoczynkowy-Technorattan-Naroznik-Jasny-Braz-Zawartosc-zestawu-naroznik-puf-stol 1440w,https:\/\/a.allegroimg.com\/original\/1168a0\/25da4f66476ba51f249875110ad8\/Meble-ogrodowe-Zestaw-wypoczynkowy-Technorattan-Naroznik-Jasny-Braz-Zawartosc-zestawu-naroznik-puf-stol 1798w\" sizes=\"100vw\" width=\"1798px\" alt=\"Meble ogrodowe \/ Zestaw wypoczynkowy \/ Technorattan Naro\u017cnik \/ Jasny Br\u0105z Zawarto\u015b\u0107 zestawu naro\u017cnik puf st\u00f3\u0142\" style=\"max-width: 100%; height: auto; display: block; margin: 0 auto;\"><\/div>\n<\/div>\n<\/div>\n<\/div>\n<\/div>\n<\/div>\n<\/div>\n<\/div>\n<\/div>\n<div style=\"clear: both; display: block; margin: 10px 0;\">\n","protected":false},"excerpt":{"rendered":"<p>Zestaw ogrodowy&nbsp;Kordoba w kolorze Jasnego br\u0105zu to wysokiej jako\u015bci komplet dla&nbsp;9&nbsp;os\u00f3b.<\/p>\n<p>Komfortowy i du\u017cy wypoczynek ogrodowy wykonany z wysokiej jako\u015bci materia\u0142\u00f3w, w zestawie&nbsp;komfortowe&nbsp;poduszki&nbsp;oraz&nbsp;du\u017cy&nbsp;st\u00f3\u0142.<\/p>\n<p>Zastosowanie i korzy\u015bci<\/p>\n<p>\u2714\ufe0f Doskona\u0142y wyb\u00f3r do&nbsp;ogrodu, na&nbsp;taras&nbsp;lub przestronny&nbsp;balkon.<\/p>\n<p>\u2714\ufe0f Dzi\u0119ki&nbsp;lekkiej, ale&nbsp;solidnej&nbsp;konstrukcji&nbsp;meble mo\u017cna \u0142atwo przestawia\u0107.<\/p>\n<p>\u2714\ufe0f Wyposa\u017cony w&nbsp;komfortowe poduszki&nbsp;oraz&nbsp;du\u017cy st\u00f3\u0142 z hartowanym szk\u0142em.<\/p>\n","protected":false},"featured_media":16102,"template":"","meta":{"_uag_custom_page_level_css":""},"product_brand":[547],"product_cat":[532,542,541],"product_tag":[],"class_list":{"0":"post-16101","1":"product","2":"type-product","3":"status-publish","4":"has-post-thumbnail","6":"product_brand-mtg-trade-group","7":"product_cat-komplety-mebli","8":"product_cat-meble-ogrodowe","9":"product_cat-ogrod","10":"product_shipping_class-transport-na-paletach","12":"first","13":"instock","14":"sale","15":"shipping-taxable","16":"purchasable","17":"product-type-simple"},"uagb_featured_image_src":{"full":["https:\/\/ogrodowyswiat24.shop\/grill\/wp-content\/uploads\/2026\/04\/allegro-image-16101.jpg",2560,2560,false],"thumbnail":["https:\/\/ogrodowyswiat24.shop\/grill\/wp-content\/uploads\/2026\/04\/allegro-image-16101-150x150.jpg",150,150,true],"medium":["https:\/\/ogrodowyswiat24.shop\/grill\/wp-content\/uploads\/2026\/04\/allegro-image-16101-300x300.jpg",300,300,true],"medium_large":["https:\/\/ogrodowyswiat24.shop\/grill\/wp-content\/uploads\/2026\/04\/allegro-image-16101-768x768.jpg",768,768,true],"large":["https:\/\/ogrodowyswiat24.shop\/grill\/wp-content\/uploads\/2026\/04\/allegro-image-16101-1024x1024.jpg",1024,1024,true],"1536x1536":["https:\/\/ogrodowyswiat24.shop\/grill\/wp-content\/uploads\/2026\/04\/allegro-image-16101-1536x1536.jpg",1536,1536,true],"2048x2048":["https:\/\/ogrodowyswiat24.shop\/grill\/wp-content\/uploads\/2026\/04\/allegro-image-16101-2048x2048.jpg",2048,2048,true],"woocommerce_thumbnail":["https:\/\/ogrodowyswiat24.shop\/grill\/wp-content\/uploads\/2026\/04\/allegro-image-16101-300x300.jpg",300,300,true],"woocommerce_single":["https:\/\/ogrodowyswiat24.shop\/grill\/wp-content\/uploads\/2026\/04\/allegro-image-16101-600x600.jpg",600,600,true],"woocommerce_gallery_thumbnail":["https:\/\/ogrodowyswiat24.shop\/grill\/wp-content\/uploads\/2026\/04\/allegro-image-16101-100x100.jpg",100,100,true]},"uagb_author_info":{"display_name":"admin","author_link":"https:\/\/ogrodowyswiat24.shop\/grill\/author\/"},"uagb_comment_info":0,"uagb_excerpt":"Zestaw ogrodowy&nbsp;Kordoba w kolorze Jasnego br\u0105zu to wysokiej jako\u015bci komplet dla&nbsp;9&nbsp;os\u00f3b. Komfortowy i du\u017cy wypoczynek ogrodowy wykonany z wysokiej jako\u015bci materia\u0142\u00f3w, w zestawie&nbsp;komfortowe&nbsp;poduszki&nbsp;oraz&nbsp;du\u017cy&nbsp;st\u00f3\u0142. Zastosowanie i korzy\u015bci \u2714\ufe0f Doskona\u0142y wyb\u00f3r do&nbsp;ogrodu, na&nbsp;taras&nbsp;lub przestronny&nbsp;balkon. \u2714\ufe0f Dzi\u0119ki&nbsp;lekkiej, ale&nbsp;solidnej&nbsp;konstrukcji&nbsp;meble mo\u017cna \u0142atwo przestawia\u0107. \u2714\ufe0f Wyposa\u017cony w&nbsp;komfortowe poduszki&nbsp;oraz&nbsp;du\u017cy st\u00f3\u0142 z hartowanym szk\u0142em.","_links":{"self":[{"href":"https:\/\/ogrodowyswiat24.shop\/grill\/wp-json\/wp\/v2\/product\/16101","targetHints":{"allow":["GET"]}}],"collection":[{"href":"https:\/\/ogrodowyswiat24.shop\/grill\/wp-json\/wp\/v2\/product"}],"about":[{"href":"https:\/\/ogrodowyswiat24.shop\/grill\/wp-json\/wp\/v2\/types\/product"}],"wp:featuredmedia":[{"embeddable":true,"href":"https:\/\/ogrodowyswiat24.shop\/grill\/wp-json\/wp\/v2\/media\/16102"}],"wp:attachment":[{"href":"https:\/\/ogrodowyswiat24.shop\/grill\/wp-json\/wp\/v2\/media?parent=16101"}],"wp:term":[{"taxonomy":"product_brand","embeddable":true,"href":"https:\/\/ogrodowyswiat24.shop\/grill\/wp-json\/wp\/v2\/product_brand?post=16101"},{"taxonomy":"product_cat","embeddable":true,"href":"https:\/\/ogrodowyswiat24.shop\/grill\/wp-json\/wp\/v2\/product_cat?post=16101"},{"taxonomy":"product_tag","embeddable":true,"href":"https:\/\/ogrodowyswiat24.shop\/grill\/wp-json\/wp\/v2\/product_tag?post=16101"}],"curies":[{"name":"wp","href":"https:\/\/api.w.org\/{rel}","templated":true}]}}