{"id":16107,"date":"2026-04-06T19:54:01","date_gmt":"2026-04-06T18:54:01","guid":{"rendered":"https:\/\/grillcentrum.shop\/gree\/produkt\/zestaw-mebli-ogrodowych-dwa-fotele-z-poduszkami-stolik-na-taras-balkon\/"},"modified":"2026-04-11T02:22:36","modified_gmt":"2026-04-11T01:22:36","slug":"zestaw-mebli-ogrodowych-dwa-fotele-z-poduszkami-stolik-na-taras-balkon","status":"publish","type":"product","link":"https:\/\/ogrodowyswiat24.shop\/grill\/produkt\/zestaw-mebli-ogrodowych-dwa-fotele-z-poduszkami-stolik-na-taras-balkon\/","title":{"rendered":"ZESTAW MEBLI OGRODOWYCH DWA FOTELE Z PODUSZKAMI + STOLIK NA TARAS BALKON"},"content":{"rendered":"<div style=\"font-family: Arial, sans-serif; line-height: 1.6; color: #333; padding: 20px; clear: both; display: block; width: 100%; float: none; position: static; overflow: hidden;\">\n<div style=\"clear: both; display: block; margin: 10px 0;\">\n<div style=\"clear: both; display: block; margin: 10px 0;\">\n<div style=\"clear: both; display: block; margin: 10px 0;\">\n<h1>\u2b50ZESTAW MEBLI OGRODOWYCH DWA FOTELE Z PODUSZKAMI + STOLIK NA TARAS BALKON\u2b50<\/h1>\n<\/div>\n<\/div>\n<\/div>\n<div style=\"clear: both; display: block; margin: 10px 0;\">\n<div style=\"clear: both; display: block; margin: 10px 0;\">\n<div style=\"clear: both; display: block; margin: 10px 0;\">\n<div  style=\"max-width:2560px;max-height:1462px\">\n<div style=\"clear: both; display: block; margin: 10px 0;\">\n<div style=\"clear: both; width: 100%; display: block; margin: 20px 0; padding: 0; float: none; position: static; text-align: center;\"><img decoding=\"async\"  src=\"https:\/\/a.allegroimg.com\/original\/11f9ee\/5ddbd30b4d3f8bbc52228b4fa7b7\/ZESTAW-MEBLI-OGRODOWYCH-DWA-FOTELE-Z-PODUSZKAMI-STOLIK-NA-TARAS-BALKON\" srcset=\"https:\/\/a.allegroimg.com\/original\/11f9ee\/5ddbd30b4d3f8bbc52228b4fa7b7\/ZESTAW-MEBLI-OGRODOWYCH-DWA-FOTELE-Z-PODUSZKAMI-STOLIK-NA-TARAS-BALKON 360w,https:\/\/a.allegroimg.com\/original\/11f9ee\/5ddbd30b4d3f8bbc52228b4fa7b7\/ZESTAW-MEBLI-OGRODOWYCH-DWA-FOTELE-Z-PODUSZKAMI-STOLIK-NA-TARAS-BALKON 720w,https:\/\/a.allegroimg.com\/original\/11f9ee\/5ddbd30b4d3f8bbc52228b4fa7b7\/ZESTAW-MEBLI-OGRODOWYCH-DWA-FOTELE-Z-PODUSZKAMI-STOLIK-NA-TARAS-BALKON 1024w,https:\/\/a.allegroimg.com\/original\/11f9ee\/5ddbd30b4d3f8bbc52228b4fa7b7\/ZESTAW-MEBLI-OGRODOWYCH-DWA-FOTELE-Z-PODUSZKAMI-STOLIK-NA-TARAS-BALKON 1440w,https:\/\/a.allegroimg.com\/original\/11f9ee\/5ddbd30b4d3f8bbc52228b4fa7b7\/ZESTAW-MEBLI-OGRODOWYCH-DWA-FOTELE-Z-PODUSZKAMI-STOLIK-NA-TARAS-BALKON 2560w\" sizes=\"(min-width: 1200px) 560px, (min-width: 992px) 50vw, 100vw\" width=\"2560px\" alt=\"ZESTAW MEBLI OGRODOWYCH DWA FOTELE Z PODUSZKAMI + STOLIK NA TARAS BALKON\" style=\"max-width: 100%; height: auto; display: block; margin: 0 auto;\"><\/div>\n<\/div>\n<\/div>\n<\/div>\n<\/div>\n<div style=\"clear: both; display: block; margin: 10px 0;\">\n<div style=\"clear: both; display: block; margin: 10px 0;\">\n<p style=\"margin: 15px 0; line-height: 1.8; clear: both; display: block; width: 100%; float: none; position: static;\">\u2b50Elegancki zestaw do ogrodu, na taras i balkon<\/p>\n<p style=\"margin: 15px 0; line-height: 1.8; clear: both; display: block; width: 100%; float: none; position: static;\"><b>Corfu WEEKEND grafit<\/b> to <b>funkcjonalny i wyj\u0105tkowo stylowy zestaw mebli ogrodowych<\/b>, w kt\u00f3rego sk\u0142ad wchodz\u0105 <b>dwa wygodne fotele oraz praktyczny stolik kawowy<\/b>. Nowoczesny design inspirowany <b>plecionk\u0105 rattanow\u0105<\/b> sprawia, \u017ce komplet doskonale prezentuje si\u0119 w <b>ogrodzie, na tarasie, balkonie czy w przestrzeni kawiarnianej<\/b>. Dzi\u0119ki ponadczasowej estetyce zestaw idealnie uzupe\u0142ni ka\u017cd\u0105 aran\u017cacj\u0119 strefy wypoczynkowej.<\/p>\n<\/div>\n<\/div>\n<\/div>\n<div style=\"clear: both; display: block; margin: 10px 0;\">\n<div style=\"clear: both; display: block; margin: 10px 0;\">\n<div style=\"clear: both; display: block; margin: 10px 0;\">\n<div  style=\"max-width:800px;max-height:533px\">\n<div style=\"clear: both; display: block; margin: 10px 0;\">\n<div style=\"clear: both; width: 100%; display: block; margin: 20px 0; padding: 0; float: none; position: static; text-align: center;\"><img decoding=\"async\"  src=\"https:\/\/a.allegroimg.com\/original\/252f57\/68545f4c4464bfa14eb9e2dfebfc\/ZESTAW-MEBLI-OGRODOWYCH-DWA-FOTELE-Z-PODUSZKAMI-STOLIK-NA-TARAS-BALKON-Producent-Allibert\" srcset=\"https:\/\/a.allegroimg.com\/original\/252f57\/68545f4c4464bfa14eb9e2dfebfc\/ZESTAW-MEBLI-OGRODOWYCH-DWA-FOTELE-Z-PODUSZKAMI-STOLIK-NA-TARAS-BALKON-Producent-Allibert 360w,https:\/\/a.allegroimg.com\/original\/252f57\/68545f4c4464bfa14eb9e2dfebfc\/ZESTAW-MEBLI-OGRODOWYCH-DWA-FOTELE-Z-PODUSZKAMI-STOLIK-NA-TARAS-BALKON-Producent-Allibert 720w,https:\/\/a.allegroimg.com\/original\/252f57\/68545f4c4464bfa14eb9e2dfebfc\/ZESTAW-MEBLI-OGRODOWYCH-DWA-FOTELE-Z-PODUSZKAMI-STOLIK-NA-TARAS-BALKON-Producent-Allibert 800w,https:\/\/a.allegroimg.com\/original\/252f57\/68545f4c4464bfa14eb9e2dfebfc\/ZESTAW-MEBLI-OGRODOWYCH-DWA-FOTELE-Z-PODUSZKAMI-STOLIK-NA-TARAS-BALKON-Producent-Allibert 800w\" sizes=\"(min-width: 1200px) 560px, (min-width: 992px) 50vw, 100vw\" width=\"800px\" alt=\"ZESTAW MEBLI OGRODOWYCH DWA FOTELE Z PODUSZKAMI + STOLIK NA TARAS BALKON Producent Allibert\" style=\"max-width: 100%; height: auto; display: block; margin: 0 auto;\"><\/div>\n<\/div>\n<\/div>\n<\/div>\n<\/div>\n<div style=\"clear: both; display: block; margin: 10px 0;\">\n<div style=\"clear: both; display: block; margin: 10px 0;\">\n<p style=\"margin: 15px 0; line-height: 1.8; clear: both; display: block; width: 100%; float: none; position: static;\">\u2b50Wytrzyma\u0142y materia\u0142 odporny na pogod\u0119<\/p>\n<p style=\"margin: 15px 0; line-height: 1.8; clear: both; display: block; width: 100%; float: none; position: static;\">Meble zosta\u0142y wykonane z <b>wysokiej jako\u015bci tworzywa sztucznego \u2013 polipropylenu<\/b>, kt\u00f3re <b>doskonale imituje naturalny rattan<\/b>. Materia\u0142 jest <b>odporny na deszcz, mr\u00f3z oraz promieniowanie UV<\/b>, dzi\u0119ki czemu meble zachowuj\u0105 sw\u00f3j wygl\u0105d przez d\u0142ugi czas. Tworzywo wykazuje odporno\u015b\u0107 na temperatury w zakresie <b>od 0 do 40\u00b0C<\/b>, co gwarantuje <b>trwa\u0142o\u015b\u0107 i wieloletnie u\u017cytkowanie<\/b>.<\/p>\n<\/div>\n<\/div>\n<\/div>\n<div style=\"clear: both; display: block; margin: 10px 0;\">\n<div style=\"clear: both; display: block; margin: 10px 0;\">\n<div style=\"clear: both; display: block; margin: 10px 0;\">\n<div  style=\"max-width:947px;max-height:1000px\">\n<div style=\"clear: both; display: block; margin: 10px 0;\">\n<div style=\"clear: both; width: 100%; display: block; margin: 20px 0; padding: 0; float: none; position: static; text-align: center;\"><img decoding=\"async\"  src=\"https:\/\/a.allegroimg.com\/original\/2593fc\/550fddae42ecbf603e483405b572\/ZESTAW-MEBLI-OGRODOWYCH-DWA-FOTELE-Z-PODUSZKAMI-STOLIK-NA-TARAS-BALKON-Zawartosc-zestawu-fotel-niski-stolik\" srcset=\"https:\/\/a.allegroimg.com\/original\/2593fc\/550fddae42ecbf603e483405b572\/ZESTAW-MEBLI-OGRODOWYCH-DWA-FOTELE-Z-PODUSZKAMI-STOLIK-NA-TARAS-BALKON-Zawartosc-zestawu-fotel-niski-stolik 340w,https:\/\/a.allegroimg.com\/original\/2593fc\/550fddae42ecbf603e483405b572\/ZESTAW-MEBLI-OGRODOWYCH-DWA-FOTELE-Z-PODUSZKAMI-STOLIK-NA-TARAS-BALKON-Zawartosc-zestawu-fotel-niski-stolik 681w,https:\/\/a.allegroimg.com\/original\/2593fc\/550fddae42ecbf603e483405b572\/ZESTAW-MEBLI-OGRODOWYCH-DWA-FOTELE-Z-PODUSZKAMI-STOLIK-NA-TARAS-BALKON-Zawartosc-zestawu-fotel-niski-stolik 947w,https:\/\/a.allegroimg.com\/original\/2593fc\/550fddae42ecbf603e483405b572\/ZESTAW-MEBLI-OGRODOWYCH-DWA-FOTELE-Z-PODUSZKAMI-STOLIK-NA-TARAS-BALKON-Zawartosc-zestawu-fotel-niski-stolik 947w\" sizes=\"(min-width: 1200px) 560px, (min-width: 992px) 50vw, 100vw\" width=\"947px\" alt=\"ZESTAW MEBLI OGRODOWYCH DWA FOTELE Z PODUSZKAMI + STOLIK NA TARAS BALKON Zawarto\u015b\u0107 zestawu fotel niski stolik\" style=\"max-width: 100%; height: auto; display: block; margin: 0 auto;\"><\/div>\n<\/div>\n<\/div>\n<\/div>\n<\/div>\n<div style=\"clear: both; display: block; margin: 10px 0;\">\n<div style=\"clear: both; display: block; margin: 10px 0;\">\n<p style=\"margin: 15px 0; line-height: 1.8; clear: both; display: block; width: 100%; float: none; position: static;\">\u2b50Maksymalny komfort u\u017cytkowania<\/p>\n<p style=\"margin: 15px 0; line-height: 1.8; clear: both; display: block; width: 100%; float: none; position: static;\">Zestaw zosta\u0142 zaprojektowany z my\u015bl\u0105 o wygodzie. <b>Fotele posiadaj\u0105 wysokie oparcia<\/b>, a w komplecie znajduj\u0105 si\u0119 <b>mi\u0119kkie poduszki na siedziska z zamkiem b\u0142yskawicznym<\/b>, kt\u00f3re mo\u017cna \u0142atwo zdj\u0105\u0107 i od\u015bwie\u017cy\u0107 lub wymieni\u0107 na inne poszewki. To rozwi\u0105zanie zapewnia <b>wysoki komfort siedzenia oraz mo\u017cliwo\u015b\u0107 dopasowania wygl\u0105du zestawu do w\u0142asnych upodoba\u0144<\/b>.<\/p>\n<\/div>\n<\/div>\n<\/div>\n<div style=\"clear: both; display: block; margin: 10px 0;\">\n<div style=\"clear: both; display: block; margin: 10px 0;\">\n<div style=\"clear: both; display: block; margin: 10px 0;\">\n<div  style=\"max-width:2560px;max-height:1340px\">\n<div style=\"clear: both; display: block; margin: 10px 0;\">\n<div style=\"clear: both; width: 100%; display: block; margin: 20px 0; padding: 0; float: none; position: static; text-align: center;\"><img decoding=\"async\"  src=\"https:\/\/a.allegroimg.com\/original\/114e13\/cc77699c4a71a7d21ec3eb562d15\/ZESTAW-MEBLI-OGRODOWYCH-DWA-FOTELE-Z-PODUSZKAMI-STOLIK-NA-TARAS-BALKON-Styl-nowoczesny\" srcset=\"https:\/\/a.allegroimg.com\/original\/114e13\/cc77699c4a71a7d21ec3eb562d15\/ZESTAW-MEBLI-OGRODOWYCH-DWA-FOTELE-Z-PODUSZKAMI-STOLIK-NA-TARAS-BALKON-Styl-nowoczesny 360w,https:\/\/a.allegroimg.com\/original\/114e13\/cc77699c4a71a7d21ec3eb562d15\/ZESTAW-MEBLI-OGRODOWYCH-DWA-FOTELE-Z-PODUSZKAMI-STOLIK-NA-TARAS-BALKON-Styl-nowoczesny 720w,https:\/\/a.allegroimg.com\/original\/114e13\/cc77699c4a71a7d21ec3eb562d15\/ZESTAW-MEBLI-OGRODOWYCH-DWA-FOTELE-Z-PODUSZKAMI-STOLIK-NA-TARAS-BALKON-Styl-nowoczesny 1024w,https:\/\/a.allegroimg.com\/original\/114e13\/cc77699c4a71a7d21ec3eb562d15\/ZESTAW-MEBLI-OGRODOWYCH-DWA-FOTELE-Z-PODUSZKAMI-STOLIK-NA-TARAS-BALKON-Styl-nowoczesny 1440w,https:\/\/a.allegroimg.com\/original\/114e13\/cc77699c4a71a7d21ec3eb562d15\/ZESTAW-MEBLI-OGRODOWYCH-DWA-FOTELE-Z-PODUSZKAMI-STOLIK-NA-TARAS-BALKON-Styl-nowoczesny 2560w\" sizes=\"(min-width: 1200px) 560px, (min-width: 992px) 50vw, 100vw\" width=\"2560px\" alt=\"ZESTAW MEBLI OGRODOWYCH DWA FOTELE Z PODUSZKAMI + STOLIK NA TARAS BALKON Styl nowoczesny\" style=\"max-width: 100%; height: auto; display: block; margin: 0 auto;\"><\/div>\n<\/div>\n<\/div>\n<\/div>\n<\/div>\n<div style=\"clear: both; display: block; margin: 10px 0;\">\n<div style=\"clear: both; display: block; margin: 10px 0;\">\n<p style=\"margin: 15px 0; line-height: 1.8; clear: both; display: block; width: 100%; float: none; position: static;\">\u2b50Solidna konstrukcja i bezpiecze\u0144stwo<\/p>\n<p style=\"margin: 15px 0; line-height: 1.8; clear: both; display: block; width: 100%; float: none; position: static;\">Ka\u017cdy fotel w zestawie Corfu WEEKEND charakteryzuje si\u0119 <b>maksymaln\u0105 wytrzyma\u0142o\u015bci\u0105 do 110 kg<\/b>, dzi\u0119ki czemu <b>dwie doros\u0142e osoby mog\u0105 korzysta\u0107 z zestawu w pe\u0142ni komfortowo i bez obaw o trwa\u0142o\u015b\u0107 konstrukcji<\/b>.<\/p>\n<p style=\"margin: 15px 0; line-height: 1.8; clear: both; display: block; width: 100%; float: none; position: static;\">\u2b50Praktyczny stolik kawowy<\/p>\n<p style=\"margin: 15px 0; line-height: 1.8; clear: both; display: block; width: 100%; float: none; position: static;\">W zestawie znajduje si\u0119 r\u00f3wnie\u017c <b>funkcjonalny stolik<\/b>, kt\u00f3ry \u015bwietnie sprawdzi si\u0119 jako <b>miejsce na kaw\u0119, przek\u0105ski lub ksi\u0105\u017ck\u0119<\/b>. W razie potrzeby mo\u017ce r\u00f3wnie\u017c pe\u0142ni\u0107 rol\u0119 <b>praktycznego podn\u00f3\u017cka<\/b>, zwi\u0119kszaj\u0105c komfort wypoczynku.<\/p>\n<\/div>\n<\/div>\n<\/div>\n<div style=\"clear: both; display: block; margin: 10px 0;\">\n<div style=\"clear: both; display: block; margin: 10px 0;\">\n<div style=\"clear: both; display: block; margin: 10px 0;\">\n<div  style=\"max-width:1855px;max-height:843px\">\n<div style=\"clear: both; display: block; margin: 10px 0;\">\n<div style=\"clear: both; width: 100%; display: block; margin: 20px 0; padding: 0; float: none; position: static; text-align: center;\"><img decoding=\"async\"  src=\"https:\/\/a.allegroimg.com\/original\/11c319\/51fa5bff4e7fa5ccb3cd18b59e67\/ZESTAW-MEBLI-OGRODOWYCH-DWA-FOTELE-Z-PODUSZKAMI-STOLIK-NA-TARAS-BALKON-EAN-GTIN-3253929119149\" srcset=\"https:\/\/a.allegroimg.com\/original\/11c319\/51fa5bff4e7fa5ccb3cd18b59e67\/ZESTAW-MEBLI-OGRODOWYCH-DWA-FOTELE-Z-PODUSZKAMI-STOLIK-NA-TARAS-BALKON-EAN-GTIN-3253929119149 360w,https:\/\/a.allegroimg.com\/original\/11c319\/51fa5bff4e7fa5ccb3cd18b59e67\/ZESTAW-MEBLI-OGRODOWYCH-DWA-FOTELE-Z-PODUSZKAMI-STOLIK-NA-TARAS-BALKON-EAN-GTIN-3253929119149 720w,https:\/\/a.allegroimg.com\/original\/11c319\/51fa5bff4e7fa5ccb3cd18b59e67\/ZESTAW-MEBLI-OGRODOWYCH-DWA-FOTELE-Z-PODUSZKAMI-STOLIK-NA-TARAS-BALKON-EAN-GTIN-3253929119149 1024w,https:\/\/a.allegroimg.com\/original\/11c319\/51fa5bff4e7fa5ccb3cd18b59e67\/ZESTAW-MEBLI-OGRODOWYCH-DWA-FOTELE-Z-PODUSZKAMI-STOLIK-NA-TARAS-BALKON-EAN-GTIN-3253929119149 1440w,https:\/\/a.allegroimg.com\/original\/11c319\/51fa5bff4e7fa5ccb3cd18b59e67\/ZESTAW-MEBLI-OGRODOWYCH-DWA-FOTELE-Z-PODUSZKAMI-STOLIK-NA-TARAS-BALKON-EAN-GTIN-3253929119149 1855w\" sizes=\"(min-width: 1200px) 560px, (min-width: 992px) 50vw, 100vw\" width=\"1855px\" alt=\"ZESTAW MEBLI OGRODOWYCH DWA FOTELE Z PODUSZKAMI + STOLIK NA TARAS BALKON EAN (GTIN) 3253929119149\" style=\"max-width: 100%; height: auto; display: block; margin: 0 auto;\"><\/div>\n<\/div>\n<\/div>\n<\/div>\n<\/div>\n<div style=\"clear: both; display: block; margin: 10px 0;\">\n<div style=\"clear: both; display: block; margin: 10px 0;\">\n<p style=\"margin: 15px 0; line-height: 1.8; clear: both; display: block; width: 100%; float: none; position: static;\">\u2b50<\/p>\n<h2>Wymiary zestawu<\/h2>\n<h3 style=\"color: #2c5aa0; font-size: 18px; margin: 30px 0 15px 0; font-weight: bold; clear: both; display: block; width: 100%; float: none; position: static;\">Fotel:<\/h3>\n<p style=\"margin: 15px 0; line-height: 1.8; clear: both; display: block; width: 100%; float: none; position: static;\">\u2022 szeroko\u015b\u0107: <b>75 cm<\/b><\/p>\n<p style=\"margin: 15px 0; line-height: 1.8; clear: both; display: block; width: 100%; float: none; position: static;\">\u2022 g\u0142\u0119boko\u015b\u0107: <b>70 cm<\/b><\/p>\n<p style=\"margin: 15px 0; line-height: 1.8; clear: both; display: block; width: 100%; float: none; position: static;\">\u2022 wysoko\u015b\u0107: <b>79 cm<\/b><\/p>\n<p style=\"margin: 15px 0; line-height: 1.8; clear: both; display: block; width: 100%; float: none; position: static;\">\u2022 wysoko\u015b\u0107 siedziska: <b>45 cm<\/b><\/p>\n<h3 style=\"color: #2c5aa0; font-size: 18px; margin: 30px 0 15px 0; font-weight: bold; clear: both; display: block; width: 100%; float: none; position: static;\">Stolik:<\/h3>\n<p style=\"margin: 15px 0; line-height: 1.8; clear: both; display: block; width: 100%; float: none; position: static;\">\u2022 szeroko\u015b\u0107: <b>77 cm<\/b><\/p>\n<p style=\"margin: 15px 0; line-height: 1.8; clear: both; display: block; width: 100%; float: none; position: static;\">\u2022 d\u0142ugo\u015b\u0107: <b>57 cm<\/b><\/p>\n<p style=\"margin: 15px 0; line-height: 1.8; clear: both; display: block; width: 100%; float: none; position: static;\">\u2022 wysoko\u015b\u0107: <b>42 cm<\/b><\/p>\n<\/div>\n<\/div>\n<\/div>\n<div style=\"clear: both; display: block; margin: 10px 0;\">\n<div style=\"clear: both; display: block; margin: 10px 0;\">\n<div style=\"clear: both; display: block; margin: 10px 0;\">\n<div  style=\"max-width:667px;max-height:1000px\">\n<div style=\"clear: both; display: block; margin: 10px 0;\">\n<div style=\"clear: both; width: 100%; display: block; margin: 20px 0; padding: 0; float: none; position: static; text-align: center;\"><img decoding=\"async\"  src=\"https:\/\/a.allegroimg.com\/original\/256d60\/51cc2d674efe89b442ecbc28d1b9\/ZESTAW-MEBLI-OGRODOWYCH-DWA-FOTELE-Z-PODUSZKAMI-STOLIK-NA-TARAS-BALKON-Przeznaczenie-komplet-kawowy\" srcset=\"https:\/\/a.allegroimg.com\/original\/256d60\/51cc2d674efe89b442ecbc28d1b9\/ZESTAW-MEBLI-OGRODOWYCH-DWA-FOTELE-Z-PODUSZKAMI-STOLIK-NA-TARAS-BALKON-Przeznaczenie-komplet-kawowy 240w,https:\/\/a.allegroimg.com\/original\/256d60\/51cc2d674efe89b442ecbc28d1b9\/ZESTAW-MEBLI-OGRODOWYCH-DWA-FOTELE-Z-PODUSZKAMI-STOLIK-NA-TARAS-BALKON-Przeznaczenie-komplet-kawowy 480w,https:\/\/a.allegroimg.com\/original\/256d60\/51cc2d674efe89b442ecbc28d1b9\/ZESTAW-MEBLI-OGRODOWYCH-DWA-FOTELE-Z-PODUSZKAMI-STOLIK-NA-TARAS-BALKON-Przeznaczenie-komplet-kawowy 667w,https:\/\/a.allegroimg.com\/original\/256d60\/51cc2d674efe89b442ecbc28d1b9\/ZESTAW-MEBLI-OGRODOWYCH-DWA-FOTELE-Z-PODUSZKAMI-STOLIK-NA-TARAS-BALKON-Przeznaczenie-komplet-kawowy 667w\" sizes=\"(min-width: 1200px) 560px, (min-width: 992px) 50vw, 100vw\" width=\"667px\" alt=\"ZESTAW MEBLI OGRODOWYCH DWA FOTELE Z PODUSZKAMI + STOLIK NA TARAS BALKON Przeznaczenie komplet kawowy\" style=\"max-width: 100%; height: auto; display: block; margin: 0 auto;\"><\/div>\n<\/div>\n<\/div>\n<\/div>\n<\/div>\n<div style=\"clear: both; display: block; margin: 10px 0;\">\n<div style=\"clear: both; display: block; margin: 10px 0;\">\n<p style=\"margin: 15px 0; line-height: 1.8; clear: both; display: block; width: 100%; float: none; position: static;\">\u2b50\u0141atwy monta\u017c i bezproblemowe u\u017cytkowanie<\/p>\n<p style=\"margin: 15px 0; line-height: 1.8; clear: both; display: block; width: 100%; float: none; position: static;\">Zestaw przeznaczony jest do <b>samodzielnego, prostego monta\u017cu zgodnie z za\u0142\u0105czon\u0105 instrukcj\u0105<\/b>. Meble s\u0105 <b>stosunkowo lekkie<\/b>, dlatego mo\u017cna je \u0142atwo przenosi\u0107 i ustawia\u0107 w dowolnym miejscu. Do utrzymania czysto\u015bci wystarczy <b>wilgotna \u015bciereczka i woda<\/b>, bez potrzeby stosowania specjalistycznej konserwacji.<\/p>\n<\/div>\n<\/div>\n<\/div>\n<div style=\"clear: both; display: block; margin: 10px 0;\">\n<div style=\"clear: both; display: block; margin: 10px 0;\">\n<div style=\"clear: both; display: block; margin: 10px 0;\">\n<h1>\u2b50ZESTAW MEBLI OGRODOWYCH DWA FOTELE Z PODUSZKAMI + STOLIK NA TARAS BALKON\u2b50<\/h1>\n<\/div>\n<\/div>\n<\/div>\n<\/div>\n<\/div>\n<\/div>\n<div style=\"clear: both; display: block; margin: 10px 0;\">\n","protected":false},"excerpt":{"rendered":"<p>\u2b50ZESTAW MEBLI OGRODOWYCH DWA FOTELE Z PODUSZKAMI + STOLIK NA TARAS BALKON\u2b50<\/p>\n<p>\u2b50Elegancki zestaw do ogrodu, na taras i balkon<\/p>\n<p>Corfu WEEKEND grafit to funkcjonalny i wyj\u0105tkowo stylowy zestaw mebli ogrodowych, w kt\u00f3rego sk\u0142ad wchodz\u0105 dwa wygodne fotele oraz praktyczny stolik kawowy. Nowoczesny design inspirowany plecionk\u0105 rattanow\u0105 sprawia, \u017ce komplet doskonale prezentuje si\u0119 w ogrodzie, na tarasie, balkonie czy w przestrzeni kawiarnianej. Dzi\u0119ki ponadczasowej estetyce zestaw idealnie uzupe\u0142ni ka\u017cd\u0105 aran\u017cacj\u0119 strefy wypoczynkowej.<\/p>\n<p>\u2b50Wytrzyma\u0142y materia\u0142 odporny na pogod\u0119<\/p>\n","protected":false},"featured_media":16108,"template":"","meta":{"_uag_custom_page_level_css":""},"product_brand":[974],"product_cat":[532,542,541],"product_tag":[],"class_list":{"0":"post-16107","1":"product","2":"type-product","3":"status-publish","4":"has-post-thumbnail","6":"product_brand-allibert","7":"product_cat-komplety-mebli","8":"product_cat-meble-ogrodowe","9":"product_cat-ogrod","10":"product_shipping_class-transport-na-paletach","12":"first","13":"instock","14":"sale","15":"shipping-taxable","16":"purchasable","17":"product-type-simple"},"uagb_featured_image_src":{"full":["https:\/\/ogrodowyswiat24.shop\/grill\/wp-content\/uploads\/2026\/04\/allegro-image-16107.jpg",2560,1462,false],"thumbnail":["https:\/\/ogrodowyswiat24.shop\/grill\/wp-content\/uploads\/2026\/04\/allegro-image-16107-150x150.jpg",150,150,true],"medium":["https:\/\/ogrodowyswiat24.shop\/grill\/wp-content\/uploads\/2026\/04\/allegro-image-16107-300x171.jpg",300,171,true],"medium_large":["https:\/\/ogrodowyswiat24.shop\/grill\/wp-content\/uploads\/2026\/04\/allegro-image-16107-768x439.jpg",768,439,true],"large":["https:\/\/ogrodowyswiat24.shop\/grill\/wp-content\/uploads\/2026\/04\/allegro-image-16107-1024x585.jpg",1024,585,true],"1536x1536":["https:\/\/ogrodowyswiat24.shop\/grill\/wp-content\/uploads\/2026\/04\/allegro-image-16107-1536x877.jpg",1536,877,true],"2048x2048":["https:\/\/ogrodowyswiat24.shop\/grill\/wp-content\/uploads\/2026\/04\/allegro-image-16107-2048x1170.jpg",2048,1170,true],"woocommerce_thumbnail":["https:\/\/ogrodowyswiat24.shop\/grill\/wp-content\/uploads\/2026\/04\/allegro-image-16107-300x300.jpg",300,300,true],"woocommerce_single":["https:\/\/ogrodowyswiat24.shop\/grill\/wp-content\/uploads\/2026\/04\/allegro-image-16107-600x343.jpg",600,343,true],"woocommerce_gallery_thumbnail":["https:\/\/ogrodowyswiat24.shop\/grill\/wp-content\/uploads\/2026\/04\/allegro-image-16107-100x100.jpg",100,100,true]},"uagb_author_info":{"display_name":"admin","author_link":"https:\/\/ogrodowyswiat24.shop\/grill\/author\/"},"uagb_comment_info":0,"uagb_excerpt":"\u2b50ZESTAW MEBLI OGRODOWYCH DWA FOTELE Z PODUSZKAMI + STOLIK NA TARAS BALKON\u2b50 \u2b50Elegancki zestaw do ogrodu, na taras i balkon Corfu WEEKEND grafit to funkcjonalny i wyj\u0105tkowo stylowy zestaw mebli ogrodowych, w kt\u00f3rego sk\u0142ad wchodz\u0105 dwa wygodne fotele oraz praktyczny stolik kawowy. Nowoczesny design inspirowany plecionk\u0105 rattanow\u0105 sprawia, \u017ce komplet doskonale prezentuje si\u0119 w ogrodzie,&hellip;","_links":{"self":[{"href":"https:\/\/ogrodowyswiat24.shop\/grill\/wp-json\/wp\/v2\/product\/16107","targetHints":{"allow":["GET"]}}],"collection":[{"href":"https:\/\/ogrodowyswiat24.shop\/grill\/wp-json\/wp\/v2\/product"}],"about":[{"href":"https:\/\/ogrodowyswiat24.shop\/grill\/wp-json\/wp\/v2\/types\/product"}],"wp:featuredmedia":[{"embeddable":true,"href":"https:\/\/ogrodowyswiat24.shop\/grill\/wp-json\/wp\/v2\/media\/16108"}],"wp:attachment":[{"href":"https:\/\/ogrodowyswiat24.shop\/grill\/wp-json\/wp\/v2\/media?parent=16107"}],"wp:term":[{"taxonomy":"product_brand","embeddable":true,"href":"https:\/\/ogrodowyswiat24.shop\/grill\/wp-json\/wp\/v2\/product_brand?post=16107"},{"taxonomy":"product_cat","embeddable":true,"href":"https:\/\/ogrodowyswiat24.shop\/grill\/wp-json\/wp\/v2\/product_cat?post=16107"},{"taxonomy":"product_tag","embeddable":true,"href":"https:\/\/ogrodowyswiat24.shop\/grill\/wp-json\/wp\/v2\/product_tag?post=16107"}],"curies":[{"name":"wp","href":"https:\/\/api.w.org\/{rel}","templated":true}]}}