{"id":16234,"date":"2026-04-06T23:40:03","date_gmt":"2026-04-06T22:40:03","guid":{"rendered":"https:\/\/grillcentrum.shop\/gree\/produkt\/duzy-stol-ogrodowy-aluminiowy-180x100cm-z-blatem-polywood-giovo-8-osobowy\/"},"modified":"2026-04-11T02:22:41","modified_gmt":"2026-04-11T01:22:41","slug":"duzy-stol-ogrodowy-aluminiowy-180x100cm-z-blatem-polywood-giovo-8-osobowy","status":"publish","type":"product","link":"https:\/\/ogrodowyswiat24.shop\/grill\/produkt\/duzy-stol-ogrodowy-aluminiowy-180x100cm-z-blatem-polywood-giovo-8-osobowy\/","title":{"rendered":"Du\u017cy St\u00f3\u0142 Ogrodowy Aluminiowy 180x100cm z Blatem Polywood Giovo 8 Osobowy"},"content":{"rendered":"<div style=\"font-family: Arial, sans-serif; line-height: 1.6; color: #333; padding: 20px; clear: both; display: block; width: 100%; float: none; position: static; overflow: hidden;\">\n<div style=\"clear: both; display: block; margin: 10px 0;\">\n<div style=\"clear: both; display: block; margin: 10px 0;\">\n<div style=\"clear: both; display: block; margin: 10px 0;\">\n<h1>Du\u017cy st\u00f3\u0142 ogrodowy aluminiowy 180x100cm z be\u017cowym blatem polywood stolik 8 osobowy&nbsp;<\/h1>\n<p style=\"margin: 15px 0; line-height: 1.8; clear: both; display: block; width: 100%; float: none; position: static;\">St\u00f3\u0142 ogrodowy Giovo marki di volio cechuje wysoka jako\u015b\u0107 wykonania i atrakcyjny design \u0142\u0105cz\u0105cy nowoczesny minimalizm i tradycyjny styl mebli rustykalnych. Prostota formy i stonowana kolorystyka nadaj\u0105 meblowi uniwersalny charakter, dzi\u0119ki kt\u00f3remu b\u0119dzie dobrze prezentowa\u0142 si\u0119 w niemal ka\u017cdej aran\u017cacji przestrzeni zewn\u0119trznej.&nbsp;<b>Zastosowanie trwa\u0142ych materia\u0142\u00f3w wykonania \u2014 aluminiowej ramy i blatu z tworzywa polywood, sprawia, \u017ce st\u00f3\u0142 jest lekki, a jednocze\u015bnie bardzo wytrzyma\u0142y i odporny na dzia\u0142anie czynnik\u00f3w atmosferycznych<\/b>. St\u00f3\u0142 jadalniany z du\u017cym blatem \u015bwietnie sprawdzi si\u0119 w ogrodzie i na tarasie, zapewniaj\u0105c wygodne miejsce do spo\u017cywania posi\u0142k\u00f3w, przyj\u0119\u0107 i spotka\u0144 z rodzin\u0105 lub przyjaci\u00f3\u0142mi.<\/p>\n<\/div>\n<\/div>\n<\/div>\n<div style=\"clear: both; display: block; margin: 10px 0;\">\n<div style=\"clear: both; display: block; margin: 10px 0;\">\n<div style=\"clear: both; display: block; margin: 10px 0;\">\n<div  style=\"max-width:2000px;max-height:2000px\">\n<div style=\"clear: both; display: block; margin: 10px 0;\">\n<div style=\"clear: both; width: 100%; display: block; margin: 20px 0; padding: 0; float: none; position: static; text-align: center;\"><img decoding=\"async\"  src=\"https:\/\/a.allegroimg.com\/original\/115289\/e3e7be4c493385955fa6a6232e07\/Duzy-Stol-Ogrodowy-Aluminiowy-180x100cm-z-Blatem-Polywood-Giovo-8-Osobowy-Szerokosc-mebla-180-cm\" srcset=\"https:\/\/a.allegroimg.com\/original\/115289\/e3e7be4c493385955fa6a6232e07\/Duzy-Stol-Ogrodowy-Aluminiowy-180x100cm-z-Blatem-Polywood-Giovo-8-Osobowy-Szerokosc-mebla-180-cm 360w,https:\/\/a.allegroimg.com\/original\/115289\/e3e7be4c493385955fa6a6232e07\/Duzy-Stol-Ogrodowy-Aluminiowy-180x100cm-z-Blatem-Polywood-Giovo-8-Osobowy-Szerokosc-mebla-180-cm 720w,https:\/\/a.allegroimg.com\/original\/115289\/e3e7be4c493385955fa6a6232e07\/Duzy-Stol-Ogrodowy-Aluminiowy-180x100cm-z-Blatem-Polywood-Giovo-8-Osobowy-Szerokosc-mebla-180-cm 1024w,https:\/\/a.allegroimg.com\/original\/115289\/e3e7be4c493385955fa6a6232e07\/Duzy-Stol-Ogrodowy-Aluminiowy-180x100cm-z-Blatem-Polywood-Giovo-8-Osobowy-Szerokosc-mebla-180-cm 1440w,https:\/\/a.allegroimg.com\/original\/115289\/e3e7be4c493385955fa6a6232e07\/Duzy-Stol-Ogrodowy-Aluminiowy-180x100cm-z-Blatem-Polywood-Giovo-8-Osobowy-Szerokosc-mebla-180-cm 2000w\" sizes=\"(min-width: 1200px) 560px, (min-width: 992px) 50vw, 100vw\" width=\"2000px\" alt=\"Du\u017cy St\u00f3\u0142 Ogrodowy Aluminiowy 180x100cm z Blatem Polywood Giovo 8 Osobowy Szeroko\u015b\u0107 mebla 180 cm\" style=\"max-width: 100%; height: auto; display: block; margin: 0 auto;\"><\/div>\n<\/div>\n<\/div>\n<\/div>\n<\/div>\n<div style=\"clear: both; display: block; margin: 10px 0;\">\n<div style=\"clear: both; display: block; margin: 10px 0;\">\n<div  style=\"max-width:2000px;max-height:2000px\">\n<div style=\"clear: both; display: block; margin: 10px 0;\">\n<div style=\"clear: both; width: 100%; display: block; margin: 20px 0; padding: 0; float: none; position: static; text-align: center;\"><img decoding=\"async\"  src=\"https:\/\/a.allegroimg.com\/original\/11ebe1\/86ff7cf84c4ba5aae04ca99b06a8\/Duzy-Stol-Ogrodowy-Aluminiowy-180x100cm-z-Blatem-Polywood-Giovo-8-Osobowy-Kod-producenta-DV-067GT\" srcset=\"https:\/\/a.allegroimg.com\/original\/11ebe1\/86ff7cf84c4ba5aae04ca99b06a8\/Duzy-Stol-Ogrodowy-Aluminiowy-180x100cm-z-Blatem-Polywood-Giovo-8-Osobowy-Kod-producenta-DV-067GT 360w,https:\/\/a.allegroimg.com\/original\/11ebe1\/86ff7cf84c4ba5aae04ca99b06a8\/Duzy-Stol-Ogrodowy-Aluminiowy-180x100cm-z-Blatem-Polywood-Giovo-8-Osobowy-Kod-producenta-DV-067GT 720w,https:\/\/a.allegroimg.com\/original\/11ebe1\/86ff7cf84c4ba5aae04ca99b06a8\/Duzy-Stol-Ogrodowy-Aluminiowy-180x100cm-z-Blatem-Polywood-Giovo-8-Osobowy-Kod-producenta-DV-067GT 1024w,https:\/\/a.allegroimg.com\/original\/11ebe1\/86ff7cf84c4ba5aae04ca99b06a8\/Duzy-Stol-Ogrodowy-Aluminiowy-180x100cm-z-Blatem-Polywood-Giovo-8-Osobowy-Kod-producenta-DV-067GT 1440w,https:\/\/a.allegroimg.com\/original\/11ebe1\/86ff7cf84c4ba5aae04ca99b06a8\/Duzy-Stol-Ogrodowy-Aluminiowy-180x100cm-z-Blatem-Polywood-Giovo-8-Osobowy-Kod-producenta-DV-067GT 2000w\" sizes=\"(min-width: 1200px) 560px, (min-width: 992px) 50vw, 100vw\" width=\"2000px\" alt=\"Du\u017cy St\u00f3\u0142 Ogrodowy Aluminiowy 180x100cm z Blatem Polywood Giovo 8 Osobowy Kod producenta DV-067GT\" style=\"max-width: 100%; height: auto; display: block; margin: 0 auto;\"><\/div>\n<\/div>\n<\/div>\n<\/div>\n<\/div>\n<\/div>\n<div style=\"clear: both; display: block; margin: 10px 0;\">\n<div style=\"clear: both; display: block; margin: 10px 0;\">\n<div style=\"clear: both; display: block; margin: 10px 0;\">\n<h3 style=\"color: #2c5aa0; font-size: 18px; margin: 30px 0 15px 0; font-weight: bold; clear: both; display: block; width: 100%; float: none; position: static;\">Zdj\u0119cia podgl\u0105dowe pokazuj\u0105ce funkcjonalno\u015b\u0107 sto\u0142u.<\/h3>\n<\/div>\n<\/div>\n<\/div>\n<div style=\"clear: both; display: block; margin: 10px 0;\">\n<div style=\"clear: both; display: block; margin: 10px 0;\">\n<div style=\"clear: both; display: block; margin: 10px 0;\">\n<div  style=\"max-width:2000px;max-height:2000px\">\n<div style=\"clear: both; display: block; margin: 10px 0;\">\n<div style=\"clear: both; width: 100%; display: block; margin: 20px 0; padding: 0; float: none; position: static; text-align: center;\"><img decoding=\"async\"  src=\"https:\/\/a.allegroimg.com\/original\/111cd6\/74311d214a60b24503629cc36efb\/Duzy-Stol-Ogrodowy-Aluminiowy-180x100cm-z-Blatem-Polywood-Giovo-8-Osobowy\" srcset=\"https:\/\/a.allegroimg.com\/original\/111cd6\/74311d214a60b24503629cc36efb\/Duzy-Stol-Ogrodowy-Aluminiowy-180x100cm-z-Blatem-Polywood-Giovo-8-Osobowy 360w,https:\/\/a.allegroimg.com\/original\/111cd6\/74311d214a60b24503629cc36efb\/Duzy-Stol-Ogrodowy-Aluminiowy-180x100cm-z-Blatem-Polywood-Giovo-8-Osobowy 720w,https:\/\/a.allegroimg.com\/original\/111cd6\/74311d214a60b24503629cc36efb\/Duzy-Stol-Ogrodowy-Aluminiowy-180x100cm-z-Blatem-Polywood-Giovo-8-Osobowy 1024w,https:\/\/a.allegroimg.com\/original\/111cd6\/74311d214a60b24503629cc36efb\/Duzy-Stol-Ogrodowy-Aluminiowy-180x100cm-z-Blatem-Polywood-Giovo-8-Osobowy 1440w,https:\/\/a.allegroimg.com\/original\/111cd6\/74311d214a60b24503629cc36efb\/Duzy-Stol-Ogrodowy-Aluminiowy-180x100cm-z-Blatem-Polywood-Giovo-8-Osobowy 2000w\" sizes=\"(min-width: 1200px) 560px, (min-width: 992px) 50vw, 100vw\" width=\"2000px\" alt=\"Du\u017cy St\u00f3\u0142 Ogrodowy Aluminiowy 180x100cm z Blatem Polywood Giovo 8 Osobowy\" style=\"max-width: 100%; height: auto; display: block; margin: 0 auto;\"><\/div>\n<\/div>\n<\/div>\n<\/div>\n<\/div>\n<div style=\"clear: both; display: block; margin: 10px 0;\">\n<div style=\"clear: both; display: block; margin: 10px 0;\">\n<h2>Aluminiowa rama<\/h2>\n<p style=\"margin: 15px 0; line-height: 1.8; clear: both; display: block; width: 100%; float: none; position: static;\">Konstrukcja sto\u0142u jadalnianego Giovo wykonana zosta\u0142a z <b>aluminium<\/b>, dzi\u0119ki czemu mebel jest lekki, a tym samym \u0142atwy do przestawiania, np. podczas zmian aran\u017cacji. Jest to szczeg\u00f3lnie pomocne w przypadku mebli ogrodowych, kt\u00f3re ze wzgl\u0119du na du\u017ce gabaryty sprawiaj\u0105 trudno\u015bci podczas przesuwania i przechowywania. <b>Aluminium posiada tak\u017ce w\u0142a\u015bciwo\u015bci antykorozyjne i jest odporne na dzia\u0142anie wilgoci, co czyni go wprost idealnym materia\u0142em do stosowania w meblach przeznaczonych na zewn\u0105trz.<\/b>&nbsp;Nogi sto\u0142u i rama, zosta\u0142y pomalowane na elegancki, czarny kolor z matowym wyko\u0144czeniem.<\/p>\n<p style=\"margin: 15px 0; line-height: 1.8; clear: both; display: block; width: 100%; float: none; position: static;\">\n<\/div>\n<\/div>\n<\/div>\n<div style=\"clear: both; display: block; margin: 10px 0;\">\n<div style=\"clear: both; display: block; margin: 10px 0;\">\n<div style=\"clear: both; display: block; margin: 10px 0;\">\n<div  style=\"max-width:2000px;max-height:2000px\">\n<div style=\"clear: both; display: block; margin: 10px 0;\">\n<div style=\"clear: both; width: 100%; display: block; margin: 20px 0; padding: 0; float: none; position: static; text-align: center;\"><img decoding=\"async\"  src=\"https:\/\/a.allegroimg.com\/original\/11f505\/21a78c194712bac3e9b01163818a\/Duzy-Stol-Ogrodowy-Aluminiowy-180x100cm-z-Blatem-Polywood-Giovo-8-Osobowy-Kolor-bezowy\" srcset=\"https:\/\/a.allegroimg.com\/original\/11f505\/21a78c194712bac3e9b01163818a\/Duzy-Stol-Ogrodowy-Aluminiowy-180x100cm-z-Blatem-Polywood-Giovo-8-Osobowy-Kolor-bezowy 360w,https:\/\/a.allegroimg.com\/original\/11f505\/21a78c194712bac3e9b01163818a\/Duzy-Stol-Ogrodowy-Aluminiowy-180x100cm-z-Blatem-Polywood-Giovo-8-Osobowy-Kolor-bezowy 720w,https:\/\/a.allegroimg.com\/original\/11f505\/21a78c194712bac3e9b01163818a\/Duzy-Stol-Ogrodowy-Aluminiowy-180x100cm-z-Blatem-Polywood-Giovo-8-Osobowy-Kolor-bezowy 1024w,https:\/\/a.allegroimg.com\/original\/11f505\/21a78c194712bac3e9b01163818a\/Duzy-Stol-Ogrodowy-Aluminiowy-180x100cm-z-Blatem-Polywood-Giovo-8-Osobowy-Kolor-bezowy 1440w,https:\/\/a.allegroimg.com\/original\/11f505\/21a78c194712bac3e9b01163818a\/Duzy-Stol-Ogrodowy-Aluminiowy-180x100cm-z-Blatem-Polywood-Giovo-8-Osobowy-Kolor-bezowy 2000w\" sizes=\"(min-width: 1200px) 560px, (min-width: 992px) 50vw, 100vw\" width=\"2000px\" alt=\"Du\u017cy St\u00f3\u0142 Ogrodowy Aluminiowy 180x100cm z Blatem Polywood Giovo 8 Osobowy Kolor be\u017cowy\" style=\"max-width: 100%; height: auto; display: block; margin: 0 auto;\"><\/div>\n<\/div>\n<\/div>\n<\/div>\n<\/div>\n<div style=\"clear: both; display: block; margin: 10px 0;\">\n<div style=\"clear: both; display: block; margin: 10px 0;\">\n<h2>Trwa\u0142y blat polywood<\/h2>\n<p style=\"margin: 15px 0; line-height: 1.8; clear: both; display: block; width: 100%; float: none; position: static;\">Blat sto\u0142u ogrodowego Giovo wykonany jest z <b>wysokiej jako\u015bci tworzywa polywood, kt\u00f3re imituje naturalny wygl\u0105d drewna, lecz posiada znacznie wi\u0119ksz\u0105 trwa\u0142o\u015b\u0107 i odporno\u015b\u0107 na czynniki zewn\u0119trzne<\/b>. Dzi\u0119ki temu blat nie niszczeje pod wp\u0142ywem deszczu, intensywnego nas\u0142onecznienia ani mrozu. Jest r\u00f3wnie\u017c \u0142atwy do utrzymania w czysto\u015bci. Szerokie panele polywood w naturalnym be\u017cowym kolorze, wygl\u0105dem przypominaj\u0105 drewniane deski, co podkre\u015bla rustykalny charakter sto\u0142u.<\/p>\n<p style=\"margin: 15px 0; line-height: 1.8; clear: both; display: block; width: 100%; float: none; position: static;\">\n<\/div>\n<\/div>\n<\/div>\n<div style=\"clear: both; display: block; margin: 10px 0;\">\n<div style=\"clear: both; display: block; margin: 10px 0;\">\n<div style=\"clear: both; display: block; margin: 10px 0;\">\n<div  style=\"max-width:2000px;max-height:2000px\">\n<div style=\"clear: both; display: block; margin: 10px 0;\">\n<div style=\"clear: both; width: 100%; display: block; margin: 20px 0; padding: 0; float: none; position: static; text-align: center;\"><img decoding=\"async\"  src=\"https:\/\/a.allegroimg.com\/original\/11ab5d\/dca3d4e3405fbc716b23679293a4\/Duzy-Stol-Ogrodowy-Aluminiowy-180x100cm-z-Blatem-Polywood-Giovo-8-Osobowy-Wysokosc-mebla-74-cm\" srcset=\"https:\/\/a.allegroimg.com\/original\/11ab5d\/dca3d4e3405fbc716b23679293a4\/Duzy-Stol-Ogrodowy-Aluminiowy-180x100cm-z-Blatem-Polywood-Giovo-8-Osobowy-Wysokosc-mebla-74-cm 360w,https:\/\/a.allegroimg.com\/original\/11ab5d\/dca3d4e3405fbc716b23679293a4\/Duzy-Stol-Ogrodowy-Aluminiowy-180x100cm-z-Blatem-Polywood-Giovo-8-Osobowy-Wysokosc-mebla-74-cm 720w,https:\/\/a.allegroimg.com\/original\/11ab5d\/dca3d4e3405fbc716b23679293a4\/Duzy-Stol-Ogrodowy-Aluminiowy-180x100cm-z-Blatem-Polywood-Giovo-8-Osobowy-Wysokosc-mebla-74-cm 1024w,https:\/\/a.allegroimg.com\/original\/11ab5d\/dca3d4e3405fbc716b23679293a4\/Duzy-Stol-Ogrodowy-Aluminiowy-180x100cm-z-Blatem-Polywood-Giovo-8-Osobowy-Wysokosc-mebla-74-cm 1440w,https:\/\/a.allegroimg.com\/original\/11ab5d\/dca3d4e3405fbc716b23679293a4\/Duzy-Stol-Ogrodowy-Aluminiowy-180x100cm-z-Blatem-Polywood-Giovo-8-Osobowy-Wysokosc-mebla-74-cm 2000w\" sizes=\"(min-width: 1200px) 560px, (min-width: 992px) 50vw, 100vw\" width=\"2000px\" alt=\"Du\u017cy St\u00f3\u0142 Ogrodowy Aluminiowy 180x100cm z Blatem Polywood Giovo 8 Osobowy Wysoko\u015b\u0107 mebla 74 cm\" style=\"max-width: 100%; height: auto; display: block; margin: 0 auto;\"><\/div>\n<\/div>\n<\/div>\n<\/div>\n<\/div>\n<div style=\"clear: both; display: block; margin: 10px 0;\">\n<div style=\"clear: both; display: block; margin: 10px 0;\">\n<h2>Specyfikacja<\/h2>\n<ul style=\"margin: 15px 0; padding-left: 20px; clear: both; display: block; width: 100%; float: none; position: static;\">\n<li style=\"margin: 5px 0; padding: 2px 0; clear: both; display: list-item; float: none; position: static;\">Marka:&nbsp;di volio<\/li>\n<li style=\"margin: 5px 0; padding: 2px 0; clear: both; display: list-item; float: none; position: static;\">Model:&nbsp;DV-067GT Giovo<\/li>\n<li style=\"margin: 5px 0; padding: 2px 0; clear: both; display: list-item; float: none; position: static;\">Obci\u0105\u017cenie:&nbsp;150 kg<\/li>\n<li style=\"margin: 5px 0; padding: 2px 0; clear: both; display: list-item; float: none; position: static;\">Rodzaj stela\u017ca \/ ramy:&nbsp;Aluminium<\/li>\n<li style=\"margin: 5px 0; padding: 2px 0; clear: both; display: list-item; float: none; position: static;\">Kszta\u0142t sto\u0142u:&nbsp;Prostok\u0105t<\/li>\n<li style=\"margin: 5px 0; padding: 2px 0; clear: both; display: list-item; float: none; position: static;\">Kolor blatu: Be\u017cowy<\/li>\n<li style=\"margin: 5px 0; padding: 2px 0; clear: both; display: list-item; float: none; position: static;\">Kolor stela\u017ca \/ ramy:&nbsp;Czarny-Matowy<\/li>\n<li style=\"margin: 5px 0; padding: 2px 0; clear: both; display: list-item; float: none; position: static;\">Rodzaj blatu sto\u0142u:&nbsp;Pollywood<\/li>\n<li style=\"margin: 5px 0; padding: 2px 0; clear: both; display: list-item; float: none; position: static;\">Deska PS &#8211; szer. 33 cm \/ gr. 1 cm \/ d\u0142. 180 cm,&nbsp;Ilo\u015b\u0107: 3 szt.<\/li>\n<\/ul>\n<h2>Wymiary<\/h2>\n<ul style=\"margin: 15px 0; padding-left: 20px; clear: both; display: block; width: 100%; float: none; position: static;\">\n<li style=\"margin: 5px 0; padding: 2px 0; clear: both; display: list-item; float: none; position: static;\">Waga produktu:&nbsp;28 kg<\/li>\n<li style=\"margin: 5px 0; padding: 2px 0; clear: both; display: list-item; float: none; position: static;\">Profile n\u00f3g:&nbsp;Kszta\u0142t &#8222;U&#8221; o wymiarach 8 cm \/ 2,5 cm<\/li>\n<li style=\"margin: 5px 0; padding: 2px 0; clear: both; display: list-item; float: none; position: static;\">Wymiary sto\u0142u:&nbsp;d\u0142. 180 cm \/ sz. 100 cm \/ wys. 74 cm<\/li>\n<\/ul>\n<h2>Przeznaczenie<\/h2>\n<ul style=\"margin: 15px 0; padding-left: 20px; clear: both; display: block; width: 100%; float: none; position: static;\">\n<li style=\"margin: 5px 0; padding: 2px 0; clear: both; display: list-item; float: none; position: static;\">Do u\u017cytku domowego<\/li>\n<li style=\"margin: 5px 0; padding: 2px 0; clear: both; display: list-item; float: none; position: static;\">Do samodzielnego monta\u017cu<\/li>\n<\/ul>\n<p style=\"margin: 15px 0; line-height: 1.8; clear: both; display: block; width: 100%; float: none; position: static;\">\n<\/div>\n<\/div>\n<\/div>\n<\/div>\n<\/div>\n<\/div>\n<div style=\"clear: both; display: block; margin: 10px 0;\">\n","protected":false},"excerpt":{"rendered":"<p>Du\u017cy st\u00f3\u0142 ogrodowy aluminiowy 180x100cm z be\u017cowym blatem polywood stolik 8 osobowy&nbsp;<\/p>\n","protected":false},"featured_media":16235,"template":"","meta":{"_uag_custom_page_level_css":""},"product_brand":[949],"product_cat":[542,541,543],"product_tag":[],"class_list":{"0":"post-16234","1":"product","2":"type-product","3":"status-publish","4":"has-post-thumbnail","6":"product_brand-di-volio","7":"product_cat-meble-ogrodowe","8":"product_cat-ogrod","9":"product_cat-stoly-i-stoliki","10":"product_shipping_class-transport-na-paletach","12":"first","13":"instock","14":"sale","15":"shipping-taxable","16":"purchasable","17":"product-type-simple"},"uagb_featured_image_src":{"full":["https:\/\/ogrodowyswiat24.shop\/grill\/wp-content\/uploads\/2026\/04\/allegro-image-16234.jpg",2000,2000,false],"thumbnail":["https:\/\/ogrodowyswiat24.shop\/grill\/wp-content\/uploads\/2026\/04\/allegro-image-16234-150x150.jpg",150,150,true],"medium":["https:\/\/ogrodowyswiat24.shop\/grill\/wp-content\/uploads\/2026\/04\/allegro-image-16234-300x300.jpg",300,300,true],"medium_large":["https:\/\/ogrodowyswiat24.shop\/grill\/wp-content\/uploads\/2026\/04\/allegro-image-16234-768x768.jpg",768,768,true],"large":["https:\/\/ogrodowyswiat24.shop\/grill\/wp-content\/uploads\/2026\/04\/allegro-image-16234-1024x1024.jpg",1024,1024,true],"1536x1536":["https:\/\/ogrodowyswiat24.shop\/grill\/wp-content\/uploads\/2026\/04\/allegro-image-16234-1536x1536.jpg",1536,1536,true],"2048x2048":["https:\/\/ogrodowyswiat24.shop\/grill\/wp-content\/uploads\/2026\/04\/allegro-image-16234.jpg",2000,2000,false],"woocommerce_thumbnail":["https:\/\/ogrodowyswiat24.shop\/grill\/wp-content\/uploads\/2026\/04\/allegro-image-16234-300x300.jpg",300,300,true],"woocommerce_single":["https:\/\/ogrodowyswiat24.shop\/grill\/wp-content\/uploads\/2026\/04\/allegro-image-16234-600x600.jpg",600,600,true],"woocommerce_gallery_thumbnail":["https:\/\/ogrodowyswiat24.shop\/grill\/wp-content\/uploads\/2026\/04\/allegro-image-16234-100x100.jpg",100,100,true]},"uagb_author_info":{"display_name":"admin","author_link":"https:\/\/ogrodowyswiat24.shop\/grill\/author\/"},"uagb_comment_info":0,"uagb_excerpt":"Du\u017cy st\u00f3\u0142 ogrodowy aluminiowy 180x100cm z be\u017cowym blatem polywood stolik 8 osobowy&nbsp;","_links":{"self":[{"href":"https:\/\/ogrodowyswiat24.shop\/grill\/wp-json\/wp\/v2\/product\/16234","targetHints":{"allow":["GET"]}}],"collection":[{"href":"https:\/\/ogrodowyswiat24.shop\/grill\/wp-json\/wp\/v2\/product"}],"about":[{"href":"https:\/\/ogrodowyswiat24.shop\/grill\/wp-json\/wp\/v2\/types\/product"}],"wp:featuredmedia":[{"embeddable":true,"href":"https:\/\/ogrodowyswiat24.shop\/grill\/wp-json\/wp\/v2\/media\/16235"}],"wp:attachment":[{"href":"https:\/\/ogrodowyswiat24.shop\/grill\/wp-json\/wp\/v2\/media?parent=16234"}],"wp:term":[{"taxonomy":"product_brand","embeddable":true,"href":"https:\/\/ogrodowyswiat24.shop\/grill\/wp-json\/wp\/v2\/product_brand?post=16234"},{"taxonomy":"product_cat","embeddable":true,"href":"https:\/\/ogrodowyswiat24.shop\/grill\/wp-json\/wp\/v2\/product_cat?post=16234"},{"taxonomy":"product_tag","embeddable":true,"href":"https:\/\/ogrodowyswiat24.shop\/grill\/wp-json\/wp\/v2\/product_tag?post=16234"}],"curies":[{"name":"wp","href":"https:\/\/api.w.org\/{rel}","templated":true}]}}