{"id":16240,"date":"2026-04-06T23:40:07","date_gmt":"2026-04-06T22:40:07","guid":{"rendered":"https:\/\/grillcentrum.shop\/gree\/produkt\/zestaw-mebli-ogrodowych-keter-salemo-17205990-grafit-jasny-szary\/"},"modified":"2026-04-11T02:22:41","modified_gmt":"2026-04-11T01:22:41","slug":"zestaw-mebli-ogrodowych-keter-salemo-17205990-grafit-jasny-szary","status":"publish","type":"product","link":"https:\/\/ogrodowyswiat24.shop\/grill\/produkt\/zestaw-mebli-ogrodowych-keter-salemo-17205990-grafit-jasny-szary\/","title":{"rendered":"Zestaw mebli ogrodowych Keter Salemo 17205990 grafit, jasny szary"},"content":{"rendered":"<div style=\"font-family: Arial, sans-serif; line-height: 1.6; color: #333; padding: 20px; clear: both; display: block; width: 100%; float: none; position: static; overflow: hidden;\">\n<div style=\"clear: both; display: block; margin: 10px 0;\">\n<div style=\"clear: both; display: block; margin: 10px 0;\">\n<div style=\"clear: both; display: block; margin: 10px 0;\">\n<h2>Zestaw mebli ogrodowych Keter Salemo 4 el. 5 os. antracyt<\/h2>\n<\/div>\n<\/div>\n<\/div>\n<div style=\"clear: both; display: block; margin: 10px 0;\">\n<div style=\"clear: both; display: block; margin: 10px 0;\">\n<div style=\"clear: both; display: block; margin: 10px 0;\">\n<p style=\"margin: 15px 0; line-height: 1.8; clear: both; display: block; width: 100%; float: none; position: static;\">Uroczy zestaw mebli ogrodowych z tworzywa sztucznego z efektem &#8222;rattan style&#8221; dla pi\u0119ciu os\u00f3b. Idealnie pasuje na taras, du\u017cy balkon lub patio.<\/p>\n<h3 style=\"color: #2c5aa0; font-size: 18px; margin: 30px 0 15px 0; font-weight: bold; clear: both; display: block; width: 100%; float: none; position: static;\">Elementy dekoracyjne nie s\u0105 cz\u0119\u015bci\u0105 zestawu!<\/h3>\n<\/div>\n<\/div>\n<div style=\"clear: both; display: block; margin: 10px 0;\">\n<div style=\"clear: both; display: block; margin: 10px 0;\">\n<div  style=\"max-width:1550px;max-height:535px\">\n<div style=\"clear: both; display: block; margin: 10px 0;\">\n<div style=\"clear: both; width: 100%; display: block; margin: 20px 0; padding: 0; float: none; position: static; text-align: center;\"><img decoding=\"async\"  src=\"https:\/\/a.allegroimg.com\/original\/11faf5\/7161dcd44a32bd097f44f3cb6c04\/Zestaw-mebli-ogrodowych-Keter-Salemo-17205990-grafit-jasny-szary\" srcset=\"https:\/\/a.allegroimg.com\/original\/11faf5\/7161dcd44a32bd097f44f3cb6c04\/Zestaw-mebli-ogrodowych-Keter-Salemo-17205990-grafit-jasny-szary 360w,https:\/\/a.allegroimg.com\/original\/11faf5\/7161dcd44a32bd097f44f3cb6c04\/Zestaw-mebli-ogrodowych-Keter-Salemo-17205990-grafit-jasny-szary 720w,https:\/\/a.allegroimg.com\/original\/11faf5\/7161dcd44a32bd097f44f3cb6c04\/Zestaw-mebli-ogrodowych-Keter-Salemo-17205990-grafit-jasny-szary 1024w,https:\/\/a.allegroimg.com\/original\/11faf5\/7161dcd44a32bd097f44f3cb6c04\/Zestaw-mebli-ogrodowych-Keter-Salemo-17205990-grafit-jasny-szary 1440w,https:\/\/a.allegroimg.com\/original\/11faf5\/7161dcd44a32bd097f44f3cb6c04\/Zestaw-mebli-ogrodowych-Keter-Salemo-17205990-grafit-jasny-szary 1550w\" sizes=\"(min-width: 1200px) 560px, (min-width: 992px) 50vw, 100vw\" width=\"1550px\" alt=\"Zestaw mebli ogrodowych Keter Salemo 17205990 grafit, jasny szary\" style=\"max-width: 100%; height: auto; display: block; margin: 0 auto;\"><\/div>\n<\/div>\n<\/div>\n<\/div>\n<\/div>\n<\/div>\n<div style=\"clear: both; display: block; margin: 10px 0;\">\n<div style=\"clear: both; display: block; margin: 10px 0;\">\n<div style=\"clear: both; display: block; margin: 10px 0;\">\n<div  style=\"max-width:1200px;max-height:629px\">\n<div style=\"clear: both; display: block; margin: 10px 0;\">\n<div style=\"clear: both; width: 100%; display: block; margin: 20px 0; padding: 0; float: none; position: static; text-align: center;\"><img decoding=\"async\"  src=\"https:\/\/a.allegroimg.com\/original\/116c7d\/4ab36e3342a5beff84666b741f25\/Zestaw-mebli-ogrodowych-Keter-Salemo-17205990-grafit-jasny-szary-Liczba-elementow-w-zestawie-4\" srcset=\"https:\/\/a.allegroimg.com\/original\/116c7d\/4ab36e3342a5beff84666b741f25\/Zestaw-mebli-ogrodowych-Keter-Salemo-17205990-grafit-jasny-szary-Liczba-elementow-w-zestawie-4 360w,https:\/\/a.allegroimg.com\/original\/116c7d\/4ab36e3342a5beff84666b741f25\/Zestaw-mebli-ogrodowych-Keter-Salemo-17205990-grafit-jasny-szary-Liczba-elementow-w-zestawie-4 720w,https:\/\/a.allegroimg.com\/original\/116c7d\/4ab36e3342a5beff84666b741f25\/Zestaw-mebli-ogrodowych-Keter-Salemo-17205990-grafit-jasny-szary-Liczba-elementow-w-zestawie-4 1024w,https:\/\/a.allegroimg.com\/original\/116c7d\/4ab36e3342a5beff84666b741f25\/Zestaw-mebli-ogrodowych-Keter-Salemo-17205990-grafit-jasny-szary-Liczba-elementow-w-zestawie-4 1200w,https:\/\/a.allegroimg.com\/original\/116c7d\/4ab36e3342a5beff84666b741f25\/Zestaw-mebli-ogrodowych-Keter-Salemo-17205990-grafit-jasny-szary-Liczba-elementow-w-zestawie-4 1200w\" sizes=\"(min-width: 1200px) 560px, (min-width: 992px) 50vw, 100vw\" width=\"1200px\" alt=\"Zestaw mebli ogrodowych Keter Salemo 17205990 grafit, jasny szary Liczba element\u00f3w w zestawie 4\" style=\"max-width: 100%; height: auto; display: block; margin: 0 auto;\"><\/div>\n<\/div>\n<\/div>\n<\/div>\n<\/div>\n<div style=\"clear: both; display: block; margin: 10px 0;\">\n<div style=\"clear: both; display: block; margin: 10px 0;\">\n<h2>Konstrukcja z wodoodpornego tworzywa<\/h2>\n<p style=\"margin: 15px 0; line-height: 1.8; clear: both; display: block; width: 100%; float: none; position: static;\">Meble tarasowe SALEMO wykonane s\u0105 w ca\u0142o\u015bci z wysokiej jako\u015bci polipropylenu. Jest to tworzywo sztuczne o du\u017cej <b>odporno\u015bci na wod\u0119, promieniowanie UV i niekorzystne oddzia\u0142ywanie warunk\u00f3w atmosferycznych<\/b>.<\/p>\n<p style=\"margin: 15px 0; line-height: 1.8; clear: both; display: block; width: 100%; float: none; position: static;\"><b>Z kompletu ogrodowego mo\u017cna korzysta\u0107 w temperaturze od 0\u00b0C do 40\u00b0C<\/b>, monta\u017c mebli jest bardzo prosty dzi\u0119ki szczeg\u00f3\u0142owej instrukcji.<\/p>\n<\/div>\n<\/div>\n<\/div>\n<div style=\"clear: both; display: block; margin: 10px 0;\">\n<div style=\"clear: both; display: block; margin: 10px 0;\">\n<div style=\"clear: both; display: block; margin: 10px 0;\">\n<h2>Elegancka rattanowa struktura<\/h2>\n<p style=\"margin: 15px 0; line-height: 1.8; clear: both; display: block; width: 100%; float: none; position: static;\"><b>elementy zestawu balkonowego posiadaj\u0105 efektown\u0105 faktur\u0119 imituj\u0105c\u0105 rattan<\/b>. Sprawia to, \u017ce wygl\u0105daj\u0105 estetycznie i nowocze\u015bnie. Doskonale pasuj\u0105 do innych mebli z rattanu i podobnych materia\u0142\u00f3w.<\/p>\n<p style=\"margin: 15px 0; line-height: 1.8; clear: both; display: block; width: 100%; float: none; position: static;\"><b><\/b> Pokrowce poduszek s\u0105 zdejmowane i zapinane na suwak.<\/p>\n<p style=\"margin: 15px 0; line-height: 1.8; clear: both; display: block; width: 100%; float: none; position: static;\"><b>Stolik wyposa\u017cony jest w praktyczny schowek<\/b>, w kt\u00f3rym mo\u017cna umie\u015bci\u0107 poduszki z zestawu i schowa\u0107 je przed deszczem i py\u0142em. Blat stolika stanowi jednocze\u015bnie pokryw\u0119 skrzyni ogrodowej.<\/p>\n<\/div>\n<\/div>\n<div style=\"clear: both; display: block; margin: 10px 0;\">\n<div style=\"clear: both; display: block; margin: 10px 0;\">\n<div  style=\"max-width:725px;max-height:800px\">\n<div style=\"clear: both; display: block; margin: 10px 0;\">\n<div style=\"clear: both; width: 100%; display: block; margin: 20px 0; padding: 0; float: none; position: static; text-align: center;\"><img decoding=\"async\"  src=\"https:\/\/a.allegroimg.com\/original\/110b0c\/a091b7fd48cabfe07f9bc9ee45cf\/Zestaw-mebli-ogrodowych-Keter-Salemo-17205990-grafit-jasny-szary-Linia-Salemo\" srcset=\"https:\/\/a.allegroimg.com\/original\/110b0c\/a091b7fd48cabfe07f9bc9ee45cf\/Zestaw-mebli-ogrodowych-Keter-Salemo-17205990-grafit-jasny-szary-Linia-Salemo 326w,https:\/\/a.allegroimg.com\/original\/110b0c\/a091b7fd48cabfe07f9bc9ee45cf\/Zestaw-mebli-ogrodowych-Keter-Salemo-17205990-grafit-jasny-szary-Linia-Salemo 652w,https:\/\/a.allegroimg.com\/original\/110b0c\/a091b7fd48cabfe07f9bc9ee45cf\/Zestaw-mebli-ogrodowych-Keter-Salemo-17205990-grafit-jasny-szary-Linia-Salemo 725w,https:\/\/a.allegroimg.com\/original\/110b0c\/a091b7fd48cabfe07f9bc9ee45cf\/Zestaw-mebli-ogrodowych-Keter-Salemo-17205990-grafit-jasny-szary-Linia-Salemo 725w\" sizes=\"(min-width: 1200px) 560px, (min-width: 992px) 50vw, 100vw\" width=\"725px\" alt=\"Zestaw mebli ogrodowych Keter Salemo 17205990 grafit, jasny szary Linia Salemo\" style=\"max-width: 100%; height: auto; display: block; margin: 0 auto;\"><\/div>\n<\/div>\n<\/div>\n<\/div>\n<\/div>\n<\/div>\n<div style=\"clear: both; display: block; margin: 10px 0;\">\n<div style=\"clear: both; display: block; margin: 10px 0;\">\n<div style=\"clear: both; display: block; margin: 10px 0;\">\n<div  style=\"max-width:1200px;max-height:798px\">\n<div style=\"clear: both; display: block; margin: 10px 0;\">\n<div style=\"clear: both; width: 100%; display: block; margin: 20px 0; padding: 0; float: none; position: static; text-align: center;\"><img decoding=\"async\"  src=\"https:\/\/a.allegroimg.com\/original\/117c6f\/11bdfcef48a7bb3207efc180ef27\/Zestaw-mebli-ogrodowych-Keter-Salemo-17205990-grafit-jasny-szary-Zawartosc-zestawu-fotel-lawka-niski-stolik\" srcset=\"https:\/\/a.allegroimg.com\/original\/117c6f\/11bdfcef48a7bb3207efc180ef27\/Zestaw-mebli-ogrodowych-Keter-Salemo-17205990-grafit-jasny-szary-Zawartosc-zestawu-fotel-lawka-niski-stolik 360w,https:\/\/a.allegroimg.com\/original\/117c6f\/11bdfcef48a7bb3207efc180ef27\/Zestaw-mebli-ogrodowych-Keter-Salemo-17205990-grafit-jasny-szary-Zawartosc-zestawu-fotel-lawka-niski-stolik 720w,https:\/\/a.allegroimg.com\/original\/117c6f\/11bdfcef48a7bb3207efc180ef27\/Zestaw-mebli-ogrodowych-Keter-Salemo-17205990-grafit-jasny-szary-Zawartosc-zestawu-fotel-lawka-niski-stolik 1024w,https:\/\/a.allegroimg.com\/original\/117c6f\/11bdfcef48a7bb3207efc180ef27\/Zestaw-mebli-ogrodowych-Keter-Salemo-17205990-grafit-jasny-szary-Zawartosc-zestawu-fotel-lawka-niski-stolik 1200w,https:\/\/a.allegroimg.com\/original\/117c6f\/11bdfcef48a7bb3207efc180ef27\/Zestaw-mebli-ogrodowych-Keter-Salemo-17205990-grafit-jasny-szary-Zawartosc-zestawu-fotel-lawka-niski-stolik 1200w\" sizes=\"(min-width: 1200px) 560px, (min-width: 992px) 50vw, 100vw\" width=\"1200px\" alt=\"Zestaw mebli ogrodowych Keter Salemo 17205990 grafit, jasny szary Zawarto\u015b\u0107 zestawu fotel \u0142awka niski stolik\" style=\"max-width: 100%; height: auto; display: block; margin: 0 auto;\"><\/div>\n<\/div>\n<\/div>\n<\/div>\n<\/div>\n<div style=\"clear: both; display: block; margin: 10px 0;\">\n<div style=\"clear: both; display: block; margin: 10px 0;\">\n<h2>Lekki i wytrzyma\u0142y materia\u0142<\/h2>\n<p style=\"margin: 15px 0; line-height: 1.8; clear: both; display: block; width: 100%; float: none; position: static;\">Dzi\u0119ki nowoczesnej budowie z tworzywa sztucznego&nbsp;<b>elementy zestawu s\u0105 stosunkowo lekkie <\/b>i&nbsp; z \u0142atwo\u015bci\u0105 mo\u017cna je przestawia\u0107 i przenosi\u0107.<\/p>\n<p style=\"margin: 15px 0; line-height: 1.8; clear: both; display: block; width: 100%; float: none; position: static;\"><b>\u0141atwo usun\u0105\u0107 ewentualne zabrudzenia<\/b>, a filtr UV sprawia, \u017ce meble na d\u0142ugo zachowaj\u0105 intensywny kolor i \u0142adny wygl\u0105d.<\/p>\n<\/div>\n<\/div>\n<\/div>\n<div style=\"clear: both; display: block; margin: 10px 0;\">\n<div style=\"clear: both; display: block; margin: 10px 0;\">\n<div style=\"clear: both; display: block; margin: 10px 0;\">\n<h2>Funkcjonalno\u015b\u0107 i ponadczasowy styl<\/h2>\n<p style=\"margin: 15px 0; line-height: 1.8; clear: both; display: block; width: 100%; float: none; position: static;\">Zestaw mebli ogrodowych SALEMO jest <b>praktyczny w u\u017cytkowaniu<\/b> i nie wymaga odnawiania. Wystarczy czy\u015bci\u0107 go mi\u0119kk\u0105 \u015bciereczk\u0105 z dodatkiem detergentu.<\/p>\n<p style=\"margin: 15px 0; line-height: 1.8; clear: both; display: block; width: 100%; float: none; position: static;\">To wyj\u0105tkowo stylowy komplet oraz niezwykle komfortowe miejsce do relaksu i wypoczynku na balkonie.<\/p>\n<\/div>\n<\/div>\n<div style=\"clear: both; display: block; margin: 10px 0;\">\n<div style=\"clear: both; display: block; margin: 10px 0;\">\n<div  style=\"max-width:1030px;max-height:650px\">\n<div style=\"clear: both; display: block; margin: 10px 0;\">\n<div style=\"clear: both; width: 100%; display: block; margin: 20px 0; padding: 0; float: none; position: static; text-align: center;\"><img decoding=\"async\"  src=\"https:\/\/a.allegroimg.com\/original\/1196f8\/181bc95a4d05b6f163e586dcb440\/Zestaw-mebli-ogrodowych-Keter-Salemo-17205990-grafit-jasny-szary-Liczba-osob-5\" srcset=\"https:\/\/a.allegroimg.com\/original\/1196f8\/181bc95a4d05b6f163e586dcb440\/Zestaw-mebli-ogrodowych-Keter-Salemo-17205990-grafit-jasny-szary-Liczba-osob-5 360w,https:\/\/a.allegroimg.com\/original\/1196f8\/181bc95a4d05b6f163e586dcb440\/Zestaw-mebli-ogrodowych-Keter-Salemo-17205990-grafit-jasny-szary-Liczba-osob-5 720w,https:\/\/a.allegroimg.com\/original\/1196f8\/181bc95a4d05b6f163e586dcb440\/Zestaw-mebli-ogrodowych-Keter-Salemo-17205990-grafit-jasny-szary-Liczba-osob-5 1024w,https:\/\/a.allegroimg.com\/original\/1196f8\/181bc95a4d05b6f163e586dcb440\/Zestaw-mebli-ogrodowych-Keter-Salemo-17205990-grafit-jasny-szary-Liczba-osob-5 1030w,https:\/\/a.allegroimg.com\/original\/1196f8\/181bc95a4d05b6f163e586dcb440\/Zestaw-mebli-ogrodowych-Keter-Salemo-17205990-grafit-jasny-szary-Liczba-osob-5 1030w\" sizes=\"(min-width: 1200px) 560px, (min-width: 992px) 50vw, 100vw\" width=\"1030px\" alt=\"Zestaw mebli ogrodowych Keter Salemo 17205990 grafit, jasny szary Liczba os\u00f3b 5\" style=\"max-width: 100%; height: auto; display: block; margin: 0 auto;\"><\/div>\n<\/div>\n<\/div>\n<\/div>\n<\/div>\n<\/div>\n<div style=\"clear: both; display: block; margin: 10px 0;\">\n<div style=\"clear: both; display: block; margin: 10px 0;\">\n<div style=\"clear: both; display: block; margin: 10px 0;\">\n<h1>DANE TECHNICZNE:<\/h1>\n<\/div>\n<\/div>\n<\/div>\n<div style=\"clear: both; display: block; margin: 10px 0;\">\n<div style=\"clear: both; display: block; margin: 10px 0;\">\n<div style=\"clear: both; display: block; margin: 10px 0;\">\n<div  style=\"max-width:450px;max-height:500px\">\n<div style=\"clear: both; display: block; margin: 10px 0;\">\n<div style=\"clear: both; width: 100%; display: block; margin: 20px 0; padding: 0; float: none; position: static; text-align: center;\"><img decoding=\"async\"  src=\"https:\/\/a.allegroimg.com\/original\/115aa1\/48b87ac841689170ce2718b34124\/Zestaw-mebli-ogrodowych-Keter-Salemo-17205990-grafit-jasny-szary-Przeznaczenie-komplet-kawowy\" srcset=\"https:\/\/a.allegroimg.com\/original\/115aa1\/48b87ac841689170ce2718b34124\/Zestaw-mebli-ogrodowych-Keter-Salemo-17205990-grafit-jasny-szary-Przeznaczenie-komplet-kawowy 324w,https:\/\/a.allegroimg.com\/original\/115aa1\/48b87ac841689170ce2718b34124\/Zestaw-mebli-ogrodowych-Keter-Salemo-17205990-grafit-jasny-szary-Przeznaczenie-komplet-kawowy 450w,https:\/\/a.allegroimg.com\/original\/115aa1\/48b87ac841689170ce2718b34124\/Zestaw-mebli-ogrodowych-Keter-Salemo-17205990-grafit-jasny-szary-Przeznaczenie-komplet-kawowy 450w\" sizes=\"(min-width: 1200px) 560px, (min-width: 992px) 50vw, 100vw\" width=\"450px\" alt=\"Zestaw mebli ogrodowych Keter Salemo 17205990 grafit, jasny szary Przeznaczenie komplet kawowy\" style=\"max-width: 100%; height: auto; display: block; margin: 0 auto;\"><\/div>\n<\/div>\n<\/div>\n<\/div>\n<\/div>\n<div style=\"clear: both; display: block; margin: 10px 0;\">\n<div style=\"clear: both; display: block; margin: 10px 0;\">\n<ul style=\"margin: 15px 0; padding-left: 20px; clear: both; display: block; width: 100%; float: none; position: static;\">\n<li style=\"margin: 5px 0; padding: 2px 0; clear: both; display: list-item; float: none; position: static;\"><b>Kolor:<\/b> grafitowy<\/li>\n<li style=\"margin: 5px 0; padding: 2px 0; clear: both; display: list-item; float: none; position: static;\"><b>Ilo\u015b\u0107 miejsc:<\/b> 5-osobowy<\/li>\n<li style=\"margin: 5px 0; padding: 2px 0; clear: both; display: list-item; float: none; position: static;\"><b>Wymiary stolika:<\/b> 76 x 56 x 42 cm<\/li>\n<li style=\"margin: 5px 0; padding: 2px 0; clear: both; display: list-item; float: none; position: static;\"><b>Wymiary sofy:<\/b> 187 x 67 x 76 cm<\/li>\n<li style=\"margin: 5px 0; padding: 2px 0; clear: both; display: list-item; float: none; position: static;\"><b>Waga zestawu:<\/b> ok. 52 kg<\/li>\n<\/ul>\n<\/div>\n<\/div>\n<\/div>\n<div style=\"clear: both; display: block; margin: 10px 0;\">\n<div style=\"clear: both; display: block; margin: 10px 0;\">\n<div style=\"clear: both; display: block; margin: 10px 0;\">\n<ul style=\"margin: 15px 0; padding-left: 20px; clear: both; display: block; width: 100%; float: none; position: static;\">\n<li style=\"margin: 5px 0; padding: 2px 0; clear: both; display: list-item; float: none; position: static;\"><b>Tworzywo:<\/b> polipropylen<\/li>\n<li style=\"margin: 5px 0; padding: 2px 0; clear: both; display: list-item; float: none; position: static;\"><b>Wz\u00f3r:<\/b> rattan<\/li>\n<li style=\"margin: 5px 0; padding: 2px 0; clear: both; display: list-item; float: none; position: static;\"><b>Maksymalne obci\u0105\u017cenie na osob\u0119:<\/b> 110 kg<\/li>\n<li style=\"margin: 5px 0; padding: 2px 0; clear: both; display: list-item; float: none; position: static;\"><b>Maksymalne obci\u0105\u017cenie sto\u0142u:<\/b> 50 kg<\/li>\n<li style=\"margin: 5px 0; padding: 2px 0; clear: both; display: list-item; float: none; position: static;\"><b>Materia\u0142 poduszek:<\/b> 100% poliester<\/li>\n<li style=\"margin: 5px 0; padding: 2px 0; clear: both; display: list-item; float: none; position: static;\"><b>Kolor poduszki:<\/b> br\u0105zowy<\/li>\n<li style=\"margin: 5px 0; padding: 2px 0; clear: both; display: list-item; float: none; position: static;\"><b>Grubo\u015b\u0107 poduszki:<\/b> ok. 5 cm<\/li>\n<li style=\"margin: 5px 0; padding: 2px 0; clear: both; display: list-item; float: none; position: static;\"><b>Monta\u017c:<\/b> meble do samodzielnego monta\u017cu<\/li>\n<\/ul>\n<\/div>\n<\/div>\n<div style=\"clear: both; display: block; margin: 10px 0;\">\n<div style=\"clear: both; display: block; margin: 10px 0;\">\n<div  style=\"max-width:450px;max-height:500px\">\n<div style=\"clear: both; display: block; margin: 10px 0;\">\n<div style=\"clear: both; width: 100%; display: block; margin: 20px 0; padding: 0; float: none; position: static; text-align: center;\"><img decoding=\"async\"  src=\"https:\/\/a.allegroimg.com\/original\/113383\/bcab032649f09dfda53ae6c65dd7\/Zestaw-mebli-ogrodowych-Keter-Salemo-17205990-grafit-jasny-szary-Waga-produktu-z-opakowaniem-jednostkowym-49-2-kg\" srcset=\"https:\/\/a.allegroimg.com\/original\/113383\/bcab032649f09dfda53ae6c65dd7\/Zestaw-mebli-ogrodowych-Keter-Salemo-17205990-grafit-jasny-szary-Waga-produktu-z-opakowaniem-jednostkowym-49-2-kg 324w,https:\/\/a.allegroimg.com\/original\/113383\/bcab032649f09dfda53ae6c65dd7\/Zestaw-mebli-ogrodowych-Keter-Salemo-17205990-grafit-jasny-szary-Waga-produktu-z-opakowaniem-jednostkowym-49-2-kg 450w,https:\/\/a.allegroimg.com\/original\/113383\/bcab032649f09dfda53ae6c65dd7\/Zestaw-mebli-ogrodowych-Keter-Salemo-17205990-grafit-jasny-szary-Waga-produktu-z-opakowaniem-jednostkowym-49-2-kg 450w\" sizes=\"(min-width: 1200px) 560px, (min-width: 992px) 50vw, 100vw\" width=\"450px\" alt=\"Zestaw mebli ogrodowych Keter Salemo 17205990 grafit, jasny szary Waga produktu z opakowaniem jednostkowym 49.2 kg\" style=\"max-width: 100%; height: auto; display: block; margin: 0 auto;\"><\/div>\n<\/div>\n<\/div>\n<\/div>\n<\/div>\n<\/div>\n<div style=\"clear: both; display: block; margin: 10px 0;\">\n<div style=\"clear: both; display: block; margin: 10px 0;\">\n<div style=\"clear: both; display: block; margin: 10px 0;\">\n<div  style=\"max-width:1498px;max-height:1000px\">\n<div style=\"clear: both; display: block; margin: 10px 0;\">\n<div style=\"clear: both; width: 100%; display: block; margin: 20px 0; padding: 0; float: none; position: static; text-align: center;\"><img decoding=\"async\"  src=\"https:\/\/a.allegroimg.com\/original\/11cecb\/3e8c487149de931e1998c610a81f\/Zestaw-mebli-ogrodowych-Keter-Salemo-17205990-grafit-jasny-szary-Kolor-szary\" srcset=\"https:\/\/a.allegroimg.com\/original\/11cecb\/3e8c487149de931e1998c610a81f\/Zestaw-mebli-ogrodowych-Keter-Salemo-17205990-grafit-jasny-szary-Kolor-szary 360w,https:\/\/a.allegroimg.com\/original\/11cecb\/3e8c487149de931e1998c610a81f\/Zestaw-mebli-ogrodowych-Keter-Salemo-17205990-grafit-jasny-szary-Kolor-szary 720w,https:\/\/a.allegroimg.com\/original\/11cecb\/3e8c487149de931e1998c610a81f\/Zestaw-mebli-ogrodowych-Keter-Salemo-17205990-grafit-jasny-szary-Kolor-szary 1024w,https:\/\/a.allegroimg.com\/original\/11cecb\/3e8c487149de931e1998c610a81f\/Zestaw-mebli-ogrodowych-Keter-Salemo-17205990-grafit-jasny-szary-Kolor-szary 1440w,https:\/\/a.allegroimg.com\/original\/11cecb\/3e8c487149de931e1998c610a81f\/Zestaw-mebli-ogrodowych-Keter-Salemo-17205990-grafit-jasny-szary-Kolor-szary 1498w\" sizes=\"100vw\" width=\"1498px\" alt=\"Zestaw mebli ogrodowych Keter Salemo 17205990 grafit, jasny szary Kolor szary\" style=\"max-width: 100%; height: auto; display: block; margin: 0 auto;\"><\/div>\n<\/div>\n<\/div>\n<\/div>\n<\/div>\n<\/div>\n<div style=\"clear: both; display: block; margin: 10px 0;\">\n<div style=\"clear: both; display: block; margin: 10px 0;\">\n<div style=\"clear: both; display: block; margin: 10px 0;\">\n<div  style=\"max-width:1840px;max-height:1228px\">\n<div style=\"clear: both; display: block; margin: 10px 0;\">\n<div style=\"clear: both; width: 100%; display: block; margin: 20px 0; padding: 0; float: none; position: static; text-align: center;\"><img decoding=\"async\"  src=\"https:\/\/a.allegroimg.com\/original\/117971\/2a47ff0f4d0ebc90e06cc176e456\/Zestaw-mebli-ogrodowych-Keter-Salemo-17205990-grafit-jasny-szary-Kod-producenta-002018\" srcset=\"https:\/\/a.allegroimg.com\/original\/117971\/2a47ff0f4d0ebc90e06cc176e456\/Zestaw-mebli-ogrodowych-Keter-Salemo-17205990-grafit-jasny-szary-Kod-producenta-002018 360w,https:\/\/a.allegroimg.com\/original\/117971\/2a47ff0f4d0ebc90e06cc176e456\/Zestaw-mebli-ogrodowych-Keter-Salemo-17205990-grafit-jasny-szary-Kod-producenta-002018 720w,https:\/\/a.allegroimg.com\/original\/117971\/2a47ff0f4d0ebc90e06cc176e456\/Zestaw-mebli-ogrodowych-Keter-Salemo-17205990-grafit-jasny-szary-Kod-producenta-002018 1024w,https:\/\/a.allegroimg.com\/original\/117971\/2a47ff0f4d0ebc90e06cc176e456\/Zestaw-mebli-ogrodowych-Keter-Salemo-17205990-grafit-jasny-szary-Kod-producenta-002018 1440w,https:\/\/a.allegroimg.com\/original\/117971\/2a47ff0f4d0ebc90e06cc176e456\/Zestaw-mebli-ogrodowych-Keter-Salemo-17205990-grafit-jasny-szary-Kod-producenta-002018 1840w\" sizes=\"100vw\" width=\"1840px\" alt=\"Zestaw mebli ogrodowych Keter Salemo 17205990 grafit, jasny szary Kod producenta 002018\" style=\"max-width: 100%; height: auto; display: block; margin: 0 auto;\"><\/div>\n<\/div>\n<\/div>\n<\/div>\n<\/div>\n<\/div>\n<\/div>\n<\/div>\n<\/div>\n<div style=\"clear: both; display: block; margin: 10px 0;\">\n","protected":false},"excerpt":{"rendered":"<p>Zestaw mebli ogrodowych Keter Salemo 4 el. 5 os. antracyt<\/p>\n<p>Uroczy zestaw mebli ogrodowych z tworzywa sztucznego z efektem &quot;rattan style&quot; dla pi\u0119ciu os\u00f3b. Idealnie pasuje na taras, du\u017cy balkon lub patio.<\/p>\n<p>Elementy dekoracyjne nie s\u0105 cz\u0119\u015bci\u0105 zestawu!<\/p>\n<p>Konstrukcja z wodoodpornego tworzywa<\/p>\n<p>Meble tarasowe SALEMO wykonane s\u0105 w ca\u0142o\u015bci z wysokiej jako\u015bci polipropylenu. Jest to tworzywo sztuczne o du\u017cej odporno\u015bci na wod\u0119, promieniowanie UV i niekorzystne oddzia\u0142ywanie warunk\u00f3w atmosferycznych.<\/p>\n","protected":false},"featured_media":16241,"template":"","meta":{"_uag_custom_page_level_css":""},"product_brand":[975],"product_cat":[532,542,541],"product_tag":[],"class_list":{"0":"post-16240","1":"product","2":"type-product","3":"status-publish","4":"has-post-thumbnail","6":"product_brand-keter","7":"product_cat-komplety-mebli","8":"product_cat-meble-ogrodowe","9":"product_cat-ogrod","10":"product_shipping_class-transport-na-paletach","12":"first","13":"instock","14":"sale","15":"shipping-taxable","16":"purchasable","17":"product-type-simple"},"uagb_featured_image_src":{"full":["https:\/\/ogrodowyswiat24.shop\/grill\/wp-content\/uploads\/2026\/04\/allegro-image-16240.jpg",1550,535,false],"thumbnail":["https:\/\/ogrodowyswiat24.shop\/grill\/wp-content\/uploads\/2026\/04\/allegro-image-16240-150x150.jpg",150,150,true],"medium":["https:\/\/ogrodowyswiat24.shop\/grill\/wp-content\/uploads\/2026\/04\/allegro-image-16240-300x104.jpg",300,104,true],"medium_large":["https:\/\/ogrodowyswiat24.shop\/grill\/wp-content\/uploads\/2026\/04\/allegro-image-16240-768x265.jpg",768,265,true],"large":["https:\/\/ogrodowyswiat24.shop\/grill\/wp-content\/uploads\/2026\/04\/allegro-image-16240-1024x353.jpg",1024,353,true],"1536x1536":["https:\/\/ogrodowyswiat24.shop\/grill\/wp-content\/uploads\/2026\/04\/allegro-image-16240-1536x530.jpg",1536,530,true],"2048x2048":["https:\/\/ogrodowyswiat24.shop\/grill\/wp-content\/uploads\/2026\/04\/allegro-image-16240.jpg",1550,535,false],"woocommerce_thumbnail":["https:\/\/ogrodowyswiat24.shop\/grill\/wp-content\/uploads\/2026\/04\/allegro-image-16240-300x300.jpg",300,300,true],"woocommerce_single":["https:\/\/ogrodowyswiat24.shop\/grill\/wp-content\/uploads\/2026\/04\/allegro-image-16240-600x207.jpg",600,207,true],"woocommerce_gallery_thumbnail":["https:\/\/ogrodowyswiat24.shop\/grill\/wp-content\/uploads\/2026\/04\/allegro-image-16240-100x100.jpg",100,100,true]},"uagb_author_info":{"display_name":"admin","author_link":"https:\/\/ogrodowyswiat24.shop\/grill\/author\/"},"uagb_comment_info":0,"uagb_excerpt":"Zestaw mebli ogrodowych Keter Salemo 4 el. 5 os. antracyt Uroczy zestaw mebli ogrodowych z tworzywa sztucznego z efektem &quot;rattan style&quot; dla pi\u0119ciu os\u00f3b. Idealnie pasuje na taras, du\u017cy balkon lub patio. Elementy dekoracyjne nie s\u0105 cz\u0119\u015bci\u0105 zestawu! Konstrukcja z wodoodpornego tworzywa Meble tarasowe SALEMO wykonane s\u0105 w ca\u0142o\u015bci z wysokiej jako\u015bci polipropylenu. Jest to&hellip;","_links":{"self":[{"href":"https:\/\/ogrodowyswiat24.shop\/grill\/wp-json\/wp\/v2\/product\/16240","targetHints":{"allow":["GET"]}}],"collection":[{"href":"https:\/\/ogrodowyswiat24.shop\/grill\/wp-json\/wp\/v2\/product"}],"about":[{"href":"https:\/\/ogrodowyswiat24.shop\/grill\/wp-json\/wp\/v2\/types\/product"}],"wp:featuredmedia":[{"embeddable":true,"href":"https:\/\/ogrodowyswiat24.shop\/grill\/wp-json\/wp\/v2\/media\/16241"}],"wp:attachment":[{"href":"https:\/\/ogrodowyswiat24.shop\/grill\/wp-json\/wp\/v2\/media?parent=16240"}],"wp:term":[{"taxonomy":"product_brand","embeddable":true,"href":"https:\/\/ogrodowyswiat24.shop\/grill\/wp-json\/wp\/v2\/product_brand?post=16240"},{"taxonomy":"product_cat","embeddable":true,"href":"https:\/\/ogrodowyswiat24.shop\/grill\/wp-json\/wp\/v2\/product_cat?post=16240"},{"taxonomy":"product_tag","embeddable":true,"href":"https:\/\/ogrodowyswiat24.shop\/grill\/wp-json\/wp\/v2\/product_tag?post=16240"}],"curies":[{"name":"wp","href":"https:\/\/api.w.org\/{rel}","templated":true}]}}